
{"id":2863,"date":"2022-12-05T17:34:39","date_gmt":"2022-12-05T16:34:39","guid":{"rendered":"https:\/\/www.wakonda.eu\/?page_id=2863"},"modified":"2023-11-07T11:27:55","modified_gmt":"2023-11-07T10:27:55","slug":"approach-es","status":"publish","type":"page","link":"https:\/\/www.wakonda.eu\/es\/approach-es\/","title":{"rendered":"Approach"},"content":{"rendered":"<div class=\"wpb-content-wrapper\"><p>[vc_row full_width=&#8221;stretch_row&#8221; css=&#8221;.vc_custom_1689067533093{background-image: url(https:\/\/www.wakonda.eu\/wp-content\/uploads\/sites\/39\/2023\/07\/Wakonda_img_MISSION_Approach.jpg?id=1986) !important;background-position: center !important;background-repeat: no-repeat !important;background-size: cover !important;}&#8221; el_id=&#8221;riga_intestazione&#8221;][vc_column width=&#8221;1\/2&#8243;][vc_column_text]mission<\/p>\n<h2>APPROACH<\/h2>\n<p>[\/vc_column_text][\/vc_column][vc_column width=&#8221;1\/2&#8243;][\/vc_column][\/vc_row][vc_row full_width=&#8221;stretch_row_content_no_spaces&#8221; equal_height=&#8221;yes&#8221; el_id=&#8221;riga_benefici&#8221;][vc_column width=&#8221;1\/6&#8243; el_class=&#8221;colonna_blu&#8221;][\/vc_column][vc_column width=&#8221;2\/6&#8243; el_class=&#8221;colonna_arancio&#8221;][vc_column_text]Nuestro objetivo es construir un mundo m\u00e1s justo, en el que los problemas de suministro de alimentos y energ\u00eda est\u00e9n resueltos, con procesos productivos que respeten plenamente el medio ambiente.[\/vc_column_text][\/vc_column][vc_column width=&#8221;3\/6&#8243; el_class=&#8221;colonna_verde&#8221;][\/vc_column][\/vc_row][vc_row el_id=&#8221;slide_row&#8221; el_class=&#8221;hide&#8221;][vc_column css=&#8221;.vc_custom_1688379536533{margin-top: 50px !important;}&#8221;]<div id=\"ult-carousel-20727566926a0469407c2c9\" class=\"ult-carousel-wrapper   ult_horizontal\" data-gutter=\"50\" data-rtl=\"false\" ><div class=\"ult-carousel-19141827286a0469407c211 \" >[vc_row_inner el_class=&#8221;slide_one&#8221; css=&#8221;.vc_custom_1688380654554{background-image: url(https:\/\/www.wakonda.eu\/wp-content\/uploads\/sites\/39\/2022\/12\/Nuovo-progetto-2022-12-12T093244.289.png?id=363) !important;background-position: center !important;background-repeat: no-repeat !important;background-size: cover !important;border-radius: 20px !important;}&#8221;][vc_column_inner width=&#8221;1\/2&#8243;][\/vc_column_inner][vc_column_inner width=&#8221;1\/2&#8243;][vc_column_text]<\/p>\n<h2>Alimentos para animales<\/h2>\n<p>Wakonda ha desarrollado una gama de piensos a partir de Opuntia Ficus Indica (OFI). Los piensos est\u00e1n enriquecidos con prote\u00ednas de levadura obtenidas mediante fermentaci\u00f3n de levaduras y pueden obtenerse con un bajo impacto medioambiental en t\u00e9rminos de emisiones de CO2 y baja huella h\u00eddrica.[\/vc_column_text][\/vc_column_inner][\/vc_row_inner][vc_row_inner el_class=&#8221;slide_one&#8221; css=&#8221;.vc_custom_1688380358987{background-image: url(https:\/\/www.wakonda.eu\/wp-content\/uploads\/sites\/39\/2023\/07\/Wakonda_Alimentazione.jpg?id=1693) !important;background-position: center !important;background-repeat: no-repeat !important;background-size: cover !important;border-radius: 20px !important;}&#8221;][vc_column_inner width=&#8221;1\/2&#8243;][\/vc_column_inner][vc_column_inner width=&#8221;1\/2&#8243;][vc_column_text]<\/p>\n<h2>Alimentos<\/h2>\n<p>Opuntia Ficus Indica (OFI) es una planta que siempre se ha consumido en la dieta. Los beneficios de consumir OFI son muchos: por su contenido en fibra, minerales y vitaminas es una herramienta \u00fatil para una dieta equilibrada.[\/vc_column_text][\/vc_column_inner][\/vc_row_inner][vc_row_inner el_class=&#8221;slide_one&#8221; css=&#8221;.vc_custom_1688380375923{background-image: url(https:\/\/www.wakonda.eu\/wp-content\/uploads\/sites\/39\/2023\/07\/Wakonda_Energia.jpg?id=1692) !important;background-position: center !important;background-repeat: no-repeat !important;background-size: cover !important;border-radius: 20px !important;}&#8221;][vc_column_inner width=&#8221;1\/2&#8243;][\/vc_column_inner][vc_column_inner width=&#8221;1\/2&#8243;][vc_column_text]<\/p>\n<h2>Energia<\/h2>\n<p>Opuntia Ficus Indica (OFI) es una planta energ\u00e9tica. Se puede utilizar para recuperar tierras de baja fertilidad, ya que se puede utilizar dondequiera que haya temperaturas de -5\u00b0 a +50\u00b0C y precipitaciones de hasta 1000 mm por a\u00f1o.[\/vc_column_text][\/vc_column_inner][\/vc_row_inner]<\/div><\/div>\t\t\t<script type=\"text\/javascript\">\n\t\t\t\tjQuery(document).ready(function ($) {\n\t\t\t\t\tif( typeof jQuery('.ult-carousel-19141827286a0469407c211').slick == \"function\"){\n\t\t\t\t\t\t$('.ult-carousel-19141827286a0469407c211').slick({dots: true,autoplaySpeed: \"5000\",speed: \"300\",infinite: true,arrows: false,slidesToScroll:1,slidesToShow:1,swipe: true,draggable: true,touchMove: true,pauseOnHover: true,pauseOnFocus: false,centerMode: true,responsive: [\n\t\t\t\t\t\t\t{\n\t\t\t\t\t\t\t  breakpoint: 1026,\n\t\t\t\t\t\t\t  settings: {\n\t\t\t\t\t\t\t\tslidesToShow: 1,\n\t\t\t\t\t\t\t\tslidesToScroll: 1,  \n\t\t\t\t\t\t\t  }\n\t\t\t\t\t\t\t},\n\t\t\t\t\t\t\t{\n\t\t\t\t\t\t\t  breakpoint: 1025,\n\t\t\t\t\t\t\t  settings: {\n\t\t\t\t\t\t\t\tslidesToShow: 1,\n\t\t\t\t\t\t\t\tslidesToScroll: 1\n\t\t\t\t\t\t\t  }\n\t\t\t\t\t\t\t},\n\t\t\t\t\t\t\t{\n\t\t\t\t\t\t\t  breakpoint: 760,\n\t\t\t\t\t\t\t  settings: {\n\t\t\t\t\t\t\t\tslidesToShow: 1,\n\t\t\t\t\t\t\t\tslidesToScroll: 1\n\t\t\t\t\t\t\t  }\n\t\t\t\t\t\t\t}\n\t\t\t\t\t\t],pauseOnDotsHover: true,customPaging: function(slider, i) {\n                   return '<i type=\"button\" style= \"color:#333333;\" class=\"ultsl-record\" data-role=\"none\"><\/i>';\n                },});\n\t\t\t\t\t}\n\t\t\t\t});\n\t\t\t<\/script>\n\t\t\t[\/vc_column][\/vc_row][vc_row el_class=&#8221;new_slider&#8221;][vc_column]<div id=\"ult-carousel-31087187346a0469407c389\" class=\"ult-carousel-wrapper   ult_horizontal\" data-gutter=\"15\" data-rtl=\"false\" ><div class=\"ult-carousel-21149633136a0469407c363 \" >[vc_row_inner css=&#8221;.vc_custom_1688484736702{background-image: url(https:\/\/www.wakonda.eu\/wp-content\/uploads\/sites\/39\/2022\/12\/Nuovo-progetto-2022-12-12T093244.289.png?id=363) !important;background-position: center !important;background-repeat: no-repeat !important;background-size: cover !important;border-radius: 20px !important;}&#8221; el_class=&#8221;new_slider_row&#8221;][vc_column_inner][vc_single_image image=&#8221;363&#8243; img_size=&#8221;full&#8221;][vc_column_text]<\/p>\n<h2>Alimentos para animales<\/h2>\n<p>Wakonda ha desarrollado una gama de piensos a partir de Opuntia ficus indica (OFI). Los piensos est\u00e1n enriquecidos con prote\u00ednas de levadura obtenidas fermentando OFI con levaduras y pueden producirse con un bajo impacto medioambiental en t\u00e9rminos de emisiones de CO2 y baja huella h\u00eddrica.[\/vc_column_text][\/vc_column_inner][\/vc_row_inner][vc_row_inner css=&#8221;.vc_custom_1688486813350{background-image: url(https:\/\/www.wakonda.eu\/wp-content\/uploads\/sites\/39\/2023\/07\/Wakonda_Alimentazione.jpg?id=1693) !important;background-position: center !important;background-repeat: no-repeat !important;background-size: cover !important;border-radius: 20px !important;}&#8221; el_class=&#8221;new_slider_row&#8221;][vc_column_inner][vc_single_image image=&#8221;1693&#8243; img_size=&#8221;full&#8221;][vc_column_text]<\/p>\n<h2>Alimento<\/h2>\n<p>Opuntia ficus indica (OFI) es una planta que siempre se ha consumido en la dieta. Los beneficios de consumir OFI son muchos: por su contenido en fibra, minerales y vitaminas es una herramienta \u00fatil para una dieta equilibrada.[\/vc_column_text][\/vc_column_inner][\/vc_row_inner][vc_row_inner css=&#8221;.vc_custom_1688486843955{background-image: url(https:\/\/www.wakonda.eu\/wp-content\/uploads\/sites\/39\/2023\/07\/Wakonda_Energia.jpg?id=1692) !important;background-position: center !important;background-repeat: no-repeat !important;background-size: cover !important;border-radius: 20px !important;}&#8221; el_class=&#8221;new_slider_row&#8221;][vc_column_inner][vc_single_image image=&#8221;1692&#8243; img_size=&#8221;full&#8221;][vc_column_text]<\/p>\n<h2>Energia<\/h2>\n<p>Opuntia ficus indica (OFI) es una planta con vocaci\u00f3n agroenerg\u00e9tica. Se puede utilizar para recuperar tierras de baja fertilidad, ya que se puede utilizar dondequiera que haya temperaturas entre -5\u00b0C y +50\u00b0C y precipitaciones de hasta 1000 mm de lluvia al a\u00f1o.[\/vc_column_text][\/vc_column_inner][\/vc_row_inner]<\/div><\/div>\t\t\t<script type=\"text\/javascript\">\n\t\t\t\tjQuery(document).ready(function ($) {\n\t\t\t\t\tif( typeof jQuery('.ult-carousel-21149633136a0469407c363').slick == \"function\"){\n\t\t\t\t\t\t$('.ult-carousel-21149633136a0469407c363').slick({dots: true,autoplaySpeed: \"5000\",speed: \"300\",infinite: true,arrows: true,nextArrow: '<button type=\"button\" role=\"button\" aria-label=\"Next\" style=\"color:#333333; font-size:20px;\" class=\"slick-next default\"><i class=\"ultsl-arrow-right4\"><\/i><\/button>',prevArrow: '<button type=\"button\" role=\"button\" aria-label=\"Previous\" style=\"color:#333333; font-size:20px;\" class=\"slick-prev default\"><i class=\"ultsl-arrow-left4\"><\/i><\/button>',slidesToScroll:1,slidesToShow:1,swipe: true,draggable: true,touchMove: true,pauseOnHover: true,pauseOnFocus: false,responsive: [\n\t\t\t\t\t\t\t{\n\t\t\t\t\t\t\t  breakpoint: 1026,\n\t\t\t\t\t\t\t  settings: {\n\t\t\t\t\t\t\t\tslidesToShow: 1,\n\t\t\t\t\t\t\t\tslidesToScroll: 1,  \n\t\t\t\t\t\t\t  }\n\t\t\t\t\t\t\t},\n\t\t\t\t\t\t\t{\n\t\t\t\t\t\t\t  breakpoint: 1025,\n\t\t\t\t\t\t\t  settings: {\n\t\t\t\t\t\t\t\tslidesToShow: 1,\n\t\t\t\t\t\t\t\tslidesToScroll: 1\n\t\t\t\t\t\t\t  }\n\t\t\t\t\t\t\t},\n\t\t\t\t\t\t\t{\n\t\t\t\t\t\t\t  breakpoint: 760,\n\t\t\t\t\t\t\t  settings: {\n\t\t\t\t\t\t\t\tslidesToShow: 1,\n\t\t\t\t\t\t\t\tslidesToScroll: 1\n\t\t\t\t\t\t\t  }\n\t\t\t\t\t\t\t}\n\t\t\t\t\t\t],pauseOnDotsHover: true,customPaging: function(slider, i) {\n                   return '<i type=\"button\" style= \"color:#333333;\" class=\"ultsl-record\" data-role=\"none\"><\/i>';\n                },});\n\t\t\t\t\t}\n\t\t\t\t});\n\t\t\t<\/script>\n\t\t\t[\/vc_column][\/vc_row]<\/p>\n<\/div>","protected":false},"excerpt":{"rendered":"[vc_row full_width=&#8221;stretch_row&#8221; css=&#8221;.vc_custom_1689067533093{background-image: url(https:\/\/www.wakonda.eu\/wp-content\/uploads\/sites\/39\/2023\/07\/Wakonda_img_MISSION_Approach.jpg?id=1986) !important;background-position: center !important;background-repeat: no-repeat !important;background-size: cover !important;}&#8221; el_id=&#8221;riga_intestazione&#8221;][vc_column width=&#8221;1\/2&#8243;][vc_column_text]mission APPROACH [\/vc_column_text][\/vc_column][vc_column width=&#8221;1\/2&#8243;][\/vc_column][\/vc_row][vc_row full_width=&#8221;stretch_row_content_no_spaces&#8221; equal_height=&#8221;yes&#8221; el_id=&#8221;riga_benefici&#8221;][vc_column width=&#8221;1\/6&#8243; el_class=&#8221;colonna_blu&#8221;][\/vc_column][vc_column width=&#8221;2\/6&#8243; el_class=&#8221;colonna_arancio&#8221;][vc_column_text]Nuestro objetivo es construir un mundo m\u00e1s justo, en el que los problemas de suministro de alimentos y energ\u00eda est\u00e9n resueltos, con procesos productivos que respeten plenamente el medio ambiente.[\/vc_column_text][\/vc_column][vc_column width=&#8221;3\/6&#8243; el_class=&#8221;colonna_verde&#8221;][\/vc_column][\/vc_row][vc_row el_id=&#8221;slide_row&#8221; el_class=&#8221;hide&#8221;][vc_column css=&#8221;.vc_custom_1688379536533{margin-top: 50px !important;}&#8221;][\/vc_column][\/vc_row][vc_row el_class=&#8221;new_slider&#8221;][vc_column][\/vc_column][\/vc_row]","protected":false},"author":9,"featured_media":0,"parent":0,"menu_order":0,"comment_status":"closed","ping_status":"closed","template":"","meta":{"_acf_changed":false,"inline_featured_image":false,"site-sidebar-layout":"no-sidebar","site-content-layout":"plain-container","ast-site-content-layout":"normal-width-container","site-content-style":"unboxed","site-sidebar-style":"unboxed","ast-global-header-display":"","ast-banner-title-visibility":"","ast-main-header-display":"","ast-hfb-above-header-display":"","ast-hfb-below-header-display":"","ast-hfb-mobile-header-display":"","site-post-title":"disabled","ast-breadcrumbs-content":"","ast-featured-img":"disabled","footer-sml-layout":"","ast-disable-related-posts":"","theme-transparent-header-meta":"default","adv-header-id-meta":"","stick-header-meta":"default","header-above-stick-meta":"","header-main-stick-meta":"","header-below-stick-meta":"","astra-migrate-meta-layouts":"set","ast-page-background-enabled":"default","ast-page-background-meta":{"desktop":{"background-color":"var(--ast-global-color-4)","background-image":"","background-repeat":"repeat","background-position":"center center","background-size":"auto","background-attachment":"scroll","background-type":"","background-media":"","overlay-type":"","overlay-color":"","overlay-opacity":"","overlay-gradient":""},"tablet":{"background-color":"","background-image":"","background-repeat":"repeat","background-position":"center center","background-size":"auto","background-attachment":"scroll","background-type":"","background-media":"","overlay-type":"","overlay-color":"","overlay-opacity":"","overlay-gradient":""},"mobile":{"background-color":"","background-image":"","background-repeat":"repeat","background-position":"center center","background-size":"auto","background-attachment":"scroll","background-type":"","background-media":"","overlay-type":"","overlay-color":"","overlay-opacity":"","overlay-gradient":""}},"ast-content-background-meta":{"desktop":{"background-color":"var(--ast-global-color-5)","background-image":"","background-repeat":"repeat","background-position":"center center","background-size":"auto","background-attachment":"scroll","background-type":"","background-media":"","overlay-type":"","overlay-color":"","overlay-opacity":"","overlay-gradient":""},"tablet":{"background-color":"var(--ast-global-color-5)","background-image":"","background-repeat":"repeat","background-position":"center center","background-size":"auto","background-attachment":"scroll","background-type":"","background-media":"","overlay-type":"","overlay-color":"","overlay-opacity":"","overlay-gradient":""},"mobile":{"background-color":"var(--ast-global-color-5)","background-image":"","background-repeat":"repeat","background-position":"center center","background-size":"auto","background-attachment":"scroll","background-type":"","background-media":"","overlay-type":"","overlay-color":"","overlay-opacity":"","overlay-gradient":""}},"footnotes":""},"class_list":["post-2863","page","type-page","status-publish","hentry"],"acf":[],"yoast_head":"<!-- This site is optimized with the Yoast SEO plugin v27.6 - https:\/\/yoast.com\/product\/yoast-seo-wordpress\/ -->\n<title>Approach - Wakonda<\/title>\n<meta name=\"robots\" content=\"index, follow, max-snippet:-1, max-image-preview:large, max-video-preview:-1\" \/>\n<link rel=\"canonical\" href=\"https:\/\/www.wakonda.eu\/es\/approach-es\/\" \/>\n<meta property=\"og:locale\" content=\"es_ES\" \/>\n<meta property=\"og:type\" content=\"article\" \/>\n<meta property=\"og:title\" content=\"Approach - Wakonda\" \/>\n<meta property=\"og:description\" content=\"[vc_row full_width=&#8221;stretch_row&#8221; css=&#8221;.vc_custom_1689067533093{background-image: url(https:\/\/www.wakonda.eu\/wp-content\/uploads\/sites\/39\/2023\/07\/Wakonda_img_MISSION_Approach.jpg?id=1986) !important;background-position: center !important;background-repeat: no-repeat !important;background-size: cover !important;}&#8221; el_id=&#8221;riga_intestazione&#8221;][vc_column width=&#8221;1\/2&#8243;][vc_column_text]mission APPROACH [\/vc_column_text][\/vc_column][vc_column width=&#8221;1\/2&#8243;][\/vc_column][\/vc_row][vc_row full_width=&#8221;stretch_row_content_no_spaces&#8221; equal_height=&#8221;yes&#8221; el_id=&#8221;riga_benefici&#8221;][vc_column width=&#8221;1\/6&#8243; el_class=&#8221;colonna_blu&#8221;][\/vc_column][vc_column width=&#8221;2\/6&#8243; el_class=&#8221;colonna_arancio&#8221;][vc_column_text]Nuestro objetivo es construir un mundo m\u00e1s justo, en el que los problemas de suministro de alimentos y energ\u00eda est\u00e9n resueltos, con procesos productivos que respeten plenamente el medio ambiente.[\/vc_column_text][\/vc_column][vc_column width=&#8221;3\/6&#8243; el_class=&#8221;colonna_verde&#8221;][\/vc_column][\/vc_row][vc_row el_id=&#8221;slide_row&#8221; el_class=&#8221;hide&#8221;][vc_column css=&#8221;.vc_custom_1688379536533{margin-top: 50px !important;}&#8221;][\/vc_column][\/vc_row][vc_row el_class=&#8221;new_slider&#8221;][vc_column][\/vc_column][\/vc_row]\" \/>\n<meta property=\"og:url\" content=\"https:\/\/www.wakonda.eu\/es\/approach-es\/\" \/>\n<meta property=\"og:site_name\" content=\"Wakonda\" \/>\n<meta property=\"article:modified_time\" content=\"2023-11-07T10:27:55+00:00\" \/>\n<meta name=\"twitter:card\" content=\"summary_large_image\" \/>\n<meta name=\"twitter:label1\" content=\"Est. reading time\" \/>\n\t<meta name=\"twitter:data1\" content=\"3 minutes\" \/>\n<script type=\"application\/ld+json\" class=\"yoast-schema-graph\">{\"@context\":\"https:\\\/\\\/schema.org\",\"@graph\":[{\"@type\":\"WebPage\",\"@id\":\"https:\\\/\\\/www.wakonda.eu\\\/es\\\/approach-es\\\/\",\"url\":\"https:\\\/\\\/www.wakonda.eu\\\/es\\\/approach-es\\\/\",\"name\":\"Approach - Wakonda\",\"isPartOf\":{\"@id\":\"https:\\\/\\\/www.wakonda.eu\\\/#website\"},\"datePublished\":\"2022-12-05T16:34:39+00:00\",\"dateModified\":\"2023-11-07T10:27:55+00:00\",\"breadcrumb\":{\"@id\":\"https:\\\/\\\/www.wakonda.eu\\\/es\\\/approach-es\\\/#breadcrumb\"},\"inLanguage\":\"es-ES\",\"potentialAction\":[{\"@type\":\"ReadAction\",\"target\":[\"https:\\\/\\\/www.wakonda.eu\\\/es\\\/approach-es\\\/\"]}]},{\"@type\":\"BreadcrumbList\",\"@id\":\"https:\\\/\\\/www.wakonda.eu\\\/es\\\/approach-es\\\/#breadcrumb\",\"itemListElement\":[{\"@type\":\"ListItem\",\"position\":1,\"name\":\"Home\",\"item\":\"https:\\\/\\\/www.wakonda.eu\\\/es\\\/\"},{\"@type\":\"ListItem\",\"position\":2,\"name\":\"Approach\"}]},{\"@type\":\"WebSite\",\"@id\":\"https:\\\/\\\/www.wakonda.eu\\\/#website\",\"url\":\"https:\\\/\\\/www.wakonda.eu\\\/\",\"name\":\"Wakonda\",\"description\":\"\",\"publisher\":{\"@id\":\"https:\\\/\\\/www.wakonda.eu\\\/#organization\"},\"potentialAction\":[{\"@type\":\"SearchAction\",\"target\":{\"@type\":\"EntryPoint\",\"urlTemplate\":\"https:\\\/\\\/www.wakonda.eu\\\/?s={search_term_string}\"},\"query-input\":{\"@type\":\"PropertyValueSpecification\",\"valueRequired\":true,\"valueName\":\"search_term_string\"}}],\"inLanguage\":\"es-ES\"},{\"@type\":\"Organization\",\"@id\":\"https:\\\/\\\/www.wakonda.eu\\\/#organization\",\"name\":\"Wakonda\",\"url\":\"https:\\\/\\\/www.wakonda.eu\\\/\",\"logo\":{\"@type\":\"ImageObject\",\"inLanguage\":\"es-ES\",\"@id\":\"https:\\\/\\\/www.wakonda.eu\\\/#\\\/schema\\\/logo\\\/image\\\/\",\"url\":\"https:\\\/\\\/www.wakonda.eu\\\/wp-content\\\/uploads\\\/sites\\\/39\\\/2023\\\/05\\\/cropped-logo_wakonda.png\",\"contentUrl\":\"https:\\\/\\\/www.wakonda.eu\\\/wp-content\\\/uploads\\\/sites\\\/39\\\/2023\\\/05\\\/cropped-logo_wakonda.png\",\"width\":256,\"height\":57,\"caption\":\"Wakonda\"},\"image\":{\"@id\":\"https:\\\/\\\/www.wakonda.eu\\\/#\\\/schema\\\/logo\\\/image\\\/\"}}]}<\/script>\n<!-- \/ Yoast SEO plugin. -->","yoast_head_json":{"title":"Approach - Wakonda","robots":{"index":"index","follow":"follow","max-snippet":"max-snippet:-1","max-image-preview":"max-image-preview:large","max-video-preview":"max-video-preview:-1"},"canonical":"https:\/\/www.wakonda.eu\/es\/approach-es\/","og_locale":"es_ES","og_type":"article","og_title":"Approach - Wakonda","og_description":"[vc_row full_width=&#8221;stretch_row&#8221; css=&#8221;.vc_custom_1689067533093{background-image: url(https:\/\/www.wakonda.eu\/wp-content\/uploads\/sites\/39\/2023\/07\/Wakonda_img_MISSION_Approach.jpg?id=1986) !important;background-position: center !important;background-repeat: no-repeat !important;background-size: cover !important;}&#8221; el_id=&#8221;riga_intestazione&#8221;][vc_column width=&#8221;1\/2&#8243;][vc_column_text]mission APPROACH [\/vc_column_text][\/vc_column][vc_column width=&#8221;1\/2&#8243;][\/vc_column][\/vc_row][vc_row full_width=&#8221;stretch_row_content_no_spaces&#8221; equal_height=&#8221;yes&#8221; el_id=&#8221;riga_benefici&#8221;][vc_column width=&#8221;1\/6&#8243; el_class=&#8221;colonna_blu&#8221;][\/vc_column][vc_column width=&#8221;2\/6&#8243; el_class=&#8221;colonna_arancio&#8221;][vc_column_text]Nuestro objetivo es construir un mundo m\u00e1s justo, en el que los problemas de suministro de alimentos y energ\u00eda est\u00e9n resueltos, con procesos productivos que respeten plenamente el medio ambiente.[\/vc_column_text][\/vc_column][vc_column width=&#8221;3\/6&#8243; el_class=&#8221;colonna_verde&#8221;][\/vc_column][\/vc_row][vc_row el_id=&#8221;slide_row&#8221; el_class=&#8221;hide&#8221;][vc_column css=&#8221;.vc_custom_1688379536533{margin-top: 50px !important;}&#8221;][\/vc_column][\/vc_row][vc_row el_class=&#8221;new_slider&#8221;][vc_column][\/vc_column][\/vc_row]","og_url":"https:\/\/www.wakonda.eu\/es\/approach-es\/","og_site_name":"Wakonda","article_modified_time":"2023-11-07T10:27:55+00:00","twitter_card":"summary_large_image","twitter_misc":{"Est. reading time":"3 minutes"},"schema":{"@context":"https:\/\/schema.org","@graph":[{"@type":"WebPage","@id":"https:\/\/www.wakonda.eu\/es\/approach-es\/","url":"https:\/\/www.wakonda.eu\/es\/approach-es\/","name":"Approach - Wakonda","isPartOf":{"@id":"https:\/\/www.wakonda.eu\/#website"},"datePublished":"2022-12-05T16:34:39+00:00","dateModified":"2023-11-07T10:27:55+00:00","breadcrumb":{"@id":"https:\/\/www.wakonda.eu\/es\/approach-es\/#breadcrumb"},"inLanguage":"es-ES","potentialAction":[{"@type":"ReadAction","target":["https:\/\/www.wakonda.eu\/es\/approach-es\/"]}]},{"@type":"BreadcrumbList","@id":"https:\/\/www.wakonda.eu\/es\/approach-es\/#breadcrumb","itemListElement":[{"@type":"ListItem","position":1,"name":"Home","item":"https:\/\/www.wakonda.eu\/es\/"},{"@type":"ListItem","position":2,"name":"Approach"}]},{"@type":"WebSite","@id":"https:\/\/www.wakonda.eu\/#website","url":"https:\/\/www.wakonda.eu\/","name":"Wakonda","description":"","publisher":{"@id":"https:\/\/www.wakonda.eu\/#organization"},"potentialAction":[{"@type":"SearchAction","target":{"@type":"EntryPoint","urlTemplate":"https:\/\/www.wakonda.eu\/?s={search_term_string}"},"query-input":{"@type":"PropertyValueSpecification","valueRequired":true,"valueName":"search_term_string"}}],"inLanguage":"es-ES"},{"@type":"Organization","@id":"https:\/\/www.wakonda.eu\/#organization","name":"Wakonda","url":"https:\/\/www.wakonda.eu\/","logo":{"@type":"ImageObject","inLanguage":"es-ES","@id":"https:\/\/www.wakonda.eu\/#\/schema\/logo\/image\/","url":"https:\/\/www.wakonda.eu\/wp-content\/uploads\/sites\/39\/2023\/05\/cropped-logo_wakonda.png","contentUrl":"https:\/\/www.wakonda.eu\/wp-content\/uploads\/sites\/39\/2023\/05\/cropped-logo_wakonda.png","width":256,"height":57,"caption":"Wakonda"},"image":{"@id":"https:\/\/www.wakonda.eu\/#\/schema\/logo\/image\/"}}]}},"_links":{"self":[{"href":"https:\/\/www.wakonda.eu\/es\/wp-json\/wp\/v2\/pages\/2863","targetHints":{"allow":["GET"]}}],"collection":[{"href":"https:\/\/www.wakonda.eu\/es\/wp-json\/wp\/v2\/pages"}],"about":[{"href":"https:\/\/www.wakonda.eu\/es\/wp-json\/wp\/v2\/types\/page"}],"author":[{"embeddable":true,"href":"https:\/\/www.wakonda.eu\/es\/wp-json\/wp\/v2\/users\/9"}],"replies":[{"embeddable":true,"href":"https:\/\/www.wakonda.eu\/es\/wp-json\/wp\/v2\/comments?post=2863"}],"version-history":[{"count":2,"href":"https:\/\/www.wakonda.eu\/es\/wp-json\/wp\/v2\/pages\/2863\/revisions"}],"predecessor-version":[{"id":3133,"href":"https:\/\/www.wakonda.eu\/es\/wp-json\/wp\/v2\/pages\/2863\/revisions\/3133"}],"wp:attachment":[{"href":"https:\/\/www.wakonda.eu\/es\/wp-json\/wp\/v2\/media?parent=2863"}],"curies":[{"name":"wp","href":"https:\/\/api.w.org\/{rel}","templated":true}]}}