
{"id":2949,"date":"2023-11-06T12:58:26","date_gmt":"2023-11-06T11:58:26","guid":{"rendered":"https:\/\/www.wakonda.eu\/?page_id=2949"},"modified":"2023-11-06T16:54:52","modified_gmt":"2023-11-06T15:54:52","slug":"alimentos-para-animales","status":"publish","type":"page","link":"https:\/\/www.wakonda.eu\/es\/alimentos-para-animales\/","title":{"rendered":"Alimentos para animales"},"content":{"rendered":"<div class=\"wpb-content-wrapper\"><p>[vc_row full_width=&#8221;stretch_row&#8221; css=&#8221;.vc_custom_1689067190625{background-image: url(https:\/\/www.wakonda.eu\/wp-content\/uploads\/sites\/39\/2023\/07\/Wakonda_img_Settori_MANGIMI.jpg?id=1980) !important;background-position: center !important;background-repeat: no-repeat !important;background-size: cover !important;}&#8221; el_id=&#8221;riga_intestazione&#8221;][vc_column width=&#8221;1\/2&#8243;][vc_column_text]sectores<\/p>\n<h2>ALIMENTOS PARA ANIMALES<\/h2>\n<p>[\/vc_column_text][\/vc_column][vc_column width=&#8221;1\/2&#8243;][\/vc_column][\/vc_row][vc_row full_width=&#8221;stretch_row_content_no_spaces&#8221; equal_height=&#8221;yes&#8221; el_id=&#8221;riga_benefici&#8221;][vc_column width=&#8221;1\/6&#8243; el_class=&#8221;colonna_blu&#8221;][\/vc_column][vc_column width=&#8221;2\/6&#8243; el_class=&#8221;colonna_arancio&#8221;][vc_column_text]El uso de Ofi como alimento para animales es una pr\u00e1ctica muy extendida en Centro y Sudam\u00e9rica. El uso racional de la planta ha permitido cambiar su uso desde forraje de emergencia durante las \u00e9pocas c\u00e1lidas y a\u00f1os secos a alimento b\u00e1sico de bajo costo durante todo el a\u00f1o.[\/vc_column_text][\/vc_column][vc_column width=&#8221;3\/6&#8243; el_class=&#8221;colonna_verde&#8221;][\/vc_column][\/vc_row][vc_row css=&#8221;.vc_custom_1688136023896{margin-top: 50px !important;margin-bottom: 50px !important;background-position: center !important;background-repeat: no-repeat !important;background-size: cover !important;}&#8221;][vc_column][vc_column_text]<strong>Wakonda lanza al mercado tres piensos animales diferentes a partir de OFI:<\/strong><\/p>\n<ul>\n<li>Pienso obtenido de la remoci\u00f3n especial parcial de agua con el proceso Wakonda, el cual es un producto fresco, capaz de hidratar a los animales adem\u00e1s de nutrirlos, con un rango de contenido de agua que puede ir del 80% al 65% y una base sobre un contenido de prote\u00ednas entre 4% y 5% expresado en materia seca<\/li>\n<li>Pienso obtenido de la especial eliminaci\u00f3n parcial de agua con el proceso Wakonda y enriquecido con prote\u00ednas procedentes del crecimiento de Saccharomyces cerevisiae sobre la biomasa y que elevan el contenido proteico en un rango entre el 25% y el 30% seg\u00fan los deseos del cliente. Tambi\u00e9n en este caso se trata de un pienso fresco, capaz de hidratar a los animales adem\u00e1s de nutrirlos, con un rango de contenido de agua que puede oscilar entre el 80% y el 65%.<\/li>\n<li>Piensos secos y enriquecidos con prote\u00ednas. Se trata de un pienso cl\u00e1sico con un alto contenido proteico, enriquecido con prote\u00ednas procedentes del crecimiento de Saccharomyces cerevisiae sobre la biomasa y que sit\u00faan el contenido proteico en un rango entre el 25% y el 30%. Posteriormente, el alimento se seca para estabilizarlo y llevarlo a un contenido de agua de alrededor del 85%-88%, lo que favorece su vida \u00fatil a largo plazo y minimiza los costos log\u00edsticos de env\u00edo incluso lejos del sitio de producci\u00f3n.<\/li>\n<\/ul>\n<p>[\/vc_column_text][\/vc_column][\/vc_row]<\/p>\n<\/div>","protected":false},"excerpt":{"rendered":"[vc_row full_width=&#8221;stretch_row&#8221; css=&#8221;.vc_custom_1689067190625{background-image: url(https:\/\/www.wakonda.eu\/wp-content\/uploads\/sites\/39\/2023\/07\/Wakonda_img_Settori_MANGIMI.jpg?id=1980) !important;background-position: center !important;background-repeat: no-repeat !important;background-size: cover !important;}&#8221; el_id=&#8221;riga_intestazione&#8221;][vc_column width=&#8221;1\/2&#8243;][vc_column_text]sectores ALIMENTOS PARA ANIMALES [\/vc_column_text][\/vc_column][vc_column width=&#8221;1\/2&#8243;][\/vc_column][\/vc_row][vc_row full_width=&#8221;stretch_row_content_no_spaces&#8221; equal_height=&#8221;yes&#8221; el_id=&#8221;riga_benefici&#8221;][vc_column width=&#8221;1\/6&#8243; el_class=&#8221;colonna_blu&#8221;][\/vc_column][vc_column width=&#8221;2\/6&#8243; el_class=&#8221;colonna_arancio&#8221;][vc_column_text]El uso de Ofi como alimento para animales es una pr\u00e1ctica muy extendida en Centro y Sudam\u00e9rica. El uso racional de la planta ha permitido cambiar su uso desde forraje de emergencia durante las \u00e9pocas c\u00e1lidas y a\u00f1os secos a alimento b\u00e1sico de bajo costo durante todo el a\u00f1o.[\/vc_column_text][\/vc_column][vc_column width=&#8221;3\/6&#8243; el_class=&#8221;colonna_verde&#8221;][\/vc_column][\/vc_row][vc_row css=&#8221;.vc_custom_1688136023896{margin-top: 50px !important;margin-bottom: 50px !important;background-position: center !important;background-repeat: no-repeat !important;background-size: cover !important;}&#8221;][vc_column][vc_column_text]Wakonda lanza al mercado tres piensos animales diferentes a partir de OFI: Pienso obtenido de la remoci\u00f3n especial parcial de agua con el proceso Wakonda, el cual es un producto fresco, capaz de hidratar a los animales adem\u00e1s de nutrirlos, con un rango de contenido de agua que puede ir del 80% al 65% y una base sobre un contenido de prote\u00ednas entre 4% y 5% expresado en materia seca Pienso obtenido de la especial eliminaci\u00f3n parcial de agua con el proceso Wakonda y enriquecido con prote\u00ednas procedentes del crecimiento de Saccharomyces cerevisiae sobre la biomasa y que elevan el contenido proteico en un rango entre el 25% y el 30% seg\u00fan los deseos del cliente. Tambi\u00e9n en este caso se trata de un pienso fresco, capaz de hidratar a los animales adem\u00e1s de nutrirlos, con un rango de contenido de agua que puede oscilar entre el 80% y el 65%. Piensos secos y enriquecidos con prote\u00ednas. Se trata de un pienso cl\u00e1sico con un alto contenido proteico, enriquecido con prote\u00ednas procedentes del crecimiento de Saccharomyces cerevisiae sobre la biomasa y que sit\u00faan el contenido proteico en un rango entre el 25% y el 30%. Posteriormente, el alimento se seca para estabilizarlo y llevarlo a un contenido de agua de alrededor del 85%-88%, lo que favorece su vida \u00fatil a largo plazo y minimiza los costos log\u00edsticos de env\u00edo incluso lejos del sitio de producci\u00f3n. [\/vc_column_text][\/vc_column][\/vc_row]","protected":false},"author":25,"featured_media":0,"parent":0,"menu_order":0,"comment_status":"closed","ping_status":"closed","template":"","meta":{"_acf_changed":false,"inline_featured_image":false,"site-sidebar-layout":"no-sidebar","site-content-layout":"plain-container","ast-site-content-layout":"default","site-content-style":"default","site-sidebar-style":"default","ast-global-header-display":"","ast-banner-title-visibility":"","ast-main-header-display":"","ast-hfb-above-header-display":"","ast-hfb-below-header-display":"","ast-hfb-mobile-header-display":"","site-post-title":"disabled","ast-breadcrumbs-content":"","ast-featured-img":"disabled","footer-sml-layout":"","ast-disable-related-posts":"","theme-transparent-header-meta":"default","adv-header-id-meta":"","stick-header-meta":"default","header-above-stick-meta":"","header-main-stick-meta":"","header-below-stick-meta":"","astra-migrate-meta-layouts":"set","ast-page-background-enabled":"default","ast-page-background-meta":{"desktop":{"background-color":"var(--ast-global-color-4)","background-image":"","background-repeat":"repeat","background-position":"center center","background-size":"auto","background-attachment":"scroll","background-type":"","background-media":"","overlay-type":"","overlay-color":"","overlay-opacity":"","overlay-gradient":""},"tablet":{"background-color":"","background-image":"","background-repeat":"repeat","background-position":"center center","background-size":"auto","background-attachment":"scroll","background-type":"","background-media":"","overlay-type":"","overlay-color":"","overlay-opacity":"","overlay-gradient":""},"mobile":{"background-color":"","background-image":"","background-repeat":"repeat","background-position":"center center","background-size":"auto","background-attachment":"scroll","background-type":"","background-media":"","overlay-type":"","overlay-color":"","overlay-opacity":"","overlay-gradient":""}},"ast-content-background-meta":{"desktop":{"background-color":"var(--ast-global-color-5)","background-image":"","background-repeat":"repeat","background-position":"center center","background-size":"auto","background-attachment":"scroll","background-type":"","background-media":"","overlay-type":"","overlay-color":"","overlay-opacity":"","overlay-gradient":""},"tablet":{"background-color":"var(--ast-global-color-5)","background-image":"","background-repeat":"repeat","background-position":"center center","background-size":"auto","background-attachment":"scroll","background-type":"","background-media":"","overlay-type":"","overlay-color":"","overlay-opacity":"","overlay-gradient":""},"mobile":{"background-color":"var(--ast-global-color-5)","background-image":"","background-repeat":"repeat","background-position":"center center","background-size":"auto","background-attachment":"scroll","background-type":"","background-media":"","overlay-type":"","overlay-color":"","overlay-opacity":"","overlay-gradient":""}},"footnotes":""},"class_list":["post-2949","page","type-page","status-publish","hentry"],"acf":[],"yoast_head":"<!-- This site is optimized with the Yoast SEO plugin v27.6 - https:\/\/yoast.com\/product\/yoast-seo-wordpress\/ -->\n<title>Alimentos para animales - Wakonda<\/title>\n<meta name=\"robots\" content=\"index, follow, max-snippet:-1, max-image-preview:large, max-video-preview:-1\" \/>\n<link rel=\"canonical\" href=\"https:\/\/www.wakonda.eu\/es\/alimentos-para-animales\/\" \/>\n<meta property=\"og:locale\" content=\"es_ES\" \/>\n<meta property=\"og:type\" content=\"article\" \/>\n<meta property=\"og:title\" content=\"Alimentos para animales - Wakonda\" \/>\n<meta property=\"og:description\" content=\"[vc_row full_width=&#8221;stretch_row&#8221; css=&#8221;.vc_custom_1689067190625{background-image: url(https:\/\/www.wakonda.eu\/wp-content\/uploads\/sites\/39\/2023\/07\/Wakonda_img_Settori_MANGIMI.jpg?id=1980) !important;background-position: center !important;background-repeat: no-repeat !important;background-size: cover !important;}&#8221; el_id=&#8221;riga_intestazione&#8221;][vc_column width=&#8221;1\/2&#8243;][vc_column_text]sectores ALIMENTOS PARA ANIMALES [\/vc_column_text][\/vc_column][vc_column width=&#8221;1\/2&#8243;][\/vc_column][\/vc_row][vc_row full_width=&#8221;stretch_row_content_no_spaces&#8221; equal_height=&#8221;yes&#8221; el_id=&#8221;riga_benefici&#8221;][vc_column width=&#8221;1\/6&#8243; el_class=&#8221;colonna_blu&#8221;][\/vc_column][vc_column width=&#8221;2\/6&#8243; el_class=&#8221;colonna_arancio&#8221;][vc_column_text]El uso de Ofi como alimento para animales es una pr\u00e1ctica muy extendida en Centro y Sudam\u00e9rica. El uso racional de la planta ha permitido cambiar su uso desde forraje de emergencia durante las \u00e9pocas c\u00e1lidas y a\u00f1os secos a alimento b\u00e1sico de bajo costo durante todo el a\u00f1o.[\/vc_column_text][\/vc_column][vc_column width=&#8221;3\/6&#8243; el_class=&#8221;colonna_verde&#8221;][\/vc_column][\/vc_row][vc_row css=&#8221;.vc_custom_1688136023896{margin-top: 50px !important;margin-bottom: 50px !important;background-position: center !important;background-repeat: no-repeat !important;background-size: cover !important;}&#8221;][vc_column][vc_column_text]Wakonda lanza al mercado tres piensos animales diferentes a partir de OFI: Pienso obtenido de la remoci\u00f3n especial parcial de agua con el proceso Wakonda, el cual es un producto fresco, capaz de hidratar a los animales adem\u00e1s de nutrirlos, con un rango de contenido de agua que puede ir del 80% al 65% y una base sobre un contenido de prote\u00ednas entre 4% y 5% expresado en materia seca Pienso obtenido de la especial eliminaci\u00f3n parcial de agua con el proceso Wakonda y enriquecido con prote\u00ednas procedentes del crecimiento de Saccharomyces cerevisiae sobre la biomasa y que elevan el contenido proteico en un rango entre el 25% y el 30% seg\u00fan los deseos del cliente. Tambi\u00e9n en este caso se trata de un pienso fresco, capaz de hidratar a los animales adem\u00e1s de nutrirlos, con un rango de contenido de agua que puede oscilar entre el 80% y el 65%. Piensos secos y enriquecidos con prote\u00ednas. Se trata de un pienso cl\u00e1sico con un alto contenido proteico, enriquecido con prote\u00ednas procedentes del crecimiento de Saccharomyces cerevisiae sobre la biomasa y que sit\u00faan el contenido proteico en un rango entre el 25% y el 30%. Posteriormente, el alimento se seca para estabilizarlo y llevarlo a un contenido de agua de alrededor del 85%-88%, lo que favorece su vida \u00fatil a largo plazo y minimiza los costos log\u00edsticos de env\u00edo incluso lejos del sitio de producci\u00f3n. [\/vc_column_text][\/vc_column][\/vc_row]\" \/>\n<meta property=\"og:url\" content=\"https:\/\/www.wakonda.eu\/es\/alimentos-para-animales\/\" \/>\n<meta property=\"og:site_name\" content=\"Wakonda\" \/>\n<meta property=\"article:modified_time\" content=\"2023-11-06T15:54:52+00:00\" \/>\n<meta name=\"twitter:card\" content=\"summary_large_image\" \/>\n<meta name=\"twitter:label1\" content=\"Est. reading time\" \/>\n\t<meta name=\"twitter:data1\" content=\"2 minutes\" \/>\n<script type=\"application\/ld+json\" class=\"yoast-schema-graph\">{\"@context\":\"https:\\\/\\\/schema.org\",\"@graph\":[{\"@type\":\"WebPage\",\"@id\":\"https:\\\/\\\/www.wakonda.eu\\\/es\\\/alimentos-para-animales\\\/\",\"url\":\"https:\\\/\\\/www.wakonda.eu\\\/es\\\/alimentos-para-animales\\\/\",\"name\":\"Alimentos para animales - Wakonda\",\"isPartOf\":{\"@id\":\"https:\\\/\\\/www.wakonda.eu\\\/#website\"},\"datePublished\":\"2023-11-06T11:58:26+00:00\",\"dateModified\":\"2023-11-06T15:54:52+00:00\",\"breadcrumb\":{\"@id\":\"https:\\\/\\\/www.wakonda.eu\\\/es\\\/alimentos-para-animales\\\/#breadcrumb\"},\"inLanguage\":\"es-ES\",\"potentialAction\":[{\"@type\":\"ReadAction\",\"target\":[\"https:\\\/\\\/www.wakonda.eu\\\/es\\\/alimentos-para-animales\\\/\"]}]},{\"@type\":\"BreadcrumbList\",\"@id\":\"https:\\\/\\\/www.wakonda.eu\\\/es\\\/alimentos-para-animales\\\/#breadcrumb\",\"itemListElement\":[{\"@type\":\"ListItem\",\"position\":1,\"name\":\"Home\",\"item\":\"https:\\\/\\\/www.wakonda.eu\\\/es\\\/\"},{\"@type\":\"ListItem\",\"position\":2,\"name\":\"Alimentos para animales\"}]},{\"@type\":\"WebSite\",\"@id\":\"https:\\\/\\\/www.wakonda.eu\\\/#website\",\"url\":\"https:\\\/\\\/www.wakonda.eu\\\/\",\"name\":\"Wakonda\",\"description\":\"\",\"publisher\":{\"@id\":\"https:\\\/\\\/www.wakonda.eu\\\/#organization\"},\"potentialAction\":[{\"@type\":\"SearchAction\",\"target\":{\"@type\":\"EntryPoint\",\"urlTemplate\":\"https:\\\/\\\/www.wakonda.eu\\\/?s={search_term_string}\"},\"query-input\":{\"@type\":\"PropertyValueSpecification\",\"valueRequired\":true,\"valueName\":\"search_term_string\"}}],\"inLanguage\":\"es-ES\"},{\"@type\":\"Organization\",\"@id\":\"https:\\\/\\\/www.wakonda.eu\\\/#organization\",\"name\":\"Wakonda\",\"url\":\"https:\\\/\\\/www.wakonda.eu\\\/\",\"logo\":{\"@type\":\"ImageObject\",\"inLanguage\":\"es-ES\",\"@id\":\"https:\\\/\\\/www.wakonda.eu\\\/#\\\/schema\\\/logo\\\/image\\\/\",\"url\":\"https:\\\/\\\/www.wakonda.eu\\\/wp-content\\\/uploads\\\/sites\\\/39\\\/2023\\\/05\\\/cropped-logo_wakonda.png\",\"contentUrl\":\"https:\\\/\\\/www.wakonda.eu\\\/wp-content\\\/uploads\\\/sites\\\/39\\\/2023\\\/05\\\/cropped-logo_wakonda.png\",\"width\":256,\"height\":57,\"caption\":\"Wakonda\"},\"image\":{\"@id\":\"https:\\\/\\\/www.wakonda.eu\\\/#\\\/schema\\\/logo\\\/image\\\/\"}}]}<\/script>\n<!-- \/ Yoast SEO plugin. -->","yoast_head_json":{"title":"Alimentos para animales - Wakonda","robots":{"index":"index","follow":"follow","max-snippet":"max-snippet:-1","max-image-preview":"max-image-preview:large","max-video-preview":"max-video-preview:-1"},"canonical":"https:\/\/www.wakonda.eu\/es\/alimentos-para-animales\/","og_locale":"es_ES","og_type":"article","og_title":"Alimentos para animales - Wakonda","og_description":"[vc_row full_width=&#8221;stretch_row&#8221; css=&#8221;.vc_custom_1689067190625{background-image: url(https:\/\/www.wakonda.eu\/wp-content\/uploads\/sites\/39\/2023\/07\/Wakonda_img_Settori_MANGIMI.jpg?id=1980) !important;background-position: center !important;background-repeat: no-repeat !important;background-size: cover !important;}&#8221; el_id=&#8221;riga_intestazione&#8221;][vc_column width=&#8221;1\/2&#8243;][vc_column_text]sectores ALIMENTOS PARA ANIMALES [\/vc_column_text][\/vc_column][vc_column width=&#8221;1\/2&#8243;][\/vc_column][\/vc_row][vc_row full_width=&#8221;stretch_row_content_no_spaces&#8221; equal_height=&#8221;yes&#8221; el_id=&#8221;riga_benefici&#8221;][vc_column width=&#8221;1\/6&#8243; el_class=&#8221;colonna_blu&#8221;][\/vc_column][vc_column width=&#8221;2\/6&#8243; el_class=&#8221;colonna_arancio&#8221;][vc_column_text]El uso de Ofi como alimento para animales es una pr\u00e1ctica muy extendida en Centro y Sudam\u00e9rica. El uso racional de la planta ha permitido cambiar su uso desde forraje de emergencia durante las \u00e9pocas c\u00e1lidas y a\u00f1os secos a alimento b\u00e1sico de bajo costo durante todo el a\u00f1o.[\/vc_column_text][\/vc_column][vc_column width=&#8221;3\/6&#8243; el_class=&#8221;colonna_verde&#8221;][\/vc_column][\/vc_row][vc_row css=&#8221;.vc_custom_1688136023896{margin-top: 50px !important;margin-bottom: 50px !important;background-position: center !important;background-repeat: no-repeat !important;background-size: cover !important;}&#8221;][vc_column][vc_column_text]Wakonda lanza al mercado tres piensos animales diferentes a partir de OFI: Pienso obtenido de la remoci\u00f3n especial parcial de agua con el proceso Wakonda, el cual es un producto fresco, capaz de hidratar a los animales adem\u00e1s de nutrirlos, con un rango de contenido de agua que puede ir del 80% al 65% y una base sobre un contenido de prote\u00ednas entre 4% y 5% expresado en materia seca Pienso obtenido de la especial eliminaci\u00f3n parcial de agua con el proceso Wakonda y enriquecido con prote\u00ednas procedentes del crecimiento de Saccharomyces cerevisiae sobre la biomasa y que elevan el contenido proteico en un rango entre el 25% y el 30% seg\u00fan los deseos del cliente. Tambi\u00e9n en este caso se trata de un pienso fresco, capaz de hidratar a los animales adem\u00e1s de nutrirlos, con un rango de contenido de agua que puede oscilar entre el 80% y el 65%. Piensos secos y enriquecidos con prote\u00ednas. Se trata de un pienso cl\u00e1sico con un alto contenido proteico, enriquecido con prote\u00ednas procedentes del crecimiento de Saccharomyces cerevisiae sobre la biomasa y que sit\u00faan el contenido proteico en un rango entre el 25% y el 30%. Posteriormente, el alimento se seca para estabilizarlo y llevarlo a un contenido de agua de alrededor del 85%-88%, lo que favorece su vida \u00fatil a largo plazo y minimiza los costos log\u00edsticos de env\u00edo incluso lejos del sitio de producci\u00f3n. [\/vc_column_text][\/vc_column][\/vc_row]","og_url":"https:\/\/www.wakonda.eu\/es\/alimentos-para-animales\/","og_site_name":"Wakonda","article_modified_time":"2023-11-06T15:54:52+00:00","twitter_card":"summary_large_image","twitter_misc":{"Est. reading time":"2 minutes"},"schema":{"@context":"https:\/\/schema.org","@graph":[{"@type":"WebPage","@id":"https:\/\/www.wakonda.eu\/es\/alimentos-para-animales\/","url":"https:\/\/www.wakonda.eu\/es\/alimentos-para-animales\/","name":"Alimentos para animales - Wakonda","isPartOf":{"@id":"https:\/\/www.wakonda.eu\/#website"},"datePublished":"2023-11-06T11:58:26+00:00","dateModified":"2023-11-06T15:54:52+00:00","breadcrumb":{"@id":"https:\/\/www.wakonda.eu\/es\/alimentos-para-animales\/#breadcrumb"},"inLanguage":"es-ES","potentialAction":[{"@type":"ReadAction","target":["https:\/\/www.wakonda.eu\/es\/alimentos-para-animales\/"]}]},{"@type":"BreadcrumbList","@id":"https:\/\/www.wakonda.eu\/es\/alimentos-para-animales\/#breadcrumb","itemListElement":[{"@type":"ListItem","position":1,"name":"Home","item":"https:\/\/www.wakonda.eu\/es\/"},{"@type":"ListItem","position":2,"name":"Alimentos para animales"}]},{"@type":"WebSite","@id":"https:\/\/www.wakonda.eu\/#website","url":"https:\/\/www.wakonda.eu\/","name":"Wakonda","description":"","publisher":{"@id":"https:\/\/www.wakonda.eu\/#organization"},"potentialAction":[{"@type":"SearchAction","target":{"@type":"EntryPoint","urlTemplate":"https:\/\/www.wakonda.eu\/?s={search_term_string}"},"query-input":{"@type":"PropertyValueSpecification","valueRequired":true,"valueName":"search_term_string"}}],"inLanguage":"es-ES"},{"@type":"Organization","@id":"https:\/\/www.wakonda.eu\/#organization","name":"Wakonda","url":"https:\/\/www.wakonda.eu\/","logo":{"@type":"ImageObject","inLanguage":"es-ES","@id":"https:\/\/www.wakonda.eu\/#\/schema\/logo\/image\/","url":"https:\/\/www.wakonda.eu\/wp-content\/uploads\/sites\/39\/2023\/05\/cropped-logo_wakonda.png","contentUrl":"https:\/\/www.wakonda.eu\/wp-content\/uploads\/sites\/39\/2023\/05\/cropped-logo_wakonda.png","width":256,"height":57,"caption":"Wakonda"},"image":{"@id":"https:\/\/www.wakonda.eu\/#\/schema\/logo\/image\/"}}]}},"_links":{"self":[{"href":"https:\/\/www.wakonda.eu\/es\/wp-json\/wp\/v2\/pages\/2949","targetHints":{"allow":["GET"]}}],"collection":[{"href":"https:\/\/www.wakonda.eu\/es\/wp-json\/wp\/v2\/pages"}],"about":[{"href":"https:\/\/www.wakonda.eu\/es\/wp-json\/wp\/v2\/types\/page"}],"author":[{"embeddable":true,"href":"https:\/\/www.wakonda.eu\/es\/wp-json\/wp\/v2\/users\/25"}],"replies":[{"embeddable":true,"href":"https:\/\/www.wakonda.eu\/es\/wp-json\/wp\/v2\/comments?post=2949"}],"version-history":[{"count":3,"href":"https:\/\/www.wakonda.eu\/es\/wp-json\/wp\/v2\/pages\/2949\/revisions"}],"predecessor-version":[{"id":3122,"href":"https:\/\/www.wakonda.eu\/es\/wp-json\/wp\/v2\/pages\/2949\/revisions\/3122"}],"wp:attachment":[{"href":"https:\/\/www.wakonda.eu\/es\/wp-json\/wp\/v2\/media?parent=2949"}],"curies":[{"name":"wp","href":"https:\/\/api.w.org\/{rel}","templated":true}]}}