
{"id":2864,"date":"2023-11-06T12:37:55","date_gmt":"2023-11-06T11:37:55","guid":{"rendered":"https:\/\/www.wakonda.eu\/?page_id=2864"},"modified":"2023-11-07T18:39:39","modified_gmt":"2023-11-07T17:39:39","slug":"approach","status":"publish","type":"page","link":"https:\/\/www.wakonda.eu\/fr\/approach\/","title":{"rendered":"Approach"},"content":{"rendered":"<div class=\"wpb-content-wrapper\"><p>[vc_row full_width=\u00a0\u00bbstretch_row\u00a0\u00bb css=\u00a0\u00bb.vc_custom_1689067533093{background-image: url(https:\/\/www.wakonda.eu\/wp-content\/uploads\/sites\/39\/2023\/07\/Wakonda_img_MISSION_Approach.jpg?id=1986) !important;background-position: center !important;background-repeat: no-repeat !important;background-size: cover !important;}\u00a0\u00bb el_id=\u00a0\u00bbriga_intestazione\u00a0\u00bb][vc_column width=\u00a0\u00bb1\/2&Prime;][vc_column_text]mission<\/p>\n<h2>APPROACH<\/h2>\n<p>[\/vc_column_text][\/vc_column][vc_column width=\u00a0\u00bb1\/2&Prime;][\/vc_column][\/vc_row][vc_row full_width=\u00a0\u00bbstretch_row_content_no_spaces\u00a0\u00bb equal_height=\u00a0\u00bbyes\u00a0\u00bb el_id=\u00a0\u00bbriga_benefici\u00a0\u00bb][vc_column width=\u00a0\u00bb1\/6&Prime; el_class=\u00a0\u00bbcolonna_blu\u00a0\u00bb][\/vc_column][vc_column width=\u00a0\u00bb2\/6&Prime; el_class=\u00a0\u00bbcolonna_arancio\u00a0\u00bb][vc_column_text]Nous aspirons \u00e0 construire un monde plus juste, dans lequel les probl\u00e8mes d\u2019approvisionnement alimentaire et \u00e9nerg\u00e9tique sont r\u00e9solus, avec des processus de production pleinement respectueux de l\u2019environnement.[\/vc_column_text][\/vc_column][vc_column width=\u00a0\u00bb3\/6&Prime; el_class=\u00a0\u00bbcolonna_verde\u00a0\u00bb][\/vc_column][\/vc_row][vc_row el_id=\u00a0\u00bbslide_row\u00a0\u00bb el_class=\u00a0\u00bbhide\u00a0\u00bb][vc_column css=\u00a0\u00bb.vc_custom_1688379536533{margin-top: 50px !important;}\u00a0\u00bb]<div id=\"ult-carousel-10042470956a04695551e1f\" class=\"ult-carousel-wrapper   ult_horizontal\" data-gutter=\"50\" data-rtl=\"false\" ><div class=\"ult-carousel-36767704816a04695551d3b \" >[vc_row_inner el_class=\u00a0\u00bbslide_one\u00a0\u00bb css=\u00a0\u00bb.vc_custom_1688380654554{background-image: url(https:\/\/www.wakonda.eu\/wp-content\/uploads\/sites\/39\/2022\/12\/Nuovo-progetto-2022-12-12T093244.289.png?id=363) !important;background-position: center !important;background-repeat: no-repeat !important;background-size: cover !important;border-radius: 20px !important;}\u00a0\u00bb][vc_column_inner width=\u00a0\u00bb1\/2&Prime;][\/vc_column_inner][vc_column_inner width=\u00a0\u00bb1\/2&Prime;][vc_column_text]<\/p>\n<h2>Alimentation animale<\/h2>\n<p>Wakonda a d\u00e9velopp\u00e9 une gamme d&rsquo;aliments \u00e0 partir d&rsquo;Opuntia Ficus Indica (OFI). Les aliments sont enrichis en prot\u00e9ines obtenues par fermentation de levures et peuvent \u00eatre obtenus avec un faible impact environnemental en termes d&rsquo;\u00e9missions de CO2 et de faible empreinte eau.[\/vc_column_text][\/vc_column_inner][\/vc_row_inner][vc_row_inner el_class=\u00a0\u00bbslide_one\u00a0\u00bb css=\u00a0\u00bb.vc_custom_1688380358987{background-image: url(https:\/\/www.wakonda.eu\/wp-content\/uploads\/sites\/39\/2023\/07\/Wakonda_Alimentazione.jpg?id=1693) !important;background-position: center !important;background-repeat: no-repeat !important;background-size: cover !important;border-radius: 20px !important;}\u00a0\u00bb][vc_column_inner width=\u00a0\u00bb1\/2&Prime;][\/vc_column_inner][vc_column_inner width=\u00a0\u00bb1\/2&Prime;][vc_column_text]<\/p>\n<h2>Nourriture<\/h2>\n<p>L&rsquo;Opuntia Ficus Indica (OFI) est une plante qui a toujours \u00e9t\u00e9 consomm\u00e9e dans l&rsquo;alimentation. Les avantages de la consommation d&rsquo;OFI sont nombreux : avec sa teneur en fibres, min\u00e9raux et vitamines, c&rsquo;est un outil appreci\u00e9 pour une alimentation \u00e9quilibr\u00e9e.[\/vc_column_text][\/vc_column_inner][\/vc_row_inner][vc_row_inner el_class=\u00a0\u00bbslide_one\u00a0\u00bb css=\u00a0\u00bb.vc_custom_1688380375923{background-image: url(https:\/\/www.wakonda.eu\/wp-content\/uploads\/sites\/39\/2023\/07\/Wakonda_Energia.jpg?id=1692) !important;background-position: center !important;background-repeat: no-repeat !important;background-size: cover !important;border-radius: 20px !important;}\u00a0\u00bb][vc_column_inner width=\u00a0\u00bb1\/2&Prime;][\/vc_column_inner][vc_column_inner width=\u00a0\u00bb1\/2&Prime;][vc_column_text]<\/p>\n<h2>Energie<\/h2>\n<p>Opuntia Ficus Indica (OFI) est une plante \u00e9nerg\u00e9tique. Elle peut \u00eatre utilis\u00e9e pour r\u00e9cup\u00e9rer des terres peu fertiles, car elle peut \u00eatre utilis\u00e9 partout o\u00f9 les temp\u00e9ratures varient de -5\u00b0 \u00e0 +50\u00b0C et les pr\u00e9cipitations jusqu&rsquo;\u00e0 1 000 mm par an.[\/vc_column_text][\/vc_column_inner][\/vc_row_inner]<\/div><\/div>\t\t\t<script type=\"text\/javascript\">\n\t\t\t\tjQuery(document).ready(function ($) {\n\t\t\t\t\tif( typeof jQuery('.ult-carousel-36767704816a04695551d3b').slick == \"function\"){\n\t\t\t\t\t\t$('.ult-carousel-36767704816a04695551d3b').slick({dots: true,autoplaySpeed: \"5000\",speed: \"300\",infinite: true,arrows: false,slidesToScroll:1,slidesToShow:1,swipe: true,draggable: true,touchMove: true,pauseOnHover: true,pauseOnFocus: false,centerMode: true,responsive: [\n\t\t\t\t\t\t\t{\n\t\t\t\t\t\t\t  breakpoint: 1026,\n\t\t\t\t\t\t\t  settings: {\n\t\t\t\t\t\t\t\tslidesToShow: 1,\n\t\t\t\t\t\t\t\tslidesToScroll: 1,  \n\t\t\t\t\t\t\t  }\n\t\t\t\t\t\t\t},\n\t\t\t\t\t\t\t{\n\t\t\t\t\t\t\t  breakpoint: 1025,\n\t\t\t\t\t\t\t  settings: {\n\t\t\t\t\t\t\t\tslidesToShow: 1,\n\t\t\t\t\t\t\t\tslidesToScroll: 1\n\t\t\t\t\t\t\t  }\n\t\t\t\t\t\t\t},\n\t\t\t\t\t\t\t{\n\t\t\t\t\t\t\t  breakpoint: 760,\n\t\t\t\t\t\t\t  settings: {\n\t\t\t\t\t\t\t\tslidesToShow: 1,\n\t\t\t\t\t\t\t\tslidesToScroll: 1\n\t\t\t\t\t\t\t  }\n\t\t\t\t\t\t\t}\n\t\t\t\t\t\t],pauseOnDotsHover: true,customPaging: function(slider, i) {\n                   return '<i type=\"button\" style= \"color:#333333;\" class=\"ultsl-record\" data-role=\"none\"><\/i>';\n                },});\n\t\t\t\t\t}\n\t\t\t\t});\n\t\t\t<\/script>\n\t\t\t[\/vc_column][\/vc_row][vc_row el_class=\u00a0\u00bbnew_slider\u00a0\u00bb][vc_column]<div id=\"ult-carousel-27413537466a04695551eda\" class=\"ult-carousel-wrapper   ult_horizontal\" data-gutter=\"15\" data-rtl=\"false\" ><div class=\"ult-carousel-27437574626a04695551eb5 \" >[vc_row_inner css=\u00a0\u00bb.vc_custom_1688484736702{background-image: url(https:\/\/www.wakonda.eu\/wp-content\/uploads\/sites\/39\/2022\/12\/Nuovo-progetto-2022-12-12T093244.289.png?id=363) !important;background-position: center !important;background-repeat: no-repeat !important;background-size: cover !important;border-radius: 20px !important;}\u00a0\u00bb el_class=\u00a0\u00bbnew_slider_row\u00a0\u00bb][vc_column_inner][vc_single_image image=\u00a0\u00bb363&Prime; img_size=\u00a0\u00bbfull\u00a0\u00bb][vc_column_text]<\/p>\n<h2>Alimentation animale<\/h2>\n<p>Wakonda a d\u00e9velopp\u00e9 une gamme d&rsquo;aliments \u00e0 partir d&rsquo;Opuntia Ficus Indica (OFI). Les aliments sont enrichis en prot\u00e9ines obtenues par fermentation de levures et peuvent \u00eatre obtenus avec un faible impact environnemental en termes d&rsquo;\u00e9missions de CO2 et de faible empreinte eau.[\/vc_column_text][\/vc_column_inner][\/vc_row_inner][vc_row_inner css=\u00a0\u00bb.vc_custom_1688486813350{background-image: url(https:\/\/www.wakonda.eu\/wp-content\/uploads\/sites\/39\/2023\/07\/Wakonda_Alimentazione.jpg?id=1693) !important;background-position: center !important;background-repeat: no-repeat !important;background-size: cover !important;border-radius: 20px !important;}\u00a0\u00bb el_class=\u00a0\u00bbnew_slider_row\u00a0\u00bb][vc_column_inner][vc_single_image image=\u00a0\u00bb1693&Prime; img_size=\u00a0\u00bbfull\u00a0\u00bb][vc_column_text]<\/p>\n<h2>Nourriture<\/h2>\n<p>L&rsquo;Opuntia Ficus Indica (OFI) est une plante qui a toujours \u00e9t\u00e9 consomm\u00e9e dans l&rsquo;alimentation. Les avantages de la consommation d&rsquo;OFI sont nombreux : avec sa teneur en fibres, min\u00e9raux et vitamines, c&rsquo;est un outil appreci\u00e9 pour une alimentation \u00e9quilibr\u00e9e.[\/vc_column_text][\/vc_column_inner][\/vc_row_inner][vc_row_inner css=\u00a0\u00bb.vc_custom_1688486843955{background-image: url(https:\/\/www.wakonda.eu\/wp-content\/uploads\/sites\/39\/2023\/07\/Wakonda_Energia.jpg?id=1692) !important;background-position: center !important;background-repeat: no-repeat !important;background-size: cover !important;border-radius: 20px !important;}\u00a0\u00bb el_class=\u00a0\u00bbnew_slider_row\u00a0\u00bb][vc_column_inner][vc_single_image image=\u00a0\u00bb1692&Prime; img_size=\u00a0\u00bbfull\u00a0\u00bb][vc_column_text]<\/p>\n<h2>Energie<\/h2>\n<p>Opuntia Ficus Indica (OFI) est une plante \u00e9nerg\u00e9tique. Elle peut \u00eatre utilis\u00e9e pour r\u00e9cup\u00e9rer des terres peu fertiles, car elle peut \u00eatre utilis\u00e9 partout o\u00f9 les temp\u00e9ratures varient de -5\u00b0 \u00e0 +50\u00b0C et les pr\u00e9cipitations jusqu&rsquo;\u00e0 1 000 mm par an.[\/vc_column_text][\/vc_column_inner][\/vc_row_inner]<\/div><\/div>\t\t\t<script type=\"text\/javascript\">\n\t\t\t\tjQuery(document).ready(function ($) {\n\t\t\t\t\tif( typeof jQuery('.ult-carousel-27437574626a04695551eb5').slick == \"function\"){\n\t\t\t\t\t\t$('.ult-carousel-27437574626a04695551eb5').slick({dots: true,autoplaySpeed: \"5000\",speed: \"300\",infinite: true,arrows: true,nextArrow: '<button type=\"button\" role=\"button\" aria-label=\"Next\" style=\"color:#333333; font-size:20px;\" class=\"slick-next default\"><i class=\"ultsl-arrow-right4\"><\/i><\/button>',prevArrow: '<button type=\"button\" role=\"button\" aria-label=\"Previous\" style=\"color:#333333; font-size:20px;\" class=\"slick-prev default\"><i class=\"ultsl-arrow-left4\"><\/i><\/button>',slidesToScroll:1,slidesToShow:1,swipe: true,draggable: true,touchMove: true,pauseOnHover: true,pauseOnFocus: false,responsive: [\n\t\t\t\t\t\t\t{\n\t\t\t\t\t\t\t  breakpoint: 1026,\n\t\t\t\t\t\t\t  settings: {\n\t\t\t\t\t\t\t\tslidesToShow: 1,\n\t\t\t\t\t\t\t\tslidesToScroll: 1,  \n\t\t\t\t\t\t\t  }\n\t\t\t\t\t\t\t},\n\t\t\t\t\t\t\t{\n\t\t\t\t\t\t\t  breakpoint: 1025,\n\t\t\t\t\t\t\t  settings: {\n\t\t\t\t\t\t\t\tslidesToShow: 1,\n\t\t\t\t\t\t\t\tslidesToScroll: 1\n\t\t\t\t\t\t\t  }\n\t\t\t\t\t\t\t},\n\t\t\t\t\t\t\t{\n\t\t\t\t\t\t\t  breakpoint: 760,\n\t\t\t\t\t\t\t  settings: {\n\t\t\t\t\t\t\t\tslidesToShow: 1,\n\t\t\t\t\t\t\t\tslidesToScroll: 1\n\t\t\t\t\t\t\t  }\n\t\t\t\t\t\t\t}\n\t\t\t\t\t\t],pauseOnDotsHover: true,customPaging: function(slider, i) {\n                   return '<i type=\"button\" style= \"color:#333333;\" class=\"ultsl-record\" data-role=\"none\"><\/i>';\n                },});\n\t\t\t\t\t}\n\t\t\t\t});\n\t\t\t<\/script>\n\t\t\t[\/vc_column][\/vc_row]<\/p>\n<\/div>","protected":false},"excerpt":{"rendered":"[vc_row full_width=\u00a0\u00bbstretch_row\u00a0\u00bb css=\u00a0\u00bb.vc_custom_1689067533093{background-image: url(https:\/\/www.wakonda.eu\/wp-content\/uploads\/sites\/39\/2023\/07\/Wakonda_img_MISSION_Approach.jpg?id=1986) !important;background-position: center !important;background-repeat: no-repeat !important;background-size: cover !important;}\u00a0\u00bb el_id=\u00a0\u00bbriga_intestazione\u00a0\u00bb][vc_column width=\u00a0\u00bb1\/2&Prime;][vc_column_text]mission APPROACH [\/vc_column_text][\/vc_column][vc_column width=\u00a0\u00bb1\/2&Prime;][\/vc_column][\/vc_row][vc_row full_width=\u00a0\u00bbstretch_row_content_no_spaces\u00a0\u00bb equal_height=\u00a0\u00bbyes\u00a0\u00bb el_id=\u00a0\u00bbriga_benefici\u00a0\u00bb][vc_column width=\u00a0\u00bb1\/6&Prime; el_class=\u00a0\u00bbcolonna_blu\u00a0\u00bb][\/vc_column][vc_column width=\u00a0\u00bb2\/6&Prime; el_class=\u00a0\u00bbcolonna_arancio\u00a0\u00bb][vc_column_text]Nous aspirons \u00e0 construire un monde plus juste, dans lequel les probl\u00e8mes d\u2019approvisionnement alimentaire et \u00e9nerg\u00e9tique sont r\u00e9solus, avec des processus de production pleinement respectueux de l\u2019environnement.[\/vc_column_text][\/vc_column][vc_column width=\u00a0\u00bb3\/6&Prime; el_class=\u00a0\u00bbcolonna_verde\u00a0\u00bb][\/vc_column][\/vc_row][vc_row el_id=\u00a0\u00bbslide_row\u00a0\u00bb el_class=\u00a0\u00bbhide\u00a0\u00bb][vc_column css=\u00a0\u00bb.vc_custom_1688379536533{margin-top: 50px !important;}\u00a0\u00bb][\/vc_column][\/vc_row][vc_row el_class=\u00a0\u00bbnew_slider\u00a0\u00bb][vc_column][\/vc_column][\/vc_row]","protected":false},"author":25,"featured_media":0,"parent":0,"menu_order":0,"comment_status":"closed","ping_status":"closed","template":"","meta":{"_acf_changed":false,"inline_featured_image":false,"site-sidebar-layout":"no-sidebar","site-content-layout":"plain-container","ast-site-content-layout":"default","site-content-style":"default","site-sidebar-style":"default","ast-global-header-display":"","ast-banner-title-visibility":"","ast-main-header-display":"","ast-hfb-above-header-display":"","ast-hfb-below-header-display":"","ast-hfb-mobile-header-display":"","site-post-title":"disabled","ast-breadcrumbs-content":"","ast-featured-img":"disabled","footer-sml-layout":"","ast-disable-related-posts":"","theme-transparent-header-meta":"default","adv-header-id-meta":"","stick-header-meta":"default","header-above-stick-meta":"","header-main-stick-meta":"","header-below-stick-meta":"","astra-migrate-meta-layouts":"set","ast-page-background-enabled":"default","ast-page-background-meta":{"desktop":{"background-color":"var(--ast-global-color-4)","background-image":"","background-repeat":"repeat","background-position":"center center","background-size":"auto","background-attachment":"scroll","background-type":"","background-media":"","overlay-type":"","overlay-color":"","overlay-opacity":"","overlay-gradient":""},"tablet":{"background-color":"","background-image":"","background-repeat":"repeat","background-position":"center center","background-size":"auto","background-attachment":"scroll","background-type":"","background-media":"","overlay-type":"","overlay-color":"","overlay-opacity":"","overlay-gradient":""},"mobile":{"background-color":"","background-image":"","background-repeat":"repeat","background-position":"center center","background-size":"auto","background-attachment":"scroll","background-type":"","background-media":"","overlay-type":"","overlay-color":"","overlay-opacity":"","overlay-gradient":""}},"ast-content-background-meta":{"desktop":{"background-color":"var(--ast-global-color-5)","background-image":"","background-repeat":"repeat","background-position":"center center","background-size":"auto","background-attachment":"scroll","background-type":"","background-media":"","overlay-type":"","overlay-color":"","overlay-opacity":"","overlay-gradient":""},"tablet":{"background-color":"var(--ast-global-color-5)","background-image":"","background-repeat":"repeat","background-position":"center center","background-size":"auto","background-attachment":"scroll","background-type":"","background-media":"","overlay-type":"","overlay-color":"","overlay-opacity":"","overlay-gradient":""},"mobile":{"background-color":"var(--ast-global-color-5)","background-image":"","background-repeat":"repeat","background-position":"center center","background-size":"auto","background-attachment":"scroll","background-type":"","background-media":"","overlay-type":"","overlay-color":"","overlay-opacity":"","overlay-gradient":""}},"footnotes":""},"class_list":["post-2864","page","type-page","status-publish","hentry"],"acf":[],"yoast_head":"<!-- This site is optimized with the Yoast SEO plugin v27.6 - https:\/\/yoast.com\/product\/yoast-seo-wordpress\/ -->\n<title>Approach - Wakonda<\/title>\n<meta name=\"robots\" content=\"index, follow, max-snippet:-1, max-image-preview:large, max-video-preview:-1\" \/>\n<link rel=\"canonical\" href=\"https:\/\/www.wakonda.eu\/fr\/approach\/\" \/>\n<meta property=\"og:locale\" content=\"fr_FR\" \/>\n<meta property=\"og:type\" content=\"article\" \/>\n<meta property=\"og:title\" content=\"Approach - Wakonda\" \/>\n<meta property=\"og:description\" content=\"[vc_row full_width=\u00a0\u00bbstretch_row\u00a0\u00bb css=\u00a0\u00bb.vc_custom_1689067533093{background-image: url(https:\/\/www.wakonda.eu\/wp-content\/uploads\/sites\/39\/2023\/07\/Wakonda_img_MISSION_Approach.jpg?id=1986) !important;background-position: center !important;background-repeat: no-repeat !important;background-size: cover !important;}\u00a0\u00bb el_id=\u00a0\u00bbriga_intestazione\u00a0\u00bb][vc_column width=\u00a0\u00bb1\/2&Prime;][vc_column_text]mission APPROACH [\/vc_column_text][\/vc_column][vc_column width=\u00a0\u00bb1\/2&Prime;][\/vc_column][\/vc_row][vc_row full_width=\u00a0\u00bbstretch_row_content_no_spaces\u00a0\u00bb equal_height=\u00a0\u00bbyes\u00a0\u00bb el_id=\u00a0\u00bbriga_benefici\u00a0\u00bb][vc_column width=\u00a0\u00bb1\/6&Prime; el_class=\u00a0\u00bbcolonna_blu\u00a0\u00bb][\/vc_column][vc_column width=\u00a0\u00bb2\/6&Prime; el_class=\u00a0\u00bbcolonna_arancio\u00a0\u00bb][vc_column_text]Nous aspirons \u00e0 construire un monde plus juste, dans lequel les probl\u00e8mes d\u2019approvisionnement alimentaire et \u00e9nerg\u00e9tique sont r\u00e9solus, avec des processus de production pleinement respectueux de l\u2019environnement.[\/vc_column_text][\/vc_column][vc_column width=\u00a0\u00bb3\/6&Prime; el_class=\u00a0\u00bbcolonna_verde\u00a0\u00bb][\/vc_column][\/vc_row][vc_row el_id=\u00a0\u00bbslide_row\u00a0\u00bb el_class=\u00a0\u00bbhide\u00a0\u00bb][vc_column css=\u00a0\u00bb.vc_custom_1688379536533{margin-top: 50px !important;}\u00a0\u00bb][\/vc_column][\/vc_row][vc_row el_class=\u00a0\u00bbnew_slider\u00a0\u00bb][vc_column][\/vc_column][\/vc_row]\" \/>\n<meta property=\"og:url\" content=\"https:\/\/www.wakonda.eu\/fr\/approach\/\" \/>\n<meta property=\"og:site_name\" content=\"Wakonda\" \/>\n<meta property=\"article:modified_time\" content=\"2023-11-07T17:39:39+00:00\" \/>\n<meta name=\"twitter:card\" content=\"summary_large_image\" \/>\n<meta name=\"twitter:label1\" content=\"Dur\u00e9e de lecture estim\u00e9e\" \/>\n\t<meta name=\"twitter:data1\" content=\"3 minutes\" \/>\n<script type=\"application\/ld+json\" class=\"yoast-schema-graph\">{\"@context\":\"https:\\\/\\\/schema.org\",\"@graph\":[{\"@type\":\"WebPage\",\"@id\":\"https:\\\/\\\/www.wakonda.eu\\\/fr\\\/approach\\\/\",\"url\":\"https:\\\/\\\/www.wakonda.eu\\\/fr\\\/approach\\\/\",\"name\":\"Approach - Wakonda\",\"isPartOf\":{\"@id\":\"https:\\\/\\\/www.wakonda.eu\\\/#website\"},\"datePublished\":\"2023-11-06T11:37:55+00:00\",\"dateModified\":\"2023-11-07T17:39:39+00:00\",\"breadcrumb\":{\"@id\":\"https:\\\/\\\/www.wakonda.eu\\\/fr\\\/approach\\\/#breadcrumb\"},\"inLanguage\":\"fr-FR\",\"potentialAction\":[{\"@type\":\"ReadAction\",\"target\":[\"https:\\\/\\\/www.wakonda.eu\\\/fr\\\/approach\\\/\"]}]},{\"@type\":\"BreadcrumbList\",\"@id\":\"https:\\\/\\\/www.wakonda.eu\\\/fr\\\/approach\\\/#breadcrumb\",\"itemListElement\":[{\"@type\":\"ListItem\",\"position\":1,\"name\":\"Home\",\"item\":\"https:\\\/\\\/www.wakonda.eu\\\/fr\\\/\"},{\"@type\":\"ListItem\",\"position\":2,\"name\":\"Approach\"}]},{\"@type\":\"WebSite\",\"@id\":\"https:\\\/\\\/www.wakonda.eu\\\/#website\",\"url\":\"https:\\\/\\\/www.wakonda.eu\\\/\",\"name\":\"Wakonda\",\"description\":\"\",\"publisher\":{\"@id\":\"https:\\\/\\\/www.wakonda.eu\\\/#organization\"},\"potentialAction\":[{\"@type\":\"SearchAction\",\"target\":{\"@type\":\"EntryPoint\",\"urlTemplate\":\"https:\\\/\\\/www.wakonda.eu\\\/?s={search_term_string}\"},\"query-input\":{\"@type\":\"PropertyValueSpecification\",\"valueRequired\":true,\"valueName\":\"search_term_string\"}}],\"inLanguage\":\"fr-FR\"},{\"@type\":\"Organization\",\"@id\":\"https:\\\/\\\/www.wakonda.eu\\\/#organization\",\"name\":\"Wakonda\",\"url\":\"https:\\\/\\\/www.wakonda.eu\\\/\",\"logo\":{\"@type\":\"ImageObject\",\"inLanguage\":\"fr-FR\",\"@id\":\"https:\\\/\\\/www.wakonda.eu\\\/#\\\/schema\\\/logo\\\/image\\\/\",\"url\":\"https:\\\/\\\/www.wakonda.eu\\\/wp-content\\\/uploads\\\/sites\\\/39\\\/2023\\\/05\\\/cropped-logo_wakonda.png\",\"contentUrl\":\"https:\\\/\\\/www.wakonda.eu\\\/wp-content\\\/uploads\\\/sites\\\/39\\\/2023\\\/05\\\/cropped-logo_wakonda.png\",\"width\":256,\"height\":57,\"caption\":\"Wakonda\"},\"image\":{\"@id\":\"https:\\\/\\\/www.wakonda.eu\\\/#\\\/schema\\\/logo\\\/image\\\/\"}}]}<\/script>\n<!-- \/ Yoast SEO plugin. -->","yoast_head_json":{"title":"Approach - Wakonda","robots":{"index":"index","follow":"follow","max-snippet":"max-snippet:-1","max-image-preview":"max-image-preview:large","max-video-preview":"max-video-preview:-1"},"canonical":"https:\/\/www.wakonda.eu\/fr\/approach\/","og_locale":"fr_FR","og_type":"article","og_title":"Approach - Wakonda","og_description":"[vc_row full_width=\u00a0\u00bbstretch_row\u00a0\u00bb css=\u00a0\u00bb.vc_custom_1689067533093{background-image: url(https:\/\/www.wakonda.eu\/wp-content\/uploads\/sites\/39\/2023\/07\/Wakonda_img_MISSION_Approach.jpg?id=1986) !important;background-position: center !important;background-repeat: no-repeat !important;background-size: cover !important;}\u00a0\u00bb el_id=\u00a0\u00bbriga_intestazione\u00a0\u00bb][vc_column width=\u00a0\u00bb1\/2&Prime;][vc_column_text]mission APPROACH [\/vc_column_text][\/vc_column][vc_column width=\u00a0\u00bb1\/2&Prime;][\/vc_column][\/vc_row][vc_row full_width=\u00a0\u00bbstretch_row_content_no_spaces\u00a0\u00bb equal_height=\u00a0\u00bbyes\u00a0\u00bb el_id=\u00a0\u00bbriga_benefici\u00a0\u00bb][vc_column width=\u00a0\u00bb1\/6&Prime; el_class=\u00a0\u00bbcolonna_blu\u00a0\u00bb][\/vc_column][vc_column width=\u00a0\u00bb2\/6&Prime; el_class=\u00a0\u00bbcolonna_arancio\u00a0\u00bb][vc_column_text]Nous aspirons \u00e0 construire un monde plus juste, dans lequel les probl\u00e8mes d\u2019approvisionnement alimentaire et \u00e9nerg\u00e9tique sont r\u00e9solus, avec des processus de production pleinement respectueux de l\u2019environnement.[\/vc_column_text][\/vc_column][vc_column width=\u00a0\u00bb3\/6&Prime; el_class=\u00a0\u00bbcolonna_verde\u00a0\u00bb][\/vc_column][\/vc_row][vc_row el_id=\u00a0\u00bbslide_row\u00a0\u00bb el_class=\u00a0\u00bbhide\u00a0\u00bb][vc_column css=\u00a0\u00bb.vc_custom_1688379536533{margin-top: 50px !important;}\u00a0\u00bb][\/vc_column][\/vc_row][vc_row el_class=\u00a0\u00bbnew_slider\u00a0\u00bb][vc_column][\/vc_column][\/vc_row]","og_url":"https:\/\/www.wakonda.eu\/fr\/approach\/","og_site_name":"Wakonda","article_modified_time":"2023-11-07T17:39:39+00:00","twitter_card":"summary_large_image","twitter_misc":{"Dur\u00e9e de lecture estim\u00e9e":"3 minutes"},"schema":{"@context":"https:\/\/schema.org","@graph":[{"@type":"WebPage","@id":"https:\/\/www.wakonda.eu\/fr\/approach\/","url":"https:\/\/www.wakonda.eu\/fr\/approach\/","name":"Approach - Wakonda","isPartOf":{"@id":"https:\/\/www.wakonda.eu\/#website"},"datePublished":"2023-11-06T11:37:55+00:00","dateModified":"2023-11-07T17:39:39+00:00","breadcrumb":{"@id":"https:\/\/www.wakonda.eu\/fr\/approach\/#breadcrumb"},"inLanguage":"fr-FR","potentialAction":[{"@type":"ReadAction","target":["https:\/\/www.wakonda.eu\/fr\/approach\/"]}]},{"@type":"BreadcrumbList","@id":"https:\/\/www.wakonda.eu\/fr\/approach\/#breadcrumb","itemListElement":[{"@type":"ListItem","position":1,"name":"Home","item":"https:\/\/www.wakonda.eu\/fr\/"},{"@type":"ListItem","position":2,"name":"Approach"}]},{"@type":"WebSite","@id":"https:\/\/www.wakonda.eu\/#website","url":"https:\/\/www.wakonda.eu\/","name":"Wakonda","description":"","publisher":{"@id":"https:\/\/www.wakonda.eu\/#organization"},"potentialAction":[{"@type":"SearchAction","target":{"@type":"EntryPoint","urlTemplate":"https:\/\/www.wakonda.eu\/?s={search_term_string}"},"query-input":{"@type":"PropertyValueSpecification","valueRequired":true,"valueName":"search_term_string"}}],"inLanguage":"fr-FR"},{"@type":"Organization","@id":"https:\/\/www.wakonda.eu\/#organization","name":"Wakonda","url":"https:\/\/www.wakonda.eu\/","logo":{"@type":"ImageObject","inLanguage":"fr-FR","@id":"https:\/\/www.wakonda.eu\/#\/schema\/logo\/image\/","url":"https:\/\/www.wakonda.eu\/wp-content\/uploads\/sites\/39\/2023\/05\/cropped-logo_wakonda.png","contentUrl":"https:\/\/www.wakonda.eu\/wp-content\/uploads\/sites\/39\/2023\/05\/cropped-logo_wakonda.png","width":256,"height":57,"caption":"Wakonda"},"image":{"@id":"https:\/\/www.wakonda.eu\/#\/schema\/logo\/image\/"}}]}},"_links":{"self":[{"href":"https:\/\/www.wakonda.eu\/fr\/wp-json\/wp\/v2\/pages\/2864","targetHints":{"allow":["GET"]}}],"collection":[{"href":"https:\/\/www.wakonda.eu\/fr\/wp-json\/wp\/v2\/pages"}],"about":[{"href":"https:\/\/www.wakonda.eu\/fr\/wp-json\/wp\/v2\/types\/page"}],"author":[{"embeddable":true,"href":"https:\/\/www.wakonda.eu\/fr\/wp-json\/wp\/v2\/users\/25"}],"replies":[{"embeddable":true,"href":"https:\/\/www.wakonda.eu\/fr\/wp-json\/wp\/v2\/comments?post=2864"}],"version-history":[{"count":3,"href":"https:\/\/www.wakonda.eu\/fr\/wp-json\/wp\/v2\/pages\/2864\/revisions"}],"predecessor-version":[{"id":3404,"href":"https:\/\/www.wakonda.eu\/fr\/wp-json\/wp\/v2\/pages\/2864\/revisions\/3404"}],"wp:attachment":[{"href":"https:\/\/www.wakonda.eu\/fr\/wp-json\/wp\/v2\/media?parent=2864"}],"curies":[{"name":"wp","href":"https:\/\/api.w.org\/{rel}","templated":true}]}}