
{"id":2913,"date":"2023-11-06T12:52:13","date_gmt":"2023-11-06T11:52:13","guid":{"rendered":"https:\/\/www.wakonda.eu\/?page_id=2913"},"modified":"2023-11-07T13:49:00","modified_gmt":"2023-11-07T12:49:00","slug":"energie","status":"publish","type":"page","link":"https:\/\/www.wakonda.eu\/fr\/energie\/","title":{"rendered":"Energie"},"content":{"rendered":"<div class=\"wpb-content-wrapper\"><p>[vc_row full_width=\u00a0\u00bbstretch_row\u00a0\u00bb css=\u00a0\u00bb.vc_custom_1688414436635{background-image: url(https:\/\/www.wakonda.eu\/wp-content\/uploads\/sites\/39\/2023\/07\/header_wakonda_energia.jpg?id=1760) !important;}\u00a0\u00bb el_id=\u00a0\u00bbriga_intestazione\u00a0\u00bb][vc_column width=\u00a0\u00bb1\/2&Prime;][vc_column_text]secteurs<\/p>\n<h2>ENERGIE<\/h2>\n<p>[\/vc_column_text][\/vc_column][vc_column width=\u00a0\u00bb1\/2&Prime;][\/vc_column][\/vc_row][vc_row full_width=\u00a0\u00bbstretch_row_content_no_spaces\u00a0\u00bb equal_height=\u00a0\u00bbyes\u00a0\u00bb el_id=\u00a0\u00bbriga_benefici\u00a0\u00bb][vc_column width=\u00a0\u00bb1\/6&Prime; el_class=\u00a0\u00bbcolonna_blu\u00a0\u00bb][\/vc_column][vc_column width=\u00a0\u00bb2\/6&Prime; el_class=\u00a0\u00bbcolonna_arancio\u00a0\u00bb][vc_column_text]<\/p>\n<h2>La premi\u00e8re BIORAFFINERIE<br \/>\n\u00e0 OFI<\/h2>\n<p>Le c\u0153ur battant de Wakonda est la premi\u00e8re bioraffinerie d\u2019Opuntia ficus indica au monde.[\/vc_column_text][\/vc_column][vc_column width=\u00a0\u00bb3\/6&Prime; el_class=\u00a0\u00bbcolonna_verde\u00a0\u00bb][\/vc_column][\/vc_row][vc_row full_width=\u00a0\u00bbstretch_row\u00a0\u00bb css=\u00a0\u00bb.vc_custom_1688415742822{margin-top: 100px !important;background-color: #00a2d9 !important;background-position: center !important;background-repeat: no-repeat !important;background-size: cover !important;}\u00a0\u00bb el_id=\u00a0\u00bbdettagli_energia\u00a0\u00bb][vc_column width=\u00a0\u00bb1\/2&Prime;][vc_column_text]<strong>La bioraffinerie r\u00e9ceptionne les cladodes frais collect\u00e9s sur le terrain et restitue divers produits:<\/strong><\/p>\n<ul>\n<li><strong>L&rsquo;eau de pressage des cladodes<\/strong>, un liquide riche en sels min\u00e9raux, fibres solubles, antioxydants et vitamines. Ce produit sera dans un premier temps r\u00e9cup\u00e9r\u00e9 pour l&rsquo;irrigation et deviendra dans un avenir proche la base de boissons saines, nutritives et innovantes que Wakonda d\u00e9veloppe en collaboration avec ses partenaires.<\/li>\n<li><strong>La farine de cladode<\/strong>, un produit aux applications diverses tant dans l&rsquo;industrie alimentaire que dans d&rsquo;autres industries comme les rem\u00e8des biologiques. La farine Cladode est produite gr\u00e2ce au proc\u00e9d\u00e9 innovant d\u00e9velopp\u00e9 par Wakonda Spa et utilisant uniquement des \u00e9nergies renouvelables<\/li>\n<li><strong>Aliments pour animaux<\/strong>, produits en deux versions, \u00e0 faible teneur en prot\u00e9ines (environ 5%) et \u00e0 haute teneur en prot\u00e9ines (environ 20-30% selon le type souhait\u00e9). Il s&rsquo;agit d&rsquo;un aliment \u00e0 faible empreinte CO2 et consommation d&rsquo;eau, plus durable que de nombreux autres aliments disponibles sur le march\u00e9 en Europe et qui permet l&rsquo;expansion de l&rsquo;\u00e9levage dans les zones arides et\/ou aux sols appauvris<\/li>\n<li><strong>\u00c9lectricit\u00e9<\/strong>, avec une puissance install\u00e9e de 300 kW et une production continue tout au long de la journ\u00e9e, un avantage par rapport aux \u00e9nergies renouvelables variables comme le soleil et l&rsquo;\u00e9olien<\/li>\n<li><strong>La chaleur<\/strong>, issue du cog\u00e9n\u00e9rateur qui produit de l&rsquo;\u00e9lectricit\u00e9 et qui est enti\u00e8rement r\u00e9utilis\u00e9e pour les cycles de production de la bioraffinerie, atteignant ainsi une autonomie \u00e9nerg\u00e9tique dans une perspective totalement circulaire<\/li>\n<\/ul>\n<p>[\/vc_column_text][\/vc_column][vc_column width=\u00a0\u00bb1\/2&Prime;][vc_single_image image=\u00a0\u00bb1790&Prime; img_size=\u00a0\u00bbfull\u00a0\u00bb][\/vc_column][\/vc_row]<\/p>\n<\/div>","protected":false},"excerpt":{"rendered":"[vc_row full_width=\u00a0\u00bbstretch_row\u00a0\u00bb css=\u00a0\u00bb.vc_custom_1688414436635{background-image: url(https:\/\/www.wakonda.eu\/wp-content\/uploads\/sites\/39\/2023\/07\/header_wakonda_energia.jpg?id=1760) !important;}\u00a0\u00bb el_id=\u00a0\u00bbriga_intestazione\u00a0\u00bb][vc_column width=\u00a0\u00bb1\/2&Prime;][vc_column_text]secteurs ENERGIE [\/vc_column_text][\/vc_column][vc_column width=\u00a0\u00bb1\/2&Prime;][\/vc_column][\/vc_row][vc_row full_width=\u00a0\u00bbstretch_row_content_no_spaces\u00a0\u00bb equal_height=\u00a0\u00bbyes\u00a0\u00bb el_id=\u00a0\u00bbriga_benefici\u00a0\u00bb][vc_column width=\u00a0\u00bb1\/6&Prime; el_class=\u00a0\u00bbcolonna_blu\u00a0\u00bb][\/vc_column][vc_column width=\u00a0\u00bb2\/6&Prime; el_class=\u00a0\u00bbcolonna_arancio\u00a0\u00bb][vc_column_text] La premi\u00e8re BIORAFFINERIE \u00e0 OFI Le c\u0153ur battant de Wakonda est la premi\u00e8re bioraffinerie d\u2019Opuntia ficus indica au monde.[\/vc_column_text][\/vc_column][vc_column width=\u00a0\u00bb3\/6&Prime; el_class=\u00a0\u00bbcolonna_verde\u00a0\u00bb][\/vc_column][\/vc_row][vc_row full_width=\u00a0\u00bbstretch_row\u00a0\u00bb css=\u00a0\u00bb.vc_custom_1688415742822{margin-top: 100px !important;background-color: #00a2d9 !important;background-position: center !important;background-repeat: no-repeat !important;background-size: cover !important;}\u00a0\u00bb el_id=\u00a0\u00bbdettagli_energia\u00a0\u00bb][vc_column width=\u00a0\u00bb1\/2&Prime;][vc_column_text]La bioraffinerie r\u00e9ceptionne les cladodes frais collect\u00e9s sur le terrain et restitue divers produits: L&rsquo;eau de pressage des cladodes, un liquide riche en sels min\u00e9raux, fibres solubles, antioxydants et vitamines. Ce produit sera dans un premier temps r\u00e9cup\u00e9r\u00e9 pour l&rsquo;irrigation et deviendra dans un avenir proche la base de boissons saines, nutritives et innovantes que Wakonda d\u00e9veloppe en collaboration avec ses partenaires. La farine de cladode, un produit aux applications diverses tant dans l&rsquo;industrie alimentaire que dans d&rsquo;autres industries comme les rem\u00e8des biologiques. La farine Cladode est produite gr\u00e2ce au proc\u00e9d\u00e9 innovant d\u00e9velopp\u00e9 par Wakonda Spa et utilisant uniquement des \u00e9nergies renouvelables Aliments pour animaux, produits en deux versions, \u00e0 faible teneur en prot\u00e9ines (environ 5%) et \u00e0 haute teneur en prot\u00e9ines (environ 20-30% selon le type souhait\u00e9). Il s&rsquo;agit d&rsquo;un aliment \u00e0 faible empreinte CO2 et consommation d&rsquo;eau, plus durable que de nombreux autres aliments disponibles sur le march\u00e9 en Europe et qui permet l&rsquo;expansion de l&rsquo;\u00e9levage dans les zones arides et\/ou aux sols appauvris \u00c9lectricit\u00e9, avec une puissance install\u00e9e de 300 kW et une production continue tout au long de la journ\u00e9e, un avantage par rapport aux \u00e9nergies renouvelables variables comme le soleil et l&rsquo;\u00e9olien La chaleur, issue du cog\u00e9n\u00e9rateur qui produit de l&rsquo;\u00e9lectricit\u00e9 et qui est enti\u00e8rement r\u00e9utilis\u00e9e pour les cycles de production de la bioraffinerie, atteignant ainsi une autonomie \u00e9nerg\u00e9tique dans une perspective totalement circulaire [\/vc_column_text][\/vc_column][vc_column width=\u00a0\u00bb1\/2&Prime;][vc_single_image image=\u00a0\u00bb1790&Prime; img_size=\u00a0\u00bbfull\u00a0\u00bb][\/vc_column][\/vc_row]","protected":false},"author":25,"featured_media":0,"parent":0,"menu_order":0,"comment_status":"closed","ping_status":"closed","template":"","meta":{"_acf_changed":false,"inline_featured_image":false,"site-sidebar-layout":"no-sidebar","site-content-layout":"plain-container","ast-site-content-layout":"default","site-content-style":"default","site-sidebar-style":"default","ast-global-header-display":"","ast-banner-title-visibility":"","ast-main-header-display":"","ast-hfb-above-header-display":"","ast-hfb-below-header-display":"","ast-hfb-mobile-header-display":"","site-post-title":"disabled","ast-breadcrumbs-content":"","ast-featured-img":"disabled","footer-sml-layout":"","ast-disable-related-posts":"","theme-transparent-header-meta":"default","adv-header-id-meta":"","stick-header-meta":"default","header-above-stick-meta":"","header-main-stick-meta":"","header-below-stick-meta":"","astra-migrate-meta-layouts":"set","ast-page-background-enabled":"default","ast-page-background-meta":{"desktop":{"background-color":"var(--ast-global-color-4)","background-image":"","background-repeat":"repeat","background-position":"center center","background-size":"auto","background-attachment":"scroll","background-type":"","background-media":"","overlay-type":"","overlay-color":"","overlay-opacity":"","overlay-gradient":""},"tablet":{"background-color":"","background-image":"","background-repeat":"repeat","background-position":"center center","background-size":"auto","background-attachment":"scroll","background-type":"","background-media":"","overlay-type":"","overlay-color":"","overlay-opacity":"","overlay-gradient":""},"mobile":{"background-color":"","background-image":"","background-repeat":"repeat","background-position":"center center","background-size":"auto","background-attachment":"scroll","background-type":"","background-media":"","overlay-type":"","overlay-color":"","overlay-opacity":"","overlay-gradient":""}},"ast-content-background-meta":{"desktop":{"background-color":"var(--ast-global-color-5)","background-image":"","background-repeat":"repeat","background-position":"center center","background-size":"auto","background-attachment":"scroll","background-type":"","background-media":"","overlay-type":"","overlay-color":"","overlay-opacity":"","overlay-gradient":""},"tablet":{"background-color":"var(--ast-global-color-5)","background-image":"","background-repeat":"repeat","background-position":"center center","background-size":"auto","background-attachment":"scroll","background-type":"","background-media":"","overlay-type":"","overlay-color":"","overlay-opacity":"","overlay-gradient":""},"mobile":{"background-color":"var(--ast-global-color-5)","background-image":"","background-repeat":"repeat","background-position":"center center","background-size":"auto","background-attachment":"scroll","background-type":"","background-media":"","overlay-type":"","overlay-color":"","overlay-opacity":"","overlay-gradient":""}},"footnotes":""},"class_list":["post-2913","page","type-page","status-publish","hentry"],"acf":[],"yoast_head":"<!-- This site is optimized with the Yoast SEO plugin v27.6 - https:\/\/yoast.com\/product\/yoast-seo-wordpress\/ -->\n<title>Energie - Wakonda<\/title>\n<meta name=\"robots\" content=\"index, follow, max-snippet:-1, max-image-preview:large, max-video-preview:-1\" \/>\n<link rel=\"canonical\" href=\"https:\/\/www.wakonda.eu\/fr\/energie\/\" \/>\n<meta property=\"og:locale\" content=\"fr_FR\" \/>\n<meta property=\"og:type\" content=\"article\" \/>\n<meta property=\"og:title\" content=\"Energie - Wakonda\" \/>\n<meta property=\"og:description\" content=\"[vc_row full_width=\u00a0\u00bbstretch_row\u00a0\u00bb css=\u00a0\u00bb.vc_custom_1688414436635{background-image: url(https:\/\/www.wakonda.eu\/wp-content\/uploads\/sites\/39\/2023\/07\/header_wakonda_energia.jpg?id=1760) !important;}\u00a0\u00bb el_id=\u00a0\u00bbriga_intestazione\u00a0\u00bb][vc_column width=\u00a0\u00bb1\/2&Prime;][vc_column_text]secteurs ENERGIE [\/vc_column_text][\/vc_column][vc_column width=\u00a0\u00bb1\/2&Prime;][\/vc_column][\/vc_row][vc_row full_width=\u00a0\u00bbstretch_row_content_no_spaces\u00a0\u00bb equal_height=\u00a0\u00bbyes\u00a0\u00bb el_id=\u00a0\u00bbriga_benefici\u00a0\u00bb][vc_column width=\u00a0\u00bb1\/6&Prime; el_class=\u00a0\u00bbcolonna_blu\u00a0\u00bb][\/vc_column][vc_column width=\u00a0\u00bb2\/6&Prime; el_class=\u00a0\u00bbcolonna_arancio\u00a0\u00bb][vc_column_text] La premi\u00e8re BIORAFFINERIE \u00e0 OFI Le c\u0153ur battant de Wakonda est la premi\u00e8re bioraffinerie d\u2019Opuntia ficus indica au monde.[\/vc_column_text][\/vc_column][vc_column width=\u00a0\u00bb3\/6&Prime; el_class=\u00a0\u00bbcolonna_verde\u00a0\u00bb][\/vc_column][\/vc_row][vc_row full_width=\u00a0\u00bbstretch_row\u00a0\u00bb css=\u00a0\u00bb.vc_custom_1688415742822{margin-top: 100px !important;background-color: #00a2d9 !important;background-position: center !important;background-repeat: no-repeat !important;background-size: cover !important;}\u00a0\u00bb el_id=\u00a0\u00bbdettagli_energia\u00a0\u00bb][vc_column width=\u00a0\u00bb1\/2&Prime;][vc_column_text]La bioraffinerie r\u00e9ceptionne les cladodes frais collect\u00e9s sur le terrain et restitue divers produits: L&rsquo;eau de pressage des cladodes, un liquide riche en sels min\u00e9raux, fibres solubles, antioxydants et vitamines. Ce produit sera dans un premier temps r\u00e9cup\u00e9r\u00e9 pour l&rsquo;irrigation et deviendra dans un avenir proche la base de boissons saines, nutritives et innovantes que Wakonda d\u00e9veloppe en collaboration avec ses partenaires. La farine de cladode, un produit aux applications diverses tant dans l&rsquo;industrie alimentaire que dans d&rsquo;autres industries comme les rem\u00e8des biologiques. La farine Cladode est produite gr\u00e2ce au proc\u00e9d\u00e9 innovant d\u00e9velopp\u00e9 par Wakonda Spa et utilisant uniquement des \u00e9nergies renouvelables Aliments pour animaux, produits en deux versions, \u00e0 faible teneur en prot\u00e9ines (environ 5%) et \u00e0 haute teneur en prot\u00e9ines (environ 20-30% selon le type souhait\u00e9). Il s&rsquo;agit d&rsquo;un aliment \u00e0 faible empreinte CO2 et consommation d&rsquo;eau, plus durable que de nombreux autres aliments disponibles sur le march\u00e9 en Europe et qui permet l&rsquo;expansion de l&rsquo;\u00e9levage dans les zones arides et\/ou aux sols appauvris \u00c9lectricit\u00e9, avec une puissance install\u00e9e de 300 kW et une production continue tout au long de la journ\u00e9e, un avantage par rapport aux \u00e9nergies renouvelables variables comme le soleil et l&rsquo;\u00e9olien La chaleur, issue du cog\u00e9n\u00e9rateur qui produit de l&rsquo;\u00e9lectricit\u00e9 et qui est enti\u00e8rement r\u00e9utilis\u00e9e pour les cycles de production de la bioraffinerie, atteignant ainsi une autonomie \u00e9nerg\u00e9tique dans une perspective totalement circulaire [\/vc_column_text][\/vc_column][vc_column width=\u00a0\u00bb1\/2&Prime;][vc_single_image image=\u00a0\u00bb1790&Prime; img_size=\u00a0\u00bbfull\u00a0\u00bb][\/vc_column][\/vc_row]\" \/>\n<meta property=\"og:url\" content=\"https:\/\/www.wakonda.eu\/fr\/energie\/\" \/>\n<meta property=\"og:site_name\" content=\"Wakonda\" \/>\n<meta property=\"article:modified_time\" content=\"2023-11-07T12:49:00+00:00\" \/>\n<meta name=\"twitter:card\" content=\"summary_large_image\" \/>\n<meta name=\"twitter:label1\" content=\"Dur\u00e9e de lecture estim\u00e9e\" \/>\n\t<meta name=\"twitter:data1\" content=\"2 minutes\" \/>\n<script type=\"application\/ld+json\" class=\"yoast-schema-graph\">{\"@context\":\"https:\\\/\\\/schema.org\",\"@graph\":[{\"@type\":\"WebPage\",\"@id\":\"https:\\\/\\\/www.wakonda.eu\\\/fr\\\/energie\\\/\",\"url\":\"https:\\\/\\\/www.wakonda.eu\\\/fr\\\/energie\\\/\",\"name\":\"Energie - Wakonda\",\"isPartOf\":{\"@id\":\"https:\\\/\\\/www.wakonda.eu\\\/#website\"},\"datePublished\":\"2023-11-06T11:52:13+00:00\",\"dateModified\":\"2023-11-07T12:49:00+00:00\",\"breadcrumb\":{\"@id\":\"https:\\\/\\\/www.wakonda.eu\\\/fr\\\/energie\\\/#breadcrumb\"},\"inLanguage\":\"fr-FR\",\"potentialAction\":[{\"@type\":\"ReadAction\",\"target\":[\"https:\\\/\\\/www.wakonda.eu\\\/fr\\\/energie\\\/\"]}]},{\"@type\":\"BreadcrumbList\",\"@id\":\"https:\\\/\\\/www.wakonda.eu\\\/fr\\\/energie\\\/#breadcrumb\",\"itemListElement\":[{\"@type\":\"ListItem\",\"position\":1,\"name\":\"Home\",\"item\":\"https:\\\/\\\/www.wakonda.eu\\\/fr\\\/\"},{\"@type\":\"ListItem\",\"position\":2,\"name\":\"Energie\"}]},{\"@type\":\"WebSite\",\"@id\":\"https:\\\/\\\/www.wakonda.eu\\\/#website\",\"url\":\"https:\\\/\\\/www.wakonda.eu\\\/\",\"name\":\"Wakonda\",\"description\":\"\",\"publisher\":{\"@id\":\"https:\\\/\\\/www.wakonda.eu\\\/#organization\"},\"potentialAction\":[{\"@type\":\"SearchAction\",\"target\":{\"@type\":\"EntryPoint\",\"urlTemplate\":\"https:\\\/\\\/www.wakonda.eu\\\/?s={search_term_string}\"},\"query-input\":{\"@type\":\"PropertyValueSpecification\",\"valueRequired\":true,\"valueName\":\"search_term_string\"}}],\"inLanguage\":\"fr-FR\"},{\"@type\":\"Organization\",\"@id\":\"https:\\\/\\\/www.wakonda.eu\\\/#organization\",\"name\":\"Wakonda\",\"url\":\"https:\\\/\\\/www.wakonda.eu\\\/\",\"logo\":{\"@type\":\"ImageObject\",\"inLanguage\":\"fr-FR\",\"@id\":\"https:\\\/\\\/www.wakonda.eu\\\/#\\\/schema\\\/logo\\\/image\\\/\",\"url\":\"https:\\\/\\\/www.wakonda.eu\\\/wp-content\\\/uploads\\\/sites\\\/39\\\/2023\\\/05\\\/cropped-logo_wakonda.png\",\"contentUrl\":\"https:\\\/\\\/www.wakonda.eu\\\/wp-content\\\/uploads\\\/sites\\\/39\\\/2023\\\/05\\\/cropped-logo_wakonda.png\",\"width\":256,\"height\":57,\"caption\":\"Wakonda\"},\"image\":{\"@id\":\"https:\\\/\\\/www.wakonda.eu\\\/#\\\/schema\\\/logo\\\/image\\\/\"}}]}<\/script>\n<!-- \/ Yoast SEO plugin. -->","yoast_head_json":{"title":"Energie - Wakonda","robots":{"index":"index","follow":"follow","max-snippet":"max-snippet:-1","max-image-preview":"max-image-preview:large","max-video-preview":"max-video-preview:-1"},"canonical":"https:\/\/www.wakonda.eu\/fr\/energie\/","og_locale":"fr_FR","og_type":"article","og_title":"Energie - Wakonda","og_description":"[vc_row full_width=\u00a0\u00bbstretch_row\u00a0\u00bb css=\u00a0\u00bb.vc_custom_1688414436635{background-image: url(https:\/\/www.wakonda.eu\/wp-content\/uploads\/sites\/39\/2023\/07\/header_wakonda_energia.jpg?id=1760) !important;}\u00a0\u00bb el_id=\u00a0\u00bbriga_intestazione\u00a0\u00bb][vc_column width=\u00a0\u00bb1\/2&Prime;][vc_column_text]secteurs ENERGIE [\/vc_column_text][\/vc_column][vc_column width=\u00a0\u00bb1\/2&Prime;][\/vc_column][\/vc_row][vc_row full_width=\u00a0\u00bbstretch_row_content_no_spaces\u00a0\u00bb equal_height=\u00a0\u00bbyes\u00a0\u00bb el_id=\u00a0\u00bbriga_benefici\u00a0\u00bb][vc_column width=\u00a0\u00bb1\/6&Prime; el_class=\u00a0\u00bbcolonna_blu\u00a0\u00bb][\/vc_column][vc_column width=\u00a0\u00bb2\/6&Prime; el_class=\u00a0\u00bbcolonna_arancio\u00a0\u00bb][vc_column_text] La premi\u00e8re BIORAFFINERIE \u00e0 OFI Le c\u0153ur battant de Wakonda est la premi\u00e8re bioraffinerie d\u2019Opuntia ficus indica au monde.[\/vc_column_text][\/vc_column][vc_column width=\u00a0\u00bb3\/6&Prime; el_class=\u00a0\u00bbcolonna_verde\u00a0\u00bb][\/vc_column][\/vc_row][vc_row full_width=\u00a0\u00bbstretch_row\u00a0\u00bb css=\u00a0\u00bb.vc_custom_1688415742822{margin-top: 100px !important;background-color: #00a2d9 !important;background-position: center !important;background-repeat: no-repeat !important;background-size: cover !important;}\u00a0\u00bb el_id=\u00a0\u00bbdettagli_energia\u00a0\u00bb][vc_column width=\u00a0\u00bb1\/2&Prime;][vc_column_text]La bioraffinerie r\u00e9ceptionne les cladodes frais collect\u00e9s sur le terrain et restitue divers produits: L&rsquo;eau de pressage des cladodes, un liquide riche en sels min\u00e9raux, fibres solubles, antioxydants et vitamines. Ce produit sera dans un premier temps r\u00e9cup\u00e9r\u00e9 pour l&rsquo;irrigation et deviendra dans un avenir proche la base de boissons saines, nutritives et innovantes que Wakonda d\u00e9veloppe en collaboration avec ses partenaires. La farine de cladode, un produit aux applications diverses tant dans l&rsquo;industrie alimentaire que dans d&rsquo;autres industries comme les rem\u00e8des biologiques. La farine Cladode est produite gr\u00e2ce au proc\u00e9d\u00e9 innovant d\u00e9velopp\u00e9 par Wakonda Spa et utilisant uniquement des \u00e9nergies renouvelables Aliments pour animaux, produits en deux versions, \u00e0 faible teneur en prot\u00e9ines (environ 5%) et \u00e0 haute teneur en prot\u00e9ines (environ 20-30% selon le type souhait\u00e9). Il s&rsquo;agit d&rsquo;un aliment \u00e0 faible empreinte CO2 et consommation d&rsquo;eau, plus durable que de nombreux autres aliments disponibles sur le march\u00e9 en Europe et qui permet l&rsquo;expansion de l&rsquo;\u00e9levage dans les zones arides et\/ou aux sols appauvris \u00c9lectricit\u00e9, avec une puissance install\u00e9e de 300 kW et une production continue tout au long de la journ\u00e9e, un avantage par rapport aux \u00e9nergies renouvelables variables comme le soleil et l&rsquo;\u00e9olien La chaleur, issue du cog\u00e9n\u00e9rateur qui produit de l&rsquo;\u00e9lectricit\u00e9 et qui est enti\u00e8rement r\u00e9utilis\u00e9e pour les cycles de production de la bioraffinerie, atteignant ainsi une autonomie \u00e9nerg\u00e9tique dans une perspective totalement circulaire [\/vc_column_text][\/vc_column][vc_column width=\u00a0\u00bb1\/2&Prime;][vc_single_image image=\u00a0\u00bb1790&Prime; img_size=\u00a0\u00bbfull\u00a0\u00bb][\/vc_column][\/vc_row]","og_url":"https:\/\/www.wakonda.eu\/fr\/energie\/","og_site_name":"Wakonda","article_modified_time":"2023-11-07T12:49:00+00:00","twitter_card":"summary_large_image","twitter_misc":{"Dur\u00e9e de lecture estim\u00e9e":"2 minutes"},"schema":{"@context":"https:\/\/schema.org","@graph":[{"@type":"WebPage","@id":"https:\/\/www.wakonda.eu\/fr\/energie\/","url":"https:\/\/www.wakonda.eu\/fr\/energie\/","name":"Energie - Wakonda","isPartOf":{"@id":"https:\/\/www.wakonda.eu\/#website"},"datePublished":"2023-11-06T11:52:13+00:00","dateModified":"2023-11-07T12:49:00+00:00","breadcrumb":{"@id":"https:\/\/www.wakonda.eu\/fr\/energie\/#breadcrumb"},"inLanguage":"fr-FR","potentialAction":[{"@type":"ReadAction","target":["https:\/\/www.wakonda.eu\/fr\/energie\/"]}]},{"@type":"BreadcrumbList","@id":"https:\/\/www.wakonda.eu\/fr\/energie\/#breadcrumb","itemListElement":[{"@type":"ListItem","position":1,"name":"Home","item":"https:\/\/www.wakonda.eu\/fr\/"},{"@type":"ListItem","position":2,"name":"Energie"}]},{"@type":"WebSite","@id":"https:\/\/www.wakonda.eu\/#website","url":"https:\/\/www.wakonda.eu\/","name":"Wakonda","description":"","publisher":{"@id":"https:\/\/www.wakonda.eu\/#organization"},"potentialAction":[{"@type":"SearchAction","target":{"@type":"EntryPoint","urlTemplate":"https:\/\/www.wakonda.eu\/?s={search_term_string}"},"query-input":{"@type":"PropertyValueSpecification","valueRequired":true,"valueName":"search_term_string"}}],"inLanguage":"fr-FR"},{"@type":"Organization","@id":"https:\/\/www.wakonda.eu\/#organization","name":"Wakonda","url":"https:\/\/www.wakonda.eu\/","logo":{"@type":"ImageObject","inLanguage":"fr-FR","@id":"https:\/\/www.wakonda.eu\/#\/schema\/logo\/image\/","url":"https:\/\/www.wakonda.eu\/wp-content\/uploads\/sites\/39\/2023\/05\/cropped-logo_wakonda.png","contentUrl":"https:\/\/www.wakonda.eu\/wp-content\/uploads\/sites\/39\/2023\/05\/cropped-logo_wakonda.png","width":256,"height":57,"caption":"Wakonda"},"image":{"@id":"https:\/\/www.wakonda.eu\/#\/schema\/logo\/image\/"}}]}},"_links":{"self":[{"href":"https:\/\/www.wakonda.eu\/fr\/wp-json\/wp\/v2\/pages\/2913","targetHints":{"allow":["GET"]}}],"collection":[{"href":"https:\/\/www.wakonda.eu\/fr\/wp-json\/wp\/v2\/pages"}],"about":[{"href":"https:\/\/www.wakonda.eu\/fr\/wp-json\/wp\/v2\/types\/page"}],"author":[{"embeddable":true,"href":"https:\/\/www.wakonda.eu\/fr\/wp-json\/wp\/v2\/users\/25"}],"replies":[{"embeddable":true,"href":"https:\/\/www.wakonda.eu\/fr\/wp-json\/wp\/v2\/comments?post=2913"}],"version-history":[{"count":3,"href":"https:\/\/www.wakonda.eu\/fr\/wp-json\/wp\/v2\/pages\/2913\/revisions"}],"predecessor-version":[{"id":3265,"href":"https:\/\/www.wakonda.eu\/fr\/wp-json\/wp\/v2\/pages\/2913\/revisions\/3265"}],"wp:attachment":[{"href":"https:\/\/www.wakonda.eu\/fr\/wp-json\/wp\/v2\/media?parent=2913"}],"curies":[{"name":"wp","href":"https:\/\/api.w.org\/{rel}","templated":true}]}}