
{"id":2862,"date":"2023-11-06T12:38:03","date_gmt":"2023-11-06T11:38:03","guid":{"rendered":"https:\/\/www.wakonda.eu\/?page_id=2862"},"modified":"2023-11-07T17:50:09","modified_gmt":"2023-11-07T16:50:09","slug":"approachptbr","status":"publish","type":"page","link":"https:\/\/www.wakonda.eu\/pt-br\/approachptbr\/","title":{"rendered":"Approach"},"content":{"rendered":"<div class=\"wpb-content-wrapper\"><p>[vc_row full_width=&#8221;stretch_row&#8221; css=&#8221;.vc_custom_1689067533093{background-image: url(https:\/\/www.wakonda.eu\/wp-content\/uploads\/sites\/39\/2023\/07\/Wakonda_img_MISSION_Approach.jpg?id=1986) !important;background-position: center !important;background-repeat: no-repeat !important;background-size: cover !important;}&#8221; el_id=&#8221;riga_intestazione&#8221;][vc_column width=&#8221;1\/2&#8243;][vc_column_text]miss\u00e3o<\/p>\n<h2>APPROACH<\/h2>\n<p>[\/vc_column_text][\/vc_column][vc_column width=&#8221;1\/2&#8243;][\/vc_column][\/vc_row][vc_row full_width=&#8221;stretch_row_content_no_spaces&#8221; equal_height=&#8221;yes&#8221; el_id=&#8221;riga_benefici&#8221;][vc_column width=&#8221;1\/6&#8243; el_class=&#8221;colonna_blu&#8221;][\/vc_column][vc_column width=&#8221;2\/6&#8243; el_class=&#8221;colonna_arancio&#8221;][vc_column_text]Aspiramos construir um mundo mais justo, onde os problemas de abastecimento alimentar e energ\u00e9tico sejam resolvidos, com processos produtivos que respeitem integralmente o meio ambiente[\/vc_column_text][\/vc_column][vc_column width=&#8221;3\/6&#8243; el_class=&#8221;colonna_verde&#8221;][\/vc_column][\/vc_row][vc_row el_id=&#8221;slide_row&#8221; el_class=&#8221;hide&#8221;][vc_column css=&#8221;.vc_custom_1688379536533{margin-top: 50px !important;}&#8221;]<div id=\"ult-carousel-33544062136a0469d5a71cb\" class=\"ult-carousel-wrapper   ult_horizontal\" data-gutter=\"50\" data-rtl=\"false\" ><div class=\"ult-carousel-4359150656a0469d5a707c \" >[vc_row_inner el_class=&#8221;slide_one&#8221; css=&#8221;.vc_custom_1688380654554{background-image: url(https:\/\/www.wakonda.eu\/wp-content\/uploads\/sites\/39\/2022\/12\/Nuovo-progetto-2022-12-12T093244.289.png?id=363) !important;background-position: center !important;background-repeat: no-repeat !important;background-size: cover !important;border-radius: 20px !important;}&#8221;][vc_column_inner width=&#8221;1\/2&#8243;][\/vc_column_inner][vc_column_inner width=&#8221;1\/2&#8243;][vc_column_text]<\/p>\n<h2>Alimenta\u00e7\u00e3o animal<\/h2>\n<p>Wakonda desenvolveu uma gama de feeds a partir de Opuntia Ficus Indica (OFI). As ra\u00e7\u00f5es s\u00e3o enriquecidas com prote\u00ednas de levedura obtidas pela fermenta\u00e7\u00e3o de leveduras e podem ser obtidas com baixo impacto ambiental em termos de emiss\u00f5es de CO2 e baixa pegada h\u00eddrica.[\/vc_column_text][\/vc_column_inner][\/vc_row_inner][vc_row_inner el_class=&#8221;slide_one&#8221; css=&#8221;.vc_custom_1688380358987{background-image: url(https:\/\/www.wakonda.eu\/wp-content\/uploads\/sites\/39\/2023\/07\/Wakonda_Alimentazione.jpg?id=1693) !important;background-position: center !important;background-repeat: no-repeat !important;background-size: cover !important;border-radius: 20px !important;}&#8221;][vc_column_inner width=&#8221;1\/2&#8243;][\/vc_column_inner][vc_column_inner width=&#8221;1\/2&#8243;][vc_column_text]<\/p>\n<h2>Alimentos<\/h2>\n<p>Opuntia Ficus Indica (OFI) \u00e9 uma planta que sempre foi consumida na dieta alimentar. Os benef\u00edcios do consumo de OFI s\u00e3o muitos: com o seu conte\u00fado rico em fibras, minerais e vitaminas \u00e9 um aporte \u00fatil para uma alimenta\u00e7\u00e3o equilibrada.[\/vc_column_text][\/vc_column_inner][\/vc_row_inner][vc_row_inner el_class=&#8221;slide_one&#8221; css=&#8221;.vc_custom_1688380375923{background-image: url(https:\/\/www.wakonda.eu\/wp-content\/uploads\/sites\/39\/2023\/07\/Wakonda_Energia.jpg?id=1692) !important;background-position: center !important;background-repeat: no-repeat !important;background-size: cover !important;border-radius: 20px !important;}&#8221;][vc_column_inner width=&#8221;1\/2&#8243;][\/vc_column_inner][vc_column_inner width=&#8221;1\/2&#8243;][vc_column_text]<\/p>\n<h2>Energia<\/h2>\n<p>Opuntia Ficus Indica (OFI) \u00e9 uma planta de energia. Pode ser utilizado para recuperar terrenos de baixa fertilidade, pois pode ser utilizado onde quer que haja temperaturas de -5\u00b0 a +50\u00b0C e precipita\u00e7\u00f5es at\u00e9 1000 mm por ano.[\/vc_column_text][\/vc_column_inner][\/vc_row_inner]<\/div><\/div>\t\t\t<script type=\"text\/javascript\">\n\t\t\t\tjQuery(document).ready(function ($) {\n\t\t\t\t\tif( typeof jQuery('.ult-carousel-4359150656a0469d5a707c').slick == \"function\"){\n\t\t\t\t\t\t$('.ult-carousel-4359150656a0469d5a707c').slick({dots: true,autoplaySpeed: \"5000\",speed: \"300\",infinite: true,arrows: false,slidesToScroll:1,slidesToShow:1,swipe: true,draggable: true,touchMove: true,pauseOnHover: true,pauseOnFocus: false,centerMode: true,responsive: [\n\t\t\t\t\t\t\t{\n\t\t\t\t\t\t\t  breakpoint: 1026,\n\t\t\t\t\t\t\t  settings: {\n\t\t\t\t\t\t\t\tslidesToShow: 1,\n\t\t\t\t\t\t\t\tslidesToScroll: 1,  \n\t\t\t\t\t\t\t  }\n\t\t\t\t\t\t\t},\n\t\t\t\t\t\t\t{\n\t\t\t\t\t\t\t  breakpoint: 1025,\n\t\t\t\t\t\t\t  settings: {\n\t\t\t\t\t\t\t\tslidesToShow: 1,\n\t\t\t\t\t\t\t\tslidesToScroll: 1\n\t\t\t\t\t\t\t  }\n\t\t\t\t\t\t\t},\n\t\t\t\t\t\t\t{\n\t\t\t\t\t\t\t  breakpoint: 760,\n\t\t\t\t\t\t\t  settings: {\n\t\t\t\t\t\t\t\tslidesToShow: 1,\n\t\t\t\t\t\t\t\tslidesToScroll: 1\n\t\t\t\t\t\t\t  }\n\t\t\t\t\t\t\t}\n\t\t\t\t\t\t],pauseOnDotsHover: true,customPaging: function(slider, i) {\n                   return '<i type=\"button\" style= \"color:#333333;\" class=\"ultsl-record\" data-role=\"none\"><\/i>';\n                },});\n\t\t\t\t\t}\n\t\t\t\t});\n\t\t\t<\/script>\n\t\t\t[\/vc_column][\/vc_row][vc_row el_class=&#8221;new_slider&#8221;][vc_column]<div id=\"ult-carousel-39689233776a0469d5a72e5\" class=\"ult-carousel-wrapper   ult_horizontal\" data-gutter=\"15\" data-rtl=\"false\" ><div class=\"ult-carousel-34491345186a0469d5a72a0 \" >[vc_row_inner css=&#8221;.vc_custom_1688484736702{background-image: url(https:\/\/www.wakonda.eu\/wp-content\/uploads\/sites\/39\/2022\/12\/Nuovo-progetto-2022-12-12T093244.289.png?id=363) !important;background-position: center !important;background-repeat: no-repeat !important;background-size: cover !important;border-radius: 20px !important;}&#8221; el_class=&#8221;new_slider_row&#8221;][vc_column_inner][vc_single_image image=&#8221;363&#8243; img_size=&#8221;full&#8221;][vc_column_text]<\/p>\n<h2>Alimenta\u00e7\u00e3o animal<\/h2>\n<p>Wakonda desenvolveu uma gama de feeds a partir de Opuntia Ficus Indica (OFI). As ra\u00e7\u00f5es s\u00e3o enriquecidas com prote\u00ednas de levedura obtidas pela fermenta\u00e7\u00e3o de leveduras e podem ser obtidas com baixo impacto ambiental em termos de emiss\u00f5es de CO2 e baixa pegada h\u00eddrica.[\/vc_column_text][\/vc_column_inner][\/vc_row_inner][vc_row_inner css=&#8221;.vc_custom_1688486813350{background-image: url(https:\/\/www.wakonda.eu\/wp-content\/uploads\/sites\/39\/2023\/07\/Wakonda_Alimentazione.jpg?id=1693) !important;background-position: center !important;background-repeat: no-repeat !important;background-size: cover !important;border-radius: 20px !important;}&#8221; el_class=&#8221;new_slider_row&#8221;][vc_column_inner][vc_single_image image=&#8221;1693&#8243; img_size=&#8221;full&#8221;][vc_column_text]<\/p>\n<h2>Alimentos<\/h2>\n<p>Opuntia Ficus Indica (OFI) \u00e9 uma planta que sempre foi consumida na dieta alimentar. Os benef\u00edcios do consumo de OFI s\u00e3o muitos: com o seu conte\u00fado rico em fibras, minerais e vitaminas \u00e9 um aporte \u00fatil para uma alimenta\u00e7\u00e3o equilibrada.[\/vc_column_text][\/vc_column_inner][\/vc_row_inner][vc_row_inner css=&#8221;.vc_custom_1688486843955{background-image: url(https:\/\/www.wakonda.eu\/wp-content\/uploads\/sites\/39\/2023\/07\/Wakonda_Energia.jpg?id=1692) !important;background-position: center !important;background-repeat: no-repeat !important;background-size: cover !important;border-radius: 20px !important;}&#8221; el_class=&#8221;new_slider_row&#8221;][vc_column_inner][vc_single_image image=&#8221;1692&#8243; img_size=&#8221;full&#8221;][vc_column_text]<\/p>\n<h2>Energia<\/h2>\n<p>Opuntia Ficus Indica (OFI) \u00e9 uma planta de energia. Pode ser utilizado para recuperar terrenos de baixa fertilidade, pois pode ser utilizado onde quer que haja temperaturas de -5\u00b0 a +50\u00b0C e precipita\u00e7\u00f5es at\u00e9 1000 mm por ano.[\/vc_column_text][\/vc_column_inner][\/vc_row_inner]<\/div><\/div>\t\t\t<script type=\"text\/javascript\">\n\t\t\t\tjQuery(document).ready(function ($) {\n\t\t\t\t\tif( typeof jQuery('.ult-carousel-34491345186a0469d5a72a0').slick == \"function\"){\n\t\t\t\t\t\t$('.ult-carousel-34491345186a0469d5a72a0').slick({dots: true,autoplaySpeed: \"5000\",speed: \"300\",infinite: true,arrows: true,nextArrow: '<button type=\"button\" role=\"button\" aria-label=\"Next\" style=\"color:#333333; font-size:20px;\" class=\"slick-next default\"><i class=\"ultsl-arrow-right4\"><\/i><\/button>',prevArrow: '<button type=\"button\" role=\"button\" aria-label=\"Previous\" style=\"color:#333333; font-size:20px;\" class=\"slick-prev default\"><i class=\"ultsl-arrow-left4\"><\/i><\/button>',slidesToScroll:1,slidesToShow:1,swipe: true,draggable: true,touchMove: true,pauseOnHover: true,pauseOnFocus: false,responsive: [\n\t\t\t\t\t\t\t{\n\t\t\t\t\t\t\t  breakpoint: 1026,\n\t\t\t\t\t\t\t  settings: {\n\t\t\t\t\t\t\t\tslidesToShow: 1,\n\t\t\t\t\t\t\t\tslidesToScroll: 1,  \n\t\t\t\t\t\t\t  }\n\t\t\t\t\t\t\t},\n\t\t\t\t\t\t\t{\n\t\t\t\t\t\t\t  breakpoint: 1025,\n\t\t\t\t\t\t\t  settings: {\n\t\t\t\t\t\t\t\tslidesToShow: 1,\n\t\t\t\t\t\t\t\tslidesToScroll: 1\n\t\t\t\t\t\t\t  }\n\t\t\t\t\t\t\t},\n\t\t\t\t\t\t\t{\n\t\t\t\t\t\t\t  breakpoint: 760,\n\t\t\t\t\t\t\t  settings: {\n\t\t\t\t\t\t\t\tslidesToShow: 1,\n\t\t\t\t\t\t\t\tslidesToScroll: 1\n\t\t\t\t\t\t\t  }\n\t\t\t\t\t\t\t}\n\t\t\t\t\t\t],pauseOnDotsHover: true,customPaging: function(slider, i) {\n                   return '<i type=\"button\" style= \"color:#333333;\" class=\"ultsl-record\" data-role=\"none\"><\/i>';\n                },});\n\t\t\t\t\t}\n\t\t\t\t});\n\t\t\t<\/script>\n\t\t\t[\/vc_column][\/vc_row]<\/p>\n<\/div>","protected":false},"excerpt":{"rendered":"[vc_row full_width=&#8221;stretch_row&#8221; css=&#8221;.vc_custom_1689067533093{background-image: url(https:\/\/www.wakonda.eu\/wp-content\/uploads\/sites\/39\/2023\/07\/Wakonda_img_MISSION_Approach.jpg?id=1986) !important;background-position: center !important;background-repeat: no-repeat !important;background-size: cover !important;}&#8221; el_id=&#8221;riga_intestazione&#8221;][vc_column width=&#8221;1\/2&#8243;][vc_column_text]miss\u00e3o APPROACH [\/vc_column_text][\/vc_column][vc_column width=&#8221;1\/2&#8243;][\/vc_column][\/vc_row][vc_row full_width=&#8221;stretch_row_content_no_spaces&#8221; equal_height=&#8221;yes&#8221; el_id=&#8221;riga_benefici&#8221;][vc_column width=&#8221;1\/6&#8243; el_class=&#8221;colonna_blu&#8221;][\/vc_column][vc_column width=&#8221;2\/6&#8243; el_class=&#8221;colonna_arancio&#8221;][vc_column_text]Aspiramos construir um mundo mais justo, onde os problemas de abastecimento alimentar e energ\u00e9tico sejam resolvidos, com processos produtivos que respeitem integralmente o meio ambiente[\/vc_column_text][\/vc_column][vc_column width=&#8221;3\/6&#8243; el_class=&#8221;colonna_verde&#8221;][\/vc_column][\/vc_row][vc_row el_id=&#8221;slide_row&#8221; el_class=&#8221;hide&#8221;][vc_column css=&#8221;.vc_custom_1688379536533{margin-top: 50px !important;}&#8221;][\/vc_column][\/vc_row][vc_row el_class=&#8221;new_slider&#8221;][vc_column][\/vc_column][\/vc_row]","protected":false},"author":25,"featured_media":0,"parent":0,"menu_order":0,"comment_status":"closed","ping_status":"closed","template":"","meta":{"_acf_changed":false,"inline_featured_image":false,"site-sidebar-layout":"no-sidebar","site-content-layout":"plain-container","ast-site-content-layout":"default","site-content-style":"default","site-sidebar-style":"default","ast-global-header-display":"","ast-banner-title-visibility":"","ast-main-header-display":"","ast-hfb-above-header-display":"","ast-hfb-below-header-display":"","ast-hfb-mobile-header-display":"","site-post-title":"disabled","ast-breadcrumbs-content":"","ast-featured-img":"disabled","footer-sml-layout":"","ast-disable-related-posts":"","theme-transparent-header-meta":"default","adv-header-id-meta":"","stick-header-meta":"default","header-above-stick-meta":"","header-main-stick-meta":"","header-below-stick-meta":"","astra-migrate-meta-layouts":"set","ast-page-background-enabled":"default","ast-page-background-meta":{"desktop":{"background-color":"var(--ast-global-color-4)","background-image":"","background-repeat":"repeat","background-position":"center center","background-size":"auto","background-attachment":"scroll","background-type":"","background-media":"","overlay-type":"","overlay-color":"","overlay-opacity":"","overlay-gradient":""},"tablet":{"background-color":"","background-image":"","background-repeat":"repeat","background-position":"center center","background-size":"auto","background-attachment":"scroll","background-type":"","background-media":"","overlay-type":"","overlay-color":"","overlay-opacity":"","overlay-gradient":""},"mobile":{"background-color":"","background-image":"","background-repeat":"repeat","background-position":"center center","background-size":"auto","background-attachment":"scroll","background-type":"","background-media":"","overlay-type":"","overlay-color":"","overlay-opacity":"","overlay-gradient":""}},"ast-content-background-meta":{"desktop":{"background-color":"var(--ast-global-color-5)","background-image":"","background-repeat":"repeat","background-position":"center center","background-size":"auto","background-attachment":"scroll","background-type":"","background-media":"","overlay-type":"","overlay-color":"","overlay-opacity":"","overlay-gradient":""},"tablet":{"background-color":"var(--ast-global-color-5)","background-image":"","background-repeat":"repeat","background-position":"center center","background-size":"auto","background-attachment":"scroll","background-type":"","background-media":"","overlay-type":"","overlay-color":"","overlay-opacity":"","overlay-gradient":""},"mobile":{"background-color":"var(--ast-global-color-5)","background-image":"","background-repeat":"repeat","background-position":"center center","background-size":"auto","background-attachment":"scroll","background-type":"","background-media":"","overlay-type":"","overlay-color":"","overlay-opacity":"","overlay-gradient":""}},"footnotes":""},"class_list":["post-2862","page","type-page","status-publish","hentry"],"acf":[],"yoast_head":"<!-- This site is optimized with the Yoast SEO plugin v27.6 - https:\/\/yoast.com\/product\/yoast-seo-wordpress\/ -->\n<title>Approach - Wakonda<\/title>\n<meta name=\"robots\" content=\"index, follow, max-snippet:-1, max-image-preview:large, max-video-preview:-1\" \/>\n<link rel=\"canonical\" href=\"https:\/\/www.wakonda.eu\/pt-br\/approachptbr\/\" \/>\n<meta property=\"og:locale\" content=\"pt_BR\" \/>\n<meta property=\"og:type\" content=\"article\" \/>\n<meta property=\"og:title\" content=\"Approach - Wakonda\" \/>\n<meta property=\"og:description\" content=\"[vc_row full_width=&#8221;stretch_row&#8221; css=&#8221;.vc_custom_1689067533093{background-image: url(https:\/\/www.wakonda.eu\/wp-content\/uploads\/sites\/39\/2023\/07\/Wakonda_img_MISSION_Approach.jpg?id=1986) !important;background-position: center !important;background-repeat: no-repeat !important;background-size: cover !important;}&#8221; el_id=&#8221;riga_intestazione&#8221;][vc_column width=&#8221;1\/2&#8243;][vc_column_text]miss\u00e3o APPROACH [\/vc_column_text][\/vc_column][vc_column width=&#8221;1\/2&#8243;][\/vc_column][\/vc_row][vc_row full_width=&#8221;stretch_row_content_no_spaces&#8221; equal_height=&#8221;yes&#8221; el_id=&#8221;riga_benefici&#8221;][vc_column width=&#8221;1\/6&#8243; el_class=&#8221;colonna_blu&#8221;][\/vc_column][vc_column width=&#8221;2\/6&#8243; el_class=&#8221;colonna_arancio&#8221;][vc_column_text]Aspiramos construir um mundo mais justo, onde os problemas de abastecimento alimentar e energ\u00e9tico sejam resolvidos, com processos produtivos que respeitem integralmente o meio ambiente[\/vc_column_text][\/vc_column][vc_column width=&#8221;3\/6&#8243; el_class=&#8221;colonna_verde&#8221;][\/vc_column][\/vc_row][vc_row el_id=&#8221;slide_row&#8221; el_class=&#8221;hide&#8221;][vc_column css=&#8221;.vc_custom_1688379536533{margin-top: 50px !important;}&#8221;][\/vc_column][\/vc_row][vc_row el_class=&#8221;new_slider&#8221;][vc_column][\/vc_column][\/vc_row]\" \/>\n<meta property=\"og:url\" content=\"https:\/\/www.wakonda.eu\/pt-br\/approachptbr\/\" \/>\n<meta property=\"og:site_name\" content=\"Wakonda\" \/>\n<meta property=\"article:modified_time\" content=\"2023-11-07T16:50:09+00:00\" \/>\n<meta name=\"twitter:card\" content=\"summary_large_image\" \/>\n<meta name=\"twitter:label1\" content=\"Est. tempo de leitura\" \/>\n\t<meta name=\"twitter:data1\" content=\"3 minutos\" \/>\n<script type=\"application\/ld+json\" class=\"yoast-schema-graph\">{\"@context\":\"https:\\\/\\\/schema.org\",\"@graph\":[{\"@type\":\"WebPage\",\"@id\":\"https:\\\/\\\/www.wakonda.eu\\\/pt-br\\\/approachptbr\\\/\",\"url\":\"https:\\\/\\\/www.wakonda.eu\\\/pt-br\\\/approachptbr\\\/\",\"name\":\"Approach - Wakonda\",\"isPartOf\":{\"@id\":\"https:\\\/\\\/www.wakonda.eu\\\/#website\"},\"datePublished\":\"2023-11-06T11:38:03+00:00\",\"dateModified\":\"2023-11-07T16:50:09+00:00\",\"breadcrumb\":{\"@id\":\"https:\\\/\\\/www.wakonda.eu\\\/pt-br\\\/approachptbr\\\/#breadcrumb\"},\"inLanguage\":\"pt-BR\",\"potentialAction\":[{\"@type\":\"ReadAction\",\"target\":[\"https:\\\/\\\/www.wakonda.eu\\\/pt-br\\\/approachptbr\\\/\"]}]},{\"@type\":\"BreadcrumbList\",\"@id\":\"https:\\\/\\\/www.wakonda.eu\\\/pt-br\\\/approachptbr\\\/#breadcrumb\",\"itemListElement\":[{\"@type\":\"ListItem\",\"position\":1,\"name\":\"Home\",\"item\":\"https:\\\/\\\/www.wakonda.eu\\\/pt-br\\\/\"},{\"@type\":\"ListItem\",\"position\":2,\"name\":\"Approach\"}]},{\"@type\":\"WebSite\",\"@id\":\"https:\\\/\\\/www.wakonda.eu\\\/#website\",\"url\":\"https:\\\/\\\/www.wakonda.eu\\\/\",\"name\":\"Wakonda\",\"description\":\"\",\"publisher\":{\"@id\":\"https:\\\/\\\/www.wakonda.eu\\\/#organization\"},\"potentialAction\":[{\"@type\":\"SearchAction\",\"target\":{\"@type\":\"EntryPoint\",\"urlTemplate\":\"https:\\\/\\\/www.wakonda.eu\\\/?s={search_term_string}\"},\"query-input\":{\"@type\":\"PropertyValueSpecification\",\"valueRequired\":true,\"valueName\":\"search_term_string\"}}],\"inLanguage\":\"pt-BR\"},{\"@type\":\"Organization\",\"@id\":\"https:\\\/\\\/www.wakonda.eu\\\/#organization\",\"name\":\"Wakonda\",\"url\":\"https:\\\/\\\/www.wakonda.eu\\\/\",\"logo\":{\"@type\":\"ImageObject\",\"inLanguage\":\"pt-BR\",\"@id\":\"https:\\\/\\\/www.wakonda.eu\\\/#\\\/schema\\\/logo\\\/image\\\/\",\"url\":\"https:\\\/\\\/www.wakonda.eu\\\/wp-content\\\/uploads\\\/sites\\\/39\\\/2023\\\/05\\\/cropped-logo_wakonda.png\",\"contentUrl\":\"https:\\\/\\\/www.wakonda.eu\\\/wp-content\\\/uploads\\\/sites\\\/39\\\/2023\\\/05\\\/cropped-logo_wakonda.png\",\"width\":256,\"height\":57,\"caption\":\"Wakonda\"},\"image\":{\"@id\":\"https:\\\/\\\/www.wakonda.eu\\\/#\\\/schema\\\/logo\\\/image\\\/\"}}]}<\/script>\n<!-- \/ Yoast SEO plugin. -->","yoast_head_json":{"title":"Approach - Wakonda","robots":{"index":"index","follow":"follow","max-snippet":"max-snippet:-1","max-image-preview":"max-image-preview:large","max-video-preview":"max-video-preview:-1"},"canonical":"https:\/\/www.wakonda.eu\/pt-br\/approachptbr\/","og_locale":"pt_BR","og_type":"article","og_title":"Approach - Wakonda","og_description":"[vc_row full_width=&#8221;stretch_row&#8221; css=&#8221;.vc_custom_1689067533093{background-image: url(https:\/\/www.wakonda.eu\/wp-content\/uploads\/sites\/39\/2023\/07\/Wakonda_img_MISSION_Approach.jpg?id=1986) !important;background-position: center !important;background-repeat: no-repeat !important;background-size: cover !important;}&#8221; el_id=&#8221;riga_intestazione&#8221;][vc_column width=&#8221;1\/2&#8243;][vc_column_text]miss\u00e3o APPROACH [\/vc_column_text][\/vc_column][vc_column width=&#8221;1\/2&#8243;][\/vc_column][\/vc_row][vc_row full_width=&#8221;stretch_row_content_no_spaces&#8221; equal_height=&#8221;yes&#8221; el_id=&#8221;riga_benefici&#8221;][vc_column width=&#8221;1\/6&#8243; el_class=&#8221;colonna_blu&#8221;][\/vc_column][vc_column width=&#8221;2\/6&#8243; el_class=&#8221;colonna_arancio&#8221;][vc_column_text]Aspiramos construir um mundo mais justo, onde os problemas de abastecimento alimentar e energ\u00e9tico sejam resolvidos, com processos produtivos que respeitem integralmente o meio ambiente[\/vc_column_text][\/vc_column][vc_column width=&#8221;3\/6&#8243; el_class=&#8221;colonna_verde&#8221;][\/vc_column][\/vc_row][vc_row el_id=&#8221;slide_row&#8221; el_class=&#8221;hide&#8221;][vc_column css=&#8221;.vc_custom_1688379536533{margin-top: 50px !important;}&#8221;][\/vc_column][\/vc_row][vc_row el_class=&#8221;new_slider&#8221;][vc_column][\/vc_column][\/vc_row]","og_url":"https:\/\/www.wakonda.eu\/pt-br\/approachptbr\/","og_site_name":"Wakonda","article_modified_time":"2023-11-07T16:50:09+00:00","twitter_card":"summary_large_image","twitter_misc":{"Est. tempo de leitura":"3 minutos"},"schema":{"@context":"https:\/\/schema.org","@graph":[{"@type":"WebPage","@id":"https:\/\/www.wakonda.eu\/pt-br\/approachptbr\/","url":"https:\/\/www.wakonda.eu\/pt-br\/approachptbr\/","name":"Approach - Wakonda","isPartOf":{"@id":"https:\/\/www.wakonda.eu\/#website"},"datePublished":"2023-11-06T11:38:03+00:00","dateModified":"2023-11-07T16:50:09+00:00","breadcrumb":{"@id":"https:\/\/www.wakonda.eu\/pt-br\/approachptbr\/#breadcrumb"},"inLanguage":"pt-BR","potentialAction":[{"@type":"ReadAction","target":["https:\/\/www.wakonda.eu\/pt-br\/approachptbr\/"]}]},{"@type":"BreadcrumbList","@id":"https:\/\/www.wakonda.eu\/pt-br\/approachptbr\/#breadcrumb","itemListElement":[{"@type":"ListItem","position":1,"name":"Home","item":"https:\/\/www.wakonda.eu\/pt-br\/"},{"@type":"ListItem","position":2,"name":"Approach"}]},{"@type":"WebSite","@id":"https:\/\/www.wakonda.eu\/#website","url":"https:\/\/www.wakonda.eu\/","name":"Wakonda","description":"","publisher":{"@id":"https:\/\/www.wakonda.eu\/#organization"},"potentialAction":[{"@type":"SearchAction","target":{"@type":"EntryPoint","urlTemplate":"https:\/\/www.wakonda.eu\/?s={search_term_string}"},"query-input":{"@type":"PropertyValueSpecification","valueRequired":true,"valueName":"search_term_string"}}],"inLanguage":"pt-BR"},{"@type":"Organization","@id":"https:\/\/www.wakonda.eu\/#organization","name":"Wakonda","url":"https:\/\/www.wakonda.eu\/","logo":{"@type":"ImageObject","inLanguage":"pt-BR","@id":"https:\/\/www.wakonda.eu\/#\/schema\/logo\/image\/","url":"https:\/\/www.wakonda.eu\/wp-content\/uploads\/sites\/39\/2023\/05\/cropped-logo_wakonda.png","contentUrl":"https:\/\/www.wakonda.eu\/wp-content\/uploads\/sites\/39\/2023\/05\/cropped-logo_wakonda.png","width":256,"height":57,"caption":"Wakonda"},"image":{"@id":"https:\/\/www.wakonda.eu\/#\/schema\/logo\/image\/"}}]}},"_links":{"self":[{"href":"https:\/\/www.wakonda.eu\/pt-br\/wp-json\/wp\/v2\/pages\/2862","targetHints":{"allow":["GET"]}}],"collection":[{"href":"https:\/\/www.wakonda.eu\/pt-br\/wp-json\/wp\/v2\/pages"}],"about":[{"href":"https:\/\/www.wakonda.eu\/pt-br\/wp-json\/wp\/v2\/types\/page"}],"author":[{"embeddable":true,"href":"https:\/\/www.wakonda.eu\/pt-br\/wp-json\/wp\/v2\/users\/25"}],"replies":[{"embeddable":true,"href":"https:\/\/www.wakonda.eu\/pt-br\/wp-json\/wp\/v2\/comments?post=2862"}],"version-history":[{"count":3,"href":"https:\/\/www.wakonda.eu\/pt-br\/wp-json\/wp\/v2\/pages\/2862\/revisions"}],"predecessor-version":[{"id":3391,"href":"https:\/\/www.wakonda.eu\/pt-br\/wp-json\/wp\/v2\/pages\/2862\/revisions\/3391"}],"wp:attachment":[{"href":"https:\/\/www.wakonda.eu\/pt-br\/wp-json\/wp\/v2\/media?parent=2862"}],"curies":[{"name":"wp","href":"https:\/\/api.w.org\/{rel}","templated":true}]}}