
{"id":2914,"date":"2023-11-06T12:52:16","date_gmt":"2023-11-06T11:52:16","guid":{"rendered":"https:\/\/www.wakonda.eu\/?page_id=2914"},"modified":"2023-11-07T16:28:04","modified_gmt":"2023-11-07T15:28:04","slug":"energia-ptbr","status":"publish","type":"page","link":"https:\/\/www.wakonda.eu\/pt-br\/energia-ptbr\/","title":{"rendered":"Energia"},"content":{"rendered":"<div class=\"wpb-content-wrapper\"><p>[vc_row full_width=&#8221;stretch_row&#8221; css=&#8221;.vc_custom_1688414436635{background-image: url(https:\/\/www.wakonda.eu\/wp-content\/uploads\/sites\/39\/2023\/07\/header_wakonda_energia.jpg?id=1760) !important;}&#8221; el_id=&#8221;riga_intestazione&#8221;][vc_column width=&#8221;1\/2&#8243;][vc_column_text]setores<\/p>\n<h2>ENERGIA<\/h2>\n<p>[\/vc_column_text][\/vc_column][vc_column width=&#8221;1\/2&#8243;][\/vc_column][\/vc_row][vc_row full_width=&#8221;stretch_row_content_no_spaces&#8221; equal_height=&#8221;yes&#8221; el_id=&#8221;riga_benefici&#8221;][vc_column width=&#8221;1\/6&#8243; el_class=&#8221;colonna_blu&#8221;][\/vc_column][vc_column width=&#8221;2\/6&#8243; el_class=&#8221;colonna_arancio&#8221;][vc_column_text]<\/p>\n<h2>A primeira BIOREFINARIA<br \/>\nem OFI<\/h2>\n<p>O cora\u00e7\u00e3o pulsante de Wakonda \u00e9 a primeira biorrefinaria de Opuntia ficus indica do mundo.[\/vc_column_text][\/vc_column][vc_column width=&#8221;3\/6&#8243; el_class=&#8221;colonna_verde&#8221;][\/vc_column][\/vc_row][vc_row full_width=&#8221;stretch_row&#8221; css=&#8221;.vc_custom_1688415742822{margin-top: 100px !important;background-color: #00a2d9 !important;background-position: center !important;background-repeat: no-repeat !important;background-size: cover !important;}&#8221; el_id=&#8221;dettagli_energia&#8221;][vc_column width=&#8221;1\/2&#8243;][vc_column_text]<strong>A biorrefinaria recebe clad\u00f3dios frescos coletados no campo e devolve diversos produtos:<\/strong><\/p>\n<ul>\n<li><strong>A \u00e1gua de espremer os clad\u00f3dios<\/strong>, l\u00edquido rico em sais minerais, fibras sol\u00faveis, antioxidantes e vitaminas. Este produto ser\u00e1 inicialmente recuperado para irriga\u00e7\u00e3o e num futuro pr\u00f3ximo se tornar\u00e1 a base de bebidas saud\u00e1veis, nutritivas e inovadoras que Wakonda est\u00e1 desenvolvendo em conjunto com seus parceiros<\/li>\n<li><strong>Farinha de clad\u00f3dio<\/strong>, produto com diversas aplica\u00e7\u00f5es tanto na ind\u00fastria aliment\u00edcia como em outras ind\u00fastrias como a de biorremedia\u00e7\u00e3o. A farinha Cladode \u00e9 produzida gra\u00e7as ao processo inovador desenvolvido pela Wakonda Spa e utilizando apenas energia renov\u00e1vel<\/li>\n<li><strong>Ra\u00e7\u00e3o animal<\/strong>, produzida em duas vers\u00f5es, ambas com baixo teor de prote\u00edna (cerca de 5%) e com alto teor de prote\u00edna (cerca de 20-30% dependendo do tipo desejado). \u00c9 um alimento com baixa pegada de CO2 e baixo consumo de \u00e1gua, mais sustent\u00e1vel do que muitos outros alimentos dispon\u00edveis no mercado na Europa e permite a expans\u00e3o da pecu\u00e1ria em zonas \u00e1ridas e\/ou com solos empobrecidos.<\/li>\n<li><strong>Eletricidade<\/strong>, com pot\u00eancia instalada de 300 kW e produ\u00e7\u00e3o cont\u00ednua durante as 24 horas do dia, uma vantagem respeito \u00e0s energias renov\u00e1veis vari\u00e1veis como o sol e o vento<\/li>\n<li><strong>O calor<\/strong>, proveniente do co-gerador que produz eletricidade e que \u00e9 totalmente reaproveitado para os ciclos de produ\u00e7\u00e3o da bio-refinaria, conseguindo assim autonomia energ\u00e9tica numa perspetiva totalmente circular.<\/li>\n<\/ul>\n<p>[\/vc_column_text][\/vc_column][vc_column width=&#8221;1\/2&#8243;][vc_single_image image=&#8221;1790&#8243; img_size=&#8221;full&#8221;][\/vc_column][\/vc_row]<\/p>\n<\/div>","protected":false},"excerpt":{"rendered":"[vc_row full_width=&#8221;stretch_row&#8221; css=&#8221;.vc_custom_1688414436635{background-image: url(https:\/\/www.wakonda.eu\/wp-content\/uploads\/sites\/39\/2023\/07\/header_wakonda_energia.jpg?id=1760) !important;}&#8221; el_id=&#8221;riga_intestazione&#8221;][vc_column width=&#8221;1\/2&#8243;][vc_column_text]setores ENERGIA [\/vc_column_text][\/vc_column][vc_column width=&#8221;1\/2&#8243;][\/vc_column][\/vc_row][vc_row full_width=&#8221;stretch_row_content_no_spaces&#8221; equal_height=&#8221;yes&#8221; el_id=&#8221;riga_benefici&#8221;][vc_column width=&#8221;1\/6&#8243; el_class=&#8221;colonna_blu&#8221;][\/vc_column][vc_column width=&#8221;2\/6&#8243; el_class=&#8221;colonna_arancio&#8221;][vc_column_text] A primeira BIOREFINARIA em OFI O cora\u00e7\u00e3o pulsante de Wakonda \u00e9 a primeira biorrefinaria de Opuntia ficus indica do mundo.[\/vc_column_text][\/vc_column][vc_column width=&#8221;3\/6&#8243; el_class=&#8221;colonna_verde&#8221;][\/vc_column][\/vc_row][vc_row full_width=&#8221;stretch_row&#8221; css=&#8221;.vc_custom_1688415742822{margin-top: 100px !important;background-color: #00a2d9 !important;background-position: center !important;background-repeat: no-repeat !important;background-size: cover !important;}&#8221; el_id=&#8221;dettagli_energia&#8221;][vc_column width=&#8221;1\/2&#8243;][vc_column_text]A biorrefinaria recebe clad\u00f3dios frescos coletados no campo e devolve diversos produtos: A \u00e1gua de espremer os clad\u00f3dios, l\u00edquido rico em sais minerais, fibras sol\u00faveis, antioxidantes e vitaminas. Este produto ser\u00e1 inicialmente recuperado para irriga\u00e7\u00e3o e num futuro pr\u00f3ximo se tornar\u00e1 a base de bebidas saud\u00e1veis, nutritivas e inovadoras que Wakonda est\u00e1 desenvolvendo em conjunto com seus parceiros Farinha de clad\u00f3dio, produto com diversas aplica\u00e7\u00f5es tanto na ind\u00fastria aliment\u00edcia como em outras ind\u00fastrias como a de biorremedia\u00e7\u00e3o. A farinha Cladode \u00e9 produzida gra\u00e7as ao processo inovador desenvolvido pela Wakonda Spa e utilizando apenas energia renov\u00e1vel Ra\u00e7\u00e3o animal, produzida em duas vers\u00f5es, ambas com baixo teor de prote\u00edna (cerca de 5%) e com alto teor de prote\u00edna (cerca de 20-30% dependendo do tipo desejado). \u00c9 um alimento com baixa pegada de CO2 e baixo consumo de \u00e1gua, mais sustent\u00e1vel do que muitos outros alimentos dispon\u00edveis no mercado na Europa e permite a expans\u00e3o da pecu\u00e1ria em zonas \u00e1ridas e\/ou com solos empobrecidos. Eletricidade, com pot\u00eancia instalada de 300 kW e produ\u00e7\u00e3o cont\u00ednua durante as 24 horas do dia, uma vantagem respeito \u00e0s energias renov\u00e1veis vari\u00e1veis como o sol e o vento O calor, proveniente do co-gerador que produz eletricidade e que \u00e9 totalmente reaproveitado para os ciclos de produ\u00e7\u00e3o da bio-refinaria, conseguindo assim autonomia energ\u00e9tica numa perspetiva totalmente circular. [\/vc_column_text][\/vc_column][vc_column width=&#8221;1\/2&#8243;][vc_single_image image=&#8221;1790&#8243; img_size=&#8221;full&#8221;][\/vc_column][\/vc_row]","protected":false},"author":25,"featured_media":0,"parent":0,"menu_order":0,"comment_status":"closed","ping_status":"closed","template":"","meta":{"_acf_changed":false,"inline_featured_image":false,"site-sidebar-layout":"no-sidebar","site-content-layout":"plain-container","ast-site-content-layout":"default","site-content-style":"default","site-sidebar-style":"default","ast-global-header-display":"","ast-banner-title-visibility":"","ast-main-header-display":"","ast-hfb-above-header-display":"","ast-hfb-below-header-display":"","ast-hfb-mobile-header-display":"","site-post-title":"disabled","ast-breadcrumbs-content":"","ast-featured-img":"disabled","footer-sml-layout":"","ast-disable-related-posts":"","theme-transparent-header-meta":"default","adv-header-id-meta":"","stick-header-meta":"default","header-above-stick-meta":"","header-main-stick-meta":"","header-below-stick-meta":"","astra-migrate-meta-layouts":"set","ast-page-background-enabled":"default","ast-page-background-meta":{"desktop":{"background-color":"var(--ast-global-color-4)","background-image":"","background-repeat":"repeat","background-position":"center center","background-size":"auto","background-attachment":"scroll","background-type":"","background-media":"","overlay-type":"","overlay-color":"","overlay-opacity":"","overlay-gradient":""},"tablet":{"background-color":"","background-image":"","background-repeat":"repeat","background-position":"center center","background-size":"auto","background-attachment":"scroll","background-type":"","background-media":"","overlay-type":"","overlay-color":"","overlay-opacity":"","overlay-gradient":""},"mobile":{"background-color":"","background-image":"","background-repeat":"repeat","background-position":"center center","background-size":"auto","background-attachment":"scroll","background-type":"","background-media":"","overlay-type":"","overlay-color":"","overlay-opacity":"","overlay-gradient":""}},"ast-content-background-meta":{"desktop":{"background-color":"var(--ast-global-color-5)","background-image":"","background-repeat":"repeat","background-position":"center center","background-size":"auto","background-attachment":"scroll","background-type":"","background-media":"","overlay-type":"","overlay-color":"","overlay-opacity":"","overlay-gradient":""},"tablet":{"background-color":"var(--ast-global-color-5)","background-image":"","background-repeat":"repeat","background-position":"center center","background-size":"auto","background-attachment":"scroll","background-type":"","background-media":"","overlay-type":"","overlay-color":"","overlay-opacity":"","overlay-gradient":""},"mobile":{"background-color":"var(--ast-global-color-5)","background-image":"","background-repeat":"repeat","background-position":"center center","background-size":"auto","background-attachment":"scroll","background-type":"","background-media":"","overlay-type":"","overlay-color":"","overlay-opacity":"","overlay-gradient":""}},"footnotes":""},"class_list":["post-2914","page","type-page","status-publish","hentry"],"acf":[],"yoast_head":"<!-- This site is optimized with the Yoast SEO plugin v27.6 - https:\/\/yoast.com\/product\/yoast-seo-wordpress\/ -->\n<title>Energia - Wakonda<\/title>\n<meta name=\"robots\" content=\"index, follow, max-snippet:-1, max-image-preview:large, max-video-preview:-1\" \/>\n<link rel=\"canonical\" href=\"https:\/\/www.wakonda.eu\/pt-br\/energia-ptbr\/\" \/>\n<meta property=\"og:locale\" content=\"pt_BR\" \/>\n<meta property=\"og:type\" content=\"article\" \/>\n<meta property=\"og:title\" content=\"Energia - Wakonda\" \/>\n<meta property=\"og:description\" content=\"[vc_row full_width=&#8221;stretch_row&#8221; css=&#8221;.vc_custom_1688414436635{background-image: url(https:\/\/www.wakonda.eu\/wp-content\/uploads\/sites\/39\/2023\/07\/header_wakonda_energia.jpg?id=1760) !important;}&#8221; el_id=&#8221;riga_intestazione&#8221;][vc_column width=&#8221;1\/2&#8243;][vc_column_text]setores ENERGIA [\/vc_column_text][\/vc_column][vc_column width=&#8221;1\/2&#8243;][\/vc_column][\/vc_row][vc_row full_width=&#8221;stretch_row_content_no_spaces&#8221; equal_height=&#8221;yes&#8221; el_id=&#8221;riga_benefici&#8221;][vc_column width=&#8221;1\/6&#8243; el_class=&#8221;colonna_blu&#8221;][\/vc_column][vc_column width=&#8221;2\/6&#8243; el_class=&#8221;colonna_arancio&#8221;][vc_column_text] A primeira BIOREFINARIA em OFI O cora\u00e7\u00e3o pulsante de Wakonda \u00e9 a primeira biorrefinaria de Opuntia ficus indica do mundo.[\/vc_column_text][\/vc_column][vc_column width=&#8221;3\/6&#8243; el_class=&#8221;colonna_verde&#8221;][\/vc_column][\/vc_row][vc_row full_width=&#8221;stretch_row&#8221; css=&#8221;.vc_custom_1688415742822{margin-top: 100px !important;background-color: #00a2d9 !important;background-position: center !important;background-repeat: no-repeat !important;background-size: cover !important;}&#8221; el_id=&#8221;dettagli_energia&#8221;][vc_column width=&#8221;1\/2&#8243;][vc_column_text]A biorrefinaria recebe clad\u00f3dios frescos coletados no campo e devolve diversos produtos: A \u00e1gua de espremer os clad\u00f3dios, l\u00edquido rico em sais minerais, fibras sol\u00faveis, antioxidantes e vitaminas. Este produto ser\u00e1 inicialmente recuperado para irriga\u00e7\u00e3o e num futuro pr\u00f3ximo se tornar\u00e1 a base de bebidas saud\u00e1veis, nutritivas e inovadoras que Wakonda est\u00e1 desenvolvendo em conjunto com seus parceiros Farinha de clad\u00f3dio, produto com diversas aplica\u00e7\u00f5es tanto na ind\u00fastria aliment\u00edcia como em outras ind\u00fastrias como a de biorremedia\u00e7\u00e3o. A farinha Cladode \u00e9 produzida gra\u00e7as ao processo inovador desenvolvido pela Wakonda Spa e utilizando apenas energia renov\u00e1vel Ra\u00e7\u00e3o animal, produzida em duas vers\u00f5es, ambas com baixo teor de prote\u00edna (cerca de 5%) e com alto teor de prote\u00edna (cerca de 20-30% dependendo do tipo desejado). \u00c9 um alimento com baixa pegada de CO2 e baixo consumo de \u00e1gua, mais sustent\u00e1vel do que muitos outros alimentos dispon\u00edveis no mercado na Europa e permite a expans\u00e3o da pecu\u00e1ria em zonas \u00e1ridas e\/ou com solos empobrecidos. Eletricidade, com pot\u00eancia instalada de 300 kW e produ\u00e7\u00e3o cont\u00ednua durante as 24 horas do dia, uma vantagem respeito \u00e0s energias renov\u00e1veis vari\u00e1veis como o sol e o vento O calor, proveniente do co-gerador que produz eletricidade e que \u00e9 totalmente reaproveitado para os ciclos de produ\u00e7\u00e3o da bio-refinaria, conseguindo assim autonomia energ\u00e9tica numa perspetiva totalmente circular. [\/vc_column_text][\/vc_column][vc_column width=&#8221;1\/2&#8243;][vc_single_image image=&#8221;1790&#8243; img_size=&#8221;full&#8221;][\/vc_column][\/vc_row]\" \/>\n<meta property=\"og:url\" content=\"https:\/\/www.wakonda.eu\/pt-br\/energia-ptbr\/\" \/>\n<meta property=\"og:site_name\" content=\"Wakonda\" \/>\n<meta property=\"article:modified_time\" content=\"2023-11-07T15:28:04+00:00\" \/>\n<meta name=\"twitter:card\" content=\"summary_large_image\" \/>\n<meta name=\"twitter:label1\" content=\"Est. tempo de leitura\" \/>\n\t<meta name=\"twitter:data1\" content=\"2 minutos\" \/>\n<script type=\"application\/ld+json\" class=\"yoast-schema-graph\">{\"@context\":\"https:\\\/\\\/schema.org\",\"@graph\":[{\"@type\":\"WebPage\",\"@id\":\"https:\\\/\\\/www.wakonda.eu\\\/pt-br\\\/energia-ptbr\\\/\",\"url\":\"https:\\\/\\\/www.wakonda.eu\\\/pt-br\\\/energia-ptbr\\\/\",\"name\":\"Energia - Wakonda\",\"isPartOf\":{\"@id\":\"https:\\\/\\\/www.wakonda.eu\\\/#website\"},\"datePublished\":\"2023-11-06T11:52:16+00:00\",\"dateModified\":\"2023-11-07T15:28:04+00:00\",\"breadcrumb\":{\"@id\":\"https:\\\/\\\/www.wakonda.eu\\\/pt-br\\\/energia-ptbr\\\/#breadcrumb\"},\"inLanguage\":\"pt-BR\",\"potentialAction\":[{\"@type\":\"ReadAction\",\"target\":[\"https:\\\/\\\/www.wakonda.eu\\\/pt-br\\\/energia-ptbr\\\/\"]}]},{\"@type\":\"BreadcrumbList\",\"@id\":\"https:\\\/\\\/www.wakonda.eu\\\/pt-br\\\/energia-ptbr\\\/#breadcrumb\",\"itemListElement\":[{\"@type\":\"ListItem\",\"position\":1,\"name\":\"Home\",\"item\":\"https:\\\/\\\/www.wakonda.eu\\\/pt-br\\\/\"},{\"@type\":\"ListItem\",\"position\":2,\"name\":\"Energia\"}]},{\"@type\":\"WebSite\",\"@id\":\"https:\\\/\\\/www.wakonda.eu\\\/#website\",\"url\":\"https:\\\/\\\/www.wakonda.eu\\\/\",\"name\":\"Wakonda\",\"description\":\"\",\"publisher\":{\"@id\":\"https:\\\/\\\/www.wakonda.eu\\\/#organization\"},\"potentialAction\":[{\"@type\":\"SearchAction\",\"target\":{\"@type\":\"EntryPoint\",\"urlTemplate\":\"https:\\\/\\\/www.wakonda.eu\\\/?s={search_term_string}\"},\"query-input\":{\"@type\":\"PropertyValueSpecification\",\"valueRequired\":true,\"valueName\":\"search_term_string\"}}],\"inLanguage\":\"pt-BR\"},{\"@type\":\"Organization\",\"@id\":\"https:\\\/\\\/www.wakonda.eu\\\/#organization\",\"name\":\"Wakonda\",\"url\":\"https:\\\/\\\/www.wakonda.eu\\\/\",\"logo\":{\"@type\":\"ImageObject\",\"inLanguage\":\"pt-BR\",\"@id\":\"https:\\\/\\\/www.wakonda.eu\\\/#\\\/schema\\\/logo\\\/image\\\/\",\"url\":\"https:\\\/\\\/www.wakonda.eu\\\/wp-content\\\/uploads\\\/sites\\\/39\\\/2023\\\/05\\\/cropped-logo_wakonda.png\",\"contentUrl\":\"https:\\\/\\\/www.wakonda.eu\\\/wp-content\\\/uploads\\\/sites\\\/39\\\/2023\\\/05\\\/cropped-logo_wakonda.png\",\"width\":256,\"height\":57,\"caption\":\"Wakonda\"},\"image\":{\"@id\":\"https:\\\/\\\/www.wakonda.eu\\\/#\\\/schema\\\/logo\\\/image\\\/\"}}]}<\/script>\n<!-- \/ Yoast SEO plugin. -->","yoast_head_json":{"title":"Energia - Wakonda","robots":{"index":"index","follow":"follow","max-snippet":"max-snippet:-1","max-image-preview":"max-image-preview:large","max-video-preview":"max-video-preview:-1"},"canonical":"https:\/\/www.wakonda.eu\/pt-br\/energia-ptbr\/","og_locale":"pt_BR","og_type":"article","og_title":"Energia - Wakonda","og_description":"[vc_row full_width=&#8221;stretch_row&#8221; css=&#8221;.vc_custom_1688414436635{background-image: url(https:\/\/www.wakonda.eu\/wp-content\/uploads\/sites\/39\/2023\/07\/header_wakonda_energia.jpg?id=1760) !important;}&#8221; el_id=&#8221;riga_intestazione&#8221;][vc_column width=&#8221;1\/2&#8243;][vc_column_text]setores ENERGIA [\/vc_column_text][\/vc_column][vc_column width=&#8221;1\/2&#8243;][\/vc_column][\/vc_row][vc_row full_width=&#8221;stretch_row_content_no_spaces&#8221; equal_height=&#8221;yes&#8221; el_id=&#8221;riga_benefici&#8221;][vc_column width=&#8221;1\/6&#8243; el_class=&#8221;colonna_blu&#8221;][\/vc_column][vc_column width=&#8221;2\/6&#8243; el_class=&#8221;colonna_arancio&#8221;][vc_column_text] A primeira BIOREFINARIA em OFI O cora\u00e7\u00e3o pulsante de Wakonda \u00e9 a primeira biorrefinaria de Opuntia ficus indica do mundo.[\/vc_column_text][\/vc_column][vc_column width=&#8221;3\/6&#8243; el_class=&#8221;colonna_verde&#8221;][\/vc_column][\/vc_row][vc_row full_width=&#8221;stretch_row&#8221; css=&#8221;.vc_custom_1688415742822{margin-top: 100px !important;background-color: #00a2d9 !important;background-position: center !important;background-repeat: no-repeat !important;background-size: cover !important;}&#8221; el_id=&#8221;dettagli_energia&#8221;][vc_column width=&#8221;1\/2&#8243;][vc_column_text]A biorrefinaria recebe clad\u00f3dios frescos coletados no campo e devolve diversos produtos: A \u00e1gua de espremer os clad\u00f3dios, l\u00edquido rico em sais minerais, fibras sol\u00faveis, antioxidantes e vitaminas. Este produto ser\u00e1 inicialmente recuperado para irriga\u00e7\u00e3o e num futuro pr\u00f3ximo se tornar\u00e1 a base de bebidas saud\u00e1veis, nutritivas e inovadoras que Wakonda est\u00e1 desenvolvendo em conjunto com seus parceiros Farinha de clad\u00f3dio, produto com diversas aplica\u00e7\u00f5es tanto na ind\u00fastria aliment\u00edcia como em outras ind\u00fastrias como a de biorremedia\u00e7\u00e3o. A farinha Cladode \u00e9 produzida gra\u00e7as ao processo inovador desenvolvido pela Wakonda Spa e utilizando apenas energia renov\u00e1vel Ra\u00e7\u00e3o animal, produzida em duas vers\u00f5es, ambas com baixo teor de prote\u00edna (cerca de 5%) e com alto teor de prote\u00edna (cerca de 20-30% dependendo do tipo desejado). \u00c9 um alimento com baixa pegada de CO2 e baixo consumo de \u00e1gua, mais sustent\u00e1vel do que muitos outros alimentos dispon\u00edveis no mercado na Europa e permite a expans\u00e3o da pecu\u00e1ria em zonas \u00e1ridas e\/ou com solos empobrecidos. Eletricidade, com pot\u00eancia instalada de 300 kW e produ\u00e7\u00e3o cont\u00ednua durante as 24 horas do dia, uma vantagem respeito \u00e0s energias renov\u00e1veis vari\u00e1veis como o sol e o vento O calor, proveniente do co-gerador que produz eletricidade e que \u00e9 totalmente reaproveitado para os ciclos de produ\u00e7\u00e3o da bio-refinaria, conseguindo assim autonomia energ\u00e9tica numa perspetiva totalmente circular. [\/vc_column_text][\/vc_column][vc_column width=&#8221;1\/2&#8243;][vc_single_image image=&#8221;1790&#8243; img_size=&#8221;full&#8221;][\/vc_column][\/vc_row]","og_url":"https:\/\/www.wakonda.eu\/pt-br\/energia-ptbr\/","og_site_name":"Wakonda","article_modified_time":"2023-11-07T15:28:04+00:00","twitter_card":"summary_large_image","twitter_misc":{"Est. tempo de leitura":"2 minutos"},"schema":{"@context":"https:\/\/schema.org","@graph":[{"@type":"WebPage","@id":"https:\/\/www.wakonda.eu\/pt-br\/energia-ptbr\/","url":"https:\/\/www.wakonda.eu\/pt-br\/energia-ptbr\/","name":"Energia - Wakonda","isPartOf":{"@id":"https:\/\/www.wakonda.eu\/#website"},"datePublished":"2023-11-06T11:52:16+00:00","dateModified":"2023-11-07T15:28:04+00:00","breadcrumb":{"@id":"https:\/\/www.wakonda.eu\/pt-br\/energia-ptbr\/#breadcrumb"},"inLanguage":"pt-BR","potentialAction":[{"@type":"ReadAction","target":["https:\/\/www.wakonda.eu\/pt-br\/energia-ptbr\/"]}]},{"@type":"BreadcrumbList","@id":"https:\/\/www.wakonda.eu\/pt-br\/energia-ptbr\/#breadcrumb","itemListElement":[{"@type":"ListItem","position":1,"name":"Home","item":"https:\/\/www.wakonda.eu\/pt-br\/"},{"@type":"ListItem","position":2,"name":"Energia"}]},{"@type":"WebSite","@id":"https:\/\/www.wakonda.eu\/#website","url":"https:\/\/www.wakonda.eu\/","name":"Wakonda","description":"","publisher":{"@id":"https:\/\/www.wakonda.eu\/#organization"},"potentialAction":[{"@type":"SearchAction","target":{"@type":"EntryPoint","urlTemplate":"https:\/\/www.wakonda.eu\/?s={search_term_string}"},"query-input":{"@type":"PropertyValueSpecification","valueRequired":true,"valueName":"search_term_string"}}],"inLanguage":"pt-BR"},{"@type":"Organization","@id":"https:\/\/www.wakonda.eu\/#organization","name":"Wakonda","url":"https:\/\/www.wakonda.eu\/","logo":{"@type":"ImageObject","inLanguage":"pt-BR","@id":"https:\/\/www.wakonda.eu\/#\/schema\/logo\/image\/","url":"https:\/\/www.wakonda.eu\/wp-content\/uploads\/sites\/39\/2023\/05\/cropped-logo_wakonda.png","contentUrl":"https:\/\/www.wakonda.eu\/wp-content\/uploads\/sites\/39\/2023\/05\/cropped-logo_wakonda.png","width":256,"height":57,"caption":"Wakonda"},"image":{"@id":"https:\/\/www.wakonda.eu\/#\/schema\/logo\/image\/"}}]}},"_links":{"self":[{"href":"https:\/\/www.wakonda.eu\/pt-br\/wp-json\/wp\/v2\/pages\/2914","targetHints":{"allow":["GET"]}}],"collection":[{"href":"https:\/\/www.wakonda.eu\/pt-br\/wp-json\/wp\/v2\/pages"}],"about":[{"href":"https:\/\/www.wakonda.eu\/pt-br\/wp-json\/wp\/v2\/types\/page"}],"author":[{"embeddable":true,"href":"https:\/\/www.wakonda.eu\/pt-br\/wp-json\/wp\/v2\/users\/25"}],"replies":[{"embeddable":true,"href":"https:\/\/www.wakonda.eu\/pt-br\/wp-json\/wp\/v2\/comments?post=2914"}],"version-history":[{"count":3,"href":"https:\/\/www.wakonda.eu\/pt-br\/wp-json\/wp\/v2\/pages\/2914\/revisions"}],"predecessor-version":[{"id":3340,"href":"https:\/\/www.wakonda.eu\/pt-br\/wp-json\/wp\/v2\/pages\/2914\/revisions\/3340"}],"wp:attachment":[{"href":"https:\/\/www.wakonda.eu\/pt-br\/wp-json\/wp\/v2\/media?parent=2914"}],"curies":[{"name":"wp","href":"https:\/\/api.w.org\/{rel}","templated":true}]}}