
{"id":2948,"date":"2023-11-06T12:58:22","date_gmt":"2023-11-06T11:58:22","guid":{"rendered":"https:\/\/www.wakonda.eu\/?page_id=2948"},"modified":"2023-11-07T16:34:42","modified_gmt":"2023-11-07T15:34:42","slug":"alimentacao-animal","status":"publish","type":"page","link":"https:\/\/www.wakonda.eu\/pt-br\/alimentacao-animal\/","title":{"rendered":"Alimenta\u00e7\u00e3o animal"},"content":{"rendered":"<div class=\"wpb-content-wrapper\"><p>[vc_row full_width=&#8221;stretch_row&#8221; css=&#8221;.vc_custom_1689067190625{background-image: url(https:\/\/www.wakonda.eu\/wp-content\/uploads\/sites\/39\/2023\/07\/Wakonda_img_Settori_MANGIMI.jpg?id=1980) !important;background-position: center !important;background-repeat: no-repeat !important;background-size: cover !important;}&#8221; el_id=&#8221;riga_intestazione&#8221;][vc_column width=&#8221;1\/2&#8243;][vc_column_text]setores<\/p>\n<h2>ALIMENTACAO ANIMAL<\/h2>\n<p>[\/vc_column_text][\/vc_column][vc_column width=&#8221;1\/2&#8243;][\/vc_column][\/vc_row][vc_row full_width=&#8221;stretch_row_content_no_spaces&#8221; equal_height=&#8221;yes&#8221; el_id=&#8221;riga_benefici&#8221;][vc_column width=&#8221;1\/6&#8243; el_class=&#8221;colonna_blu&#8221;][\/vc_column][vc_column width=&#8221;2\/6&#8243; el_class=&#8221;colonna_arancio&#8221;][vc_column_text]O uso de Ofi como ra\u00e7\u00e3o animal \u00e9 uma pr\u00e1tica generalizada na Am\u00e9rica Central e do Sul. A utiliza\u00e7\u00e3o racional da planta permitiu mudar a sua utiliza\u00e7\u00e3o de forragens de emerg\u00eancia durante as esta\u00e7\u00f5es quentes e anos secos para ra\u00e7\u00f5es b\u00e1sicas de baixo custo durante o ano todo.[\/vc_column_text][\/vc_column][vc_column width=&#8221;3\/6&#8243; el_class=&#8221;colonna_verde&#8221;][\/vc_column][\/vc_row][vc_row css=&#8221;.vc_custom_1688136023896{margin-top: 50px !important;margin-bottom: 50px !important;background-position: center !important;background-repeat: no-repeat !important;background-size: cover !important;}&#8221;][vc_column][vc_column_text]<strong>Wakonda lan\u00e7a tr\u00eas feeds diferentes no mercado a partir do OFI:<\/strong><\/p>\n<ul>\n<li>Ra\u00e7\u00e3o obtida a partir da retirada parcial especial de \u00e1gua pelo processo Wakonda, \u00e9 um produto fresco, capaz de hidratar e nutrir os animais, com teor de \u00e1gua que pode variar de 80% a 65% e uma base no teor de prote\u00edna entre 4% e 5% na mat\u00e9ria seca<\/li>\n<li>Ra\u00e7\u00e3o obtida a partir da retirada especial parcial de \u00e1gua pelo processo Wakonda e enriquecida com prote\u00ednas provenientes do crescimento de Saccharomyces cerevisiae na biomassa e que colocam o teor de prote\u00edna em uma faixa entre 25% e 30% dependendo da vontade do cliente. Tamb\u00e9m neste caso \u00e9 um alimento fresco, capaz de hidratar os animais e tamb\u00e9m de nutri-los, com um teor de \u00e1gua que pode variar de 80% a 65%.<\/li>\n<li>Ra\u00e7\u00e3o seca e enriquecida com prote\u00ednas. \u00c9 um alimento cl\u00e1ssico com alto teor proteico, enriquecido com prote\u00ednas provenientes do crescimento de Saccharomyces cerevisiae na biomassa e que colocam o teor proteico entre 25% e 30%. A ra\u00e7\u00e3o \u00e9 posteriormente ressecada para estabiliz\u00e1-la e lev\u00e1-la a um teor de \u00e1gua em torno de 85%-88%, o que favorece sua vida \u00fatil a longo prazo e minimiza os custos log\u00edsticos para transport\u00e1-la, mesmo para longe do local de produ\u00e7\u00e3o.<\/li>\n<\/ul>\n<p>[\/vc_column_text][\/vc_column][\/vc_row]<\/p>\n<\/div>","protected":false},"excerpt":{"rendered":"[vc_row full_width=&#8221;stretch_row&#8221; css=&#8221;.vc_custom_1689067190625{background-image: url(https:\/\/www.wakonda.eu\/wp-content\/uploads\/sites\/39\/2023\/07\/Wakonda_img_Settori_MANGIMI.jpg?id=1980) !important;background-position: center !important;background-repeat: no-repeat !important;background-size: cover !important;}&#8221; el_id=&#8221;riga_intestazione&#8221;][vc_column width=&#8221;1\/2&#8243;][vc_column_text]setores ALIMENTACAO ANIMAL [\/vc_column_text][\/vc_column][vc_column width=&#8221;1\/2&#8243;][\/vc_column][\/vc_row][vc_row full_width=&#8221;stretch_row_content_no_spaces&#8221; equal_height=&#8221;yes&#8221; el_id=&#8221;riga_benefici&#8221;][vc_column width=&#8221;1\/6&#8243; el_class=&#8221;colonna_blu&#8221;][\/vc_column][vc_column width=&#8221;2\/6&#8243; el_class=&#8221;colonna_arancio&#8221;][vc_column_text]O uso de Ofi como ra\u00e7\u00e3o animal \u00e9 uma pr\u00e1tica generalizada na Am\u00e9rica Central e do Sul. A utiliza\u00e7\u00e3o racional da planta permitiu mudar a sua utiliza\u00e7\u00e3o de forragens de emerg\u00eancia durante as esta\u00e7\u00f5es quentes e anos secos para ra\u00e7\u00f5es b\u00e1sicas de baixo custo durante o ano todo.[\/vc_column_text][\/vc_column][vc_column width=&#8221;3\/6&#8243; el_class=&#8221;colonna_verde&#8221;][\/vc_column][\/vc_row][vc_row css=&#8221;.vc_custom_1688136023896{margin-top: 50px !important;margin-bottom: 50px !important;background-position: center !important;background-repeat: no-repeat !important;background-size: cover !important;}&#8221;][vc_column][vc_column_text]Wakonda lan\u00e7a tr\u00eas feeds diferentes no mercado a partir do OFI: Ra\u00e7\u00e3o obtida a partir da retirada parcial especial de \u00e1gua pelo processo Wakonda, \u00e9 um produto fresco, capaz de hidratar e nutrir os animais, com teor de \u00e1gua que pode variar de 80% a 65% e uma base no teor de prote\u00edna entre 4% e 5% na mat\u00e9ria seca Ra\u00e7\u00e3o obtida a partir da retirada especial parcial de \u00e1gua pelo processo Wakonda e enriquecida com prote\u00ednas provenientes do crescimento de Saccharomyces cerevisiae na biomassa e que colocam o teor de prote\u00edna em uma faixa entre 25% e 30% dependendo da vontade do cliente. Tamb\u00e9m neste caso \u00e9 um alimento fresco, capaz de hidratar os animais e tamb\u00e9m de nutri-los, com um teor de \u00e1gua que pode variar de 80% a 65%. Ra\u00e7\u00e3o seca e enriquecida com prote\u00ednas. \u00c9 um alimento cl\u00e1ssico com alto teor proteico, enriquecido com prote\u00ednas provenientes do crescimento de Saccharomyces cerevisiae na biomassa e que colocam o teor proteico entre 25% e 30%. A ra\u00e7\u00e3o \u00e9 posteriormente ressecada para estabiliz\u00e1-la e lev\u00e1-la a um teor de \u00e1gua em torno de 85%-88%, o que favorece sua vida \u00fatil a longo prazo e minimiza os custos log\u00edsticos para transport\u00e1-la, mesmo para longe do local de produ\u00e7\u00e3o. [\/vc_column_text][\/vc_column][\/vc_row]","protected":false},"author":25,"featured_media":0,"parent":0,"menu_order":0,"comment_status":"closed","ping_status":"closed","template":"","meta":{"_acf_changed":false,"inline_featured_image":false,"site-sidebar-layout":"no-sidebar","site-content-layout":"plain-container","ast-site-content-layout":"default","site-content-style":"default","site-sidebar-style":"default","ast-global-header-display":"","ast-banner-title-visibility":"","ast-main-header-display":"","ast-hfb-above-header-display":"","ast-hfb-below-header-display":"","ast-hfb-mobile-header-display":"","site-post-title":"disabled","ast-breadcrumbs-content":"","ast-featured-img":"disabled","footer-sml-layout":"","ast-disable-related-posts":"","theme-transparent-header-meta":"default","adv-header-id-meta":"","stick-header-meta":"default","header-above-stick-meta":"","header-main-stick-meta":"","header-below-stick-meta":"","astra-migrate-meta-layouts":"set","ast-page-background-enabled":"default","ast-page-background-meta":{"desktop":{"background-color":"var(--ast-global-color-4)","background-image":"","background-repeat":"repeat","background-position":"center center","background-size":"auto","background-attachment":"scroll","background-type":"","background-media":"","overlay-type":"","overlay-color":"","overlay-opacity":"","overlay-gradient":""},"tablet":{"background-color":"","background-image":"","background-repeat":"repeat","background-position":"center center","background-size":"auto","background-attachment":"scroll","background-type":"","background-media":"","overlay-type":"","overlay-color":"","overlay-opacity":"","overlay-gradient":""},"mobile":{"background-color":"","background-image":"","background-repeat":"repeat","background-position":"center center","background-size":"auto","background-attachment":"scroll","background-type":"","background-media":"","overlay-type":"","overlay-color":"","overlay-opacity":"","overlay-gradient":""}},"ast-content-background-meta":{"desktop":{"background-color":"var(--ast-global-color-5)","background-image":"","background-repeat":"repeat","background-position":"center center","background-size":"auto","background-attachment":"scroll","background-type":"","background-media":"","overlay-type":"","overlay-color":"","overlay-opacity":"","overlay-gradient":""},"tablet":{"background-color":"var(--ast-global-color-5)","background-image":"","background-repeat":"repeat","background-position":"center center","background-size":"auto","background-attachment":"scroll","background-type":"","background-media":"","overlay-type":"","overlay-color":"","overlay-opacity":"","overlay-gradient":""},"mobile":{"background-color":"var(--ast-global-color-5)","background-image":"","background-repeat":"repeat","background-position":"center center","background-size":"auto","background-attachment":"scroll","background-type":"","background-media":"","overlay-type":"","overlay-color":"","overlay-opacity":"","overlay-gradient":""}},"footnotes":""},"class_list":["post-2948","page","type-page","status-publish","hentry"],"acf":[],"yoast_head":"<!-- This site is optimized with the Yoast SEO plugin v27.6 - https:\/\/yoast.com\/product\/yoast-seo-wordpress\/ -->\n<title>Alimenta\u00e7\u00e3o animal - Wakonda<\/title>\n<meta name=\"robots\" content=\"index, follow, max-snippet:-1, max-image-preview:large, max-video-preview:-1\" \/>\n<link rel=\"canonical\" href=\"https:\/\/www.wakonda.eu\/pt-br\/alimentacao-animal\/\" \/>\n<meta property=\"og:locale\" content=\"pt_BR\" \/>\n<meta property=\"og:type\" content=\"article\" \/>\n<meta property=\"og:title\" content=\"Alimenta\u00e7\u00e3o animal - Wakonda\" \/>\n<meta property=\"og:description\" content=\"[vc_row full_width=&#8221;stretch_row&#8221; css=&#8221;.vc_custom_1689067190625{background-image: url(https:\/\/www.wakonda.eu\/wp-content\/uploads\/sites\/39\/2023\/07\/Wakonda_img_Settori_MANGIMI.jpg?id=1980) !important;background-position: center !important;background-repeat: no-repeat !important;background-size: cover !important;}&#8221; el_id=&#8221;riga_intestazione&#8221;][vc_column width=&#8221;1\/2&#8243;][vc_column_text]setores ALIMENTACAO ANIMAL [\/vc_column_text][\/vc_column][vc_column width=&#8221;1\/2&#8243;][\/vc_column][\/vc_row][vc_row full_width=&#8221;stretch_row_content_no_spaces&#8221; equal_height=&#8221;yes&#8221; el_id=&#8221;riga_benefici&#8221;][vc_column width=&#8221;1\/6&#8243; el_class=&#8221;colonna_blu&#8221;][\/vc_column][vc_column width=&#8221;2\/6&#8243; el_class=&#8221;colonna_arancio&#8221;][vc_column_text]O uso de Ofi como ra\u00e7\u00e3o animal \u00e9 uma pr\u00e1tica generalizada na Am\u00e9rica Central e do Sul. A utiliza\u00e7\u00e3o racional da planta permitiu mudar a sua utiliza\u00e7\u00e3o de forragens de emerg\u00eancia durante as esta\u00e7\u00f5es quentes e anos secos para ra\u00e7\u00f5es b\u00e1sicas de baixo custo durante o ano todo.[\/vc_column_text][\/vc_column][vc_column width=&#8221;3\/6&#8243; el_class=&#8221;colonna_verde&#8221;][\/vc_column][\/vc_row][vc_row css=&#8221;.vc_custom_1688136023896{margin-top: 50px !important;margin-bottom: 50px !important;background-position: center !important;background-repeat: no-repeat !important;background-size: cover !important;}&#8221;][vc_column][vc_column_text]Wakonda lan\u00e7a tr\u00eas feeds diferentes no mercado a partir do OFI: Ra\u00e7\u00e3o obtida a partir da retirada parcial especial de \u00e1gua pelo processo Wakonda, \u00e9 um produto fresco, capaz de hidratar e nutrir os animais, com teor de \u00e1gua que pode variar de 80% a 65% e uma base no teor de prote\u00edna entre 4% e 5% na mat\u00e9ria seca Ra\u00e7\u00e3o obtida a partir da retirada especial parcial de \u00e1gua pelo processo Wakonda e enriquecida com prote\u00ednas provenientes do crescimento de Saccharomyces cerevisiae na biomassa e que colocam o teor de prote\u00edna em uma faixa entre 25% e 30% dependendo da vontade do cliente. Tamb\u00e9m neste caso \u00e9 um alimento fresco, capaz de hidratar os animais e tamb\u00e9m de nutri-los, com um teor de \u00e1gua que pode variar de 80% a 65%. Ra\u00e7\u00e3o seca e enriquecida com prote\u00ednas. \u00c9 um alimento cl\u00e1ssico com alto teor proteico, enriquecido com prote\u00ednas provenientes do crescimento de Saccharomyces cerevisiae na biomassa e que colocam o teor proteico entre 25% e 30%. A ra\u00e7\u00e3o \u00e9 posteriormente ressecada para estabiliz\u00e1-la e lev\u00e1-la a um teor de \u00e1gua em torno de 85%-88%, o que favorece sua vida \u00fatil a longo prazo e minimiza os custos log\u00edsticos para transport\u00e1-la, mesmo para longe do local de produ\u00e7\u00e3o. [\/vc_column_text][\/vc_column][\/vc_row]\" \/>\n<meta property=\"og:url\" content=\"https:\/\/www.wakonda.eu\/pt-br\/alimentacao-animal\/\" \/>\n<meta property=\"og:site_name\" content=\"Wakonda\" \/>\n<meta property=\"article:modified_time\" content=\"2023-11-07T15:34:42+00:00\" \/>\n<meta name=\"twitter:card\" content=\"summary_large_image\" \/>\n<meta name=\"twitter:label1\" content=\"Est. tempo de leitura\" \/>\n\t<meta name=\"twitter:data1\" content=\"2 minutos\" \/>\n<script type=\"application\/ld+json\" class=\"yoast-schema-graph\">{\"@context\":\"https:\\\/\\\/schema.org\",\"@graph\":[{\"@type\":\"WebPage\",\"@id\":\"https:\\\/\\\/www.wakonda.eu\\\/pt-br\\\/alimentacao-animal\\\/\",\"url\":\"https:\\\/\\\/www.wakonda.eu\\\/pt-br\\\/alimentacao-animal\\\/\",\"name\":\"Alimenta\u00e7\u00e3o animal - Wakonda\",\"isPartOf\":{\"@id\":\"https:\\\/\\\/www.wakonda.eu\\\/#website\"},\"datePublished\":\"2023-11-06T11:58:22+00:00\",\"dateModified\":\"2023-11-07T15:34:42+00:00\",\"breadcrumb\":{\"@id\":\"https:\\\/\\\/www.wakonda.eu\\\/pt-br\\\/alimentacao-animal\\\/#breadcrumb\"},\"inLanguage\":\"pt-BR\",\"potentialAction\":[{\"@type\":\"ReadAction\",\"target\":[\"https:\\\/\\\/www.wakonda.eu\\\/pt-br\\\/alimentacao-animal\\\/\"]}]},{\"@type\":\"BreadcrumbList\",\"@id\":\"https:\\\/\\\/www.wakonda.eu\\\/pt-br\\\/alimentacao-animal\\\/#breadcrumb\",\"itemListElement\":[{\"@type\":\"ListItem\",\"position\":1,\"name\":\"Home\",\"item\":\"https:\\\/\\\/www.wakonda.eu\\\/pt-br\\\/\"},{\"@type\":\"ListItem\",\"position\":2,\"name\":\"Alimenta\u00e7\u00e3o animal\"}]},{\"@type\":\"WebSite\",\"@id\":\"https:\\\/\\\/www.wakonda.eu\\\/#website\",\"url\":\"https:\\\/\\\/www.wakonda.eu\\\/\",\"name\":\"Wakonda\",\"description\":\"\",\"publisher\":{\"@id\":\"https:\\\/\\\/www.wakonda.eu\\\/#organization\"},\"potentialAction\":[{\"@type\":\"SearchAction\",\"target\":{\"@type\":\"EntryPoint\",\"urlTemplate\":\"https:\\\/\\\/www.wakonda.eu\\\/?s={search_term_string}\"},\"query-input\":{\"@type\":\"PropertyValueSpecification\",\"valueRequired\":true,\"valueName\":\"search_term_string\"}}],\"inLanguage\":\"pt-BR\"},{\"@type\":\"Organization\",\"@id\":\"https:\\\/\\\/www.wakonda.eu\\\/#organization\",\"name\":\"Wakonda\",\"url\":\"https:\\\/\\\/www.wakonda.eu\\\/\",\"logo\":{\"@type\":\"ImageObject\",\"inLanguage\":\"pt-BR\",\"@id\":\"https:\\\/\\\/www.wakonda.eu\\\/#\\\/schema\\\/logo\\\/image\\\/\",\"url\":\"https:\\\/\\\/www.wakonda.eu\\\/wp-content\\\/uploads\\\/sites\\\/39\\\/2023\\\/05\\\/cropped-logo_wakonda.png\",\"contentUrl\":\"https:\\\/\\\/www.wakonda.eu\\\/wp-content\\\/uploads\\\/sites\\\/39\\\/2023\\\/05\\\/cropped-logo_wakonda.png\",\"width\":256,\"height\":57,\"caption\":\"Wakonda\"},\"image\":{\"@id\":\"https:\\\/\\\/www.wakonda.eu\\\/#\\\/schema\\\/logo\\\/image\\\/\"}}]}<\/script>\n<!-- \/ Yoast SEO plugin. -->","yoast_head_json":{"title":"Alimenta\u00e7\u00e3o animal - Wakonda","robots":{"index":"index","follow":"follow","max-snippet":"max-snippet:-1","max-image-preview":"max-image-preview:large","max-video-preview":"max-video-preview:-1"},"canonical":"https:\/\/www.wakonda.eu\/pt-br\/alimentacao-animal\/","og_locale":"pt_BR","og_type":"article","og_title":"Alimenta\u00e7\u00e3o animal - Wakonda","og_description":"[vc_row full_width=&#8221;stretch_row&#8221; css=&#8221;.vc_custom_1689067190625{background-image: url(https:\/\/www.wakonda.eu\/wp-content\/uploads\/sites\/39\/2023\/07\/Wakonda_img_Settori_MANGIMI.jpg?id=1980) !important;background-position: center !important;background-repeat: no-repeat !important;background-size: cover !important;}&#8221; el_id=&#8221;riga_intestazione&#8221;][vc_column width=&#8221;1\/2&#8243;][vc_column_text]setores ALIMENTACAO ANIMAL [\/vc_column_text][\/vc_column][vc_column width=&#8221;1\/2&#8243;][\/vc_column][\/vc_row][vc_row full_width=&#8221;stretch_row_content_no_spaces&#8221; equal_height=&#8221;yes&#8221; el_id=&#8221;riga_benefici&#8221;][vc_column width=&#8221;1\/6&#8243; el_class=&#8221;colonna_blu&#8221;][\/vc_column][vc_column width=&#8221;2\/6&#8243; el_class=&#8221;colonna_arancio&#8221;][vc_column_text]O uso de Ofi como ra\u00e7\u00e3o animal \u00e9 uma pr\u00e1tica generalizada na Am\u00e9rica Central e do Sul. A utiliza\u00e7\u00e3o racional da planta permitiu mudar a sua utiliza\u00e7\u00e3o de forragens de emerg\u00eancia durante as esta\u00e7\u00f5es quentes e anos secos para ra\u00e7\u00f5es b\u00e1sicas de baixo custo durante o ano todo.[\/vc_column_text][\/vc_column][vc_column width=&#8221;3\/6&#8243; el_class=&#8221;colonna_verde&#8221;][\/vc_column][\/vc_row][vc_row css=&#8221;.vc_custom_1688136023896{margin-top: 50px !important;margin-bottom: 50px !important;background-position: center !important;background-repeat: no-repeat !important;background-size: cover !important;}&#8221;][vc_column][vc_column_text]Wakonda lan\u00e7a tr\u00eas feeds diferentes no mercado a partir do OFI: Ra\u00e7\u00e3o obtida a partir da retirada parcial especial de \u00e1gua pelo processo Wakonda, \u00e9 um produto fresco, capaz de hidratar e nutrir os animais, com teor de \u00e1gua que pode variar de 80% a 65% e uma base no teor de prote\u00edna entre 4% e 5% na mat\u00e9ria seca Ra\u00e7\u00e3o obtida a partir da retirada especial parcial de \u00e1gua pelo processo Wakonda e enriquecida com prote\u00ednas provenientes do crescimento de Saccharomyces cerevisiae na biomassa e que colocam o teor de prote\u00edna em uma faixa entre 25% e 30% dependendo da vontade do cliente. Tamb\u00e9m neste caso \u00e9 um alimento fresco, capaz de hidratar os animais e tamb\u00e9m de nutri-los, com um teor de \u00e1gua que pode variar de 80% a 65%. Ra\u00e7\u00e3o seca e enriquecida com prote\u00ednas. \u00c9 um alimento cl\u00e1ssico com alto teor proteico, enriquecido com prote\u00ednas provenientes do crescimento de Saccharomyces cerevisiae na biomassa e que colocam o teor proteico entre 25% e 30%. A ra\u00e7\u00e3o \u00e9 posteriormente ressecada para estabiliz\u00e1-la e lev\u00e1-la a um teor de \u00e1gua em torno de 85%-88%, o que favorece sua vida \u00fatil a longo prazo e minimiza os custos log\u00edsticos para transport\u00e1-la, mesmo para longe do local de produ\u00e7\u00e3o. [\/vc_column_text][\/vc_column][\/vc_row]","og_url":"https:\/\/www.wakonda.eu\/pt-br\/alimentacao-animal\/","og_site_name":"Wakonda","article_modified_time":"2023-11-07T15:34:42+00:00","twitter_card":"summary_large_image","twitter_misc":{"Est. tempo de leitura":"2 minutos"},"schema":{"@context":"https:\/\/schema.org","@graph":[{"@type":"WebPage","@id":"https:\/\/www.wakonda.eu\/pt-br\/alimentacao-animal\/","url":"https:\/\/www.wakonda.eu\/pt-br\/alimentacao-animal\/","name":"Alimenta\u00e7\u00e3o animal - Wakonda","isPartOf":{"@id":"https:\/\/www.wakonda.eu\/#website"},"datePublished":"2023-11-06T11:58:22+00:00","dateModified":"2023-11-07T15:34:42+00:00","breadcrumb":{"@id":"https:\/\/www.wakonda.eu\/pt-br\/alimentacao-animal\/#breadcrumb"},"inLanguage":"pt-BR","potentialAction":[{"@type":"ReadAction","target":["https:\/\/www.wakonda.eu\/pt-br\/alimentacao-animal\/"]}]},{"@type":"BreadcrumbList","@id":"https:\/\/www.wakonda.eu\/pt-br\/alimentacao-animal\/#breadcrumb","itemListElement":[{"@type":"ListItem","position":1,"name":"Home","item":"https:\/\/www.wakonda.eu\/pt-br\/"},{"@type":"ListItem","position":2,"name":"Alimenta\u00e7\u00e3o animal"}]},{"@type":"WebSite","@id":"https:\/\/www.wakonda.eu\/#website","url":"https:\/\/www.wakonda.eu\/","name":"Wakonda","description":"","publisher":{"@id":"https:\/\/www.wakonda.eu\/#organization"},"potentialAction":[{"@type":"SearchAction","target":{"@type":"EntryPoint","urlTemplate":"https:\/\/www.wakonda.eu\/?s={search_term_string}"},"query-input":{"@type":"PropertyValueSpecification","valueRequired":true,"valueName":"search_term_string"}}],"inLanguage":"pt-BR"},{"@type":"Organization","@id":"https:\/\/www.wakonda.eu\/#organization","name":"Wakonda","url":"https:\/\/www.wakonda.eu\/","logo":{"@type":"ImageObject","inLanguage":"pt-BR","@id":"https:\/\/www.wakonda.eu\/#\/schema\/logo\/image\/","url":"https:\/\/www.wakonda.eu\/wp-content\/uploads\/sites\/39\/2023\/05\/cropped-logo_wakonda.png","contentUrl":"https:\/\/www.wakonda.eu\/wp-content\/uploads\/sites\/39\/2023\/05\/cropped-logo_wakonda.png","width":256,"height":57,"caption":"Wakonda"},"image":{"@id":"https:\/\/www.wakonda.eu\/#\/schema\/logo\/image\/"}}]}},"_links":{"self":[{"href":"https:\/\/www.wakonda.eu\/pt-br\/wp-json\/wp\/v2\/pages\/2948","targetHints":{"allow":["GET"]}}],"collection":[{"href":"https:\/\/www.wakonda.eu\/pt-br\/wp-json\/wp\/v2\/pages"}],"about":[{"href":"https:\/\/www.wakonda.eu\/pt-br\/wp-json\/wp\/v2\/types\/page"}],"author":[{"embeddable":true,"href":"https:\/\/www.wakonda.eu\/pt-br\/wp-json\/wp\/v2\/users\/25"}],"replies":[{"embeddable":true,"href":"https:\/\/www.wakonda.eu\/pt-br\/wp-json\/wp\/v2\/comments?post=2948"}],"version-history":[{"count":3,"href":"https:\/\/www.wakonda.eu\/pt-br\/wp-json\/wp\/v2\/pages\/2948\/revisions"}],"predecessor-version":[{"id":3366,"href":"https:\/\/www.wakonda.eu\/pt-br\/wp-json\/wp\/v2\/pages\/2948\/revisions\/3366"}],"wp:attachment":[{"href":"https:\/\/www.wakonda.eu\/pt-br\/wp-json\/wp\/v2\/media?parent=2948"}],"curies":[{"name":"wp","href":"https:\/\/api.w.org\/{rel}","templated":true}]}}